{"id":247408,"date":"2022-09-05T10:59:29","date_gmt":"2022-09-05T08:59:29","guid":{"rendered":"https:\/\/plastsave.de\/economia-circular\/"},"modified":"2022-09-05T10:59:30","modified_gmt":"2022-09-05T08:59:30","slug":"economia-circular","status":"publish","type":"page","link":"https:\/\/plastsave.de\/es\/economia-circular\/","title":{"rendered":"Econom\u00eda circular"},"content":{"rendered":"<p>[et_pb_section fb_built=\u00bb1&#8243; _builder_version=\u00bb4.16&#8243; _module_preset=\u00bbdefault\u00bb use_background_color_gradient=\u00bbon\u00bb background_color_gradient_stops=\u00bb#4872a1 0%|#0c71c3 100%\u00bb background_color_gradient_start=\u00bb#4872a1&#8243; background_color_gradient_end=\u00bb#0c71c3&#8243; background_image=\u00bbhttps:\/\/plastsave.de\/wp-content\/uploads\/2021\/10\/circle-background-pattern.png\u00bb custom_padding=\u00bb12px||9px|||\u00bb global_colors_info=\u00bb{}\u00bb][et_pb_row _builder_version=\u00bb4.16&#8243; _module_preset=\u00bbdefault\u00bb custom_padding=\u00bb8px||8px|||\u00bb global_colors_info=\u00bb{}\u00bb][et_pb_column type=\u00bb4_4&#8243; _builder_version=\u00bb4.16&#8243; _module_preset=\u00bbdefault\u00bb global_colors_info=\u00bb{}\u00bb][et_pb_text _builder_version=\u00bb4.16&#8243; _module_preset=\u00bbdefault\u00bb text_font=\u00bbMontserrat|700|||||||\u00bb header_font=\u00bbMontserrat|600|||||||\u00bb header_text_color=\u00bb#FFFFFF\u00bb header_font_size=\u00bb26px\u00bb header_line_height=\u00bb1.1em\u00bb header_2_font=\u00bbMontserrat||||||||\u00bb header_2_text_color=\u00bb#FFFFFF\u00bb header_2_font_size=\u00bb17px\u00bb header_2_line_height=\u00bb1.1em\u00bb global_colors_info=\u00bb{}\u00bb]<\/p>\n<h1>Econom\u00eda circular?<\/h1>\n<h2>No realmente, \u00bfverdad?<\/h2>\n<p>[\/et_pb_text][\/et_pb_column][\/et_pb_row][\/et_pb_section][et_pb_section fb_built=\u00bb1&#8243; admin_label=\u00bbKreislaufende\u00bb _builder_version=\u00bb4.16&#8243; _module_preset=\u00bbdefault\u00bb background_enable_image=\u00bboff\u00bb custom_padding=\u00bb14px||12px|||\u00bb global_colors_info=\u00bb{}\u00bb][et_pb_row _builder_version=\u00bb4.16&#8243; _module_preset=\u00bbdefault\u00bb custom_padding=\u00bb||10px|||\u00bb global_colors_info=\u00bb{}\u00bb][et_pb_column type=\u00bb4_4&#8243; _builder_version=\u00bb4.16&#8243; _module_preset=\u00bbdefault\u00bb global_colors_info=\u00bb{}\u00bb][et_pb_image src=\u00bbhttps:\/\/plastsave.de\/wp-content\/uploads\/2021\/10\/Shopping_Banner_1400_500.png\u00bb title_text=\u00bbCompras_Banner_1400_500&#8243; _builder_version=\u00bb4.16&#8243; _module_preset=\u00bbdefault\u00bb global_colors_info=\u00bb{}\u00bb][\/et_pb_image][et_pb_text _builder_version=\u00bb4.16&#8243; _module_preset=\u00bbdefault\u00bb text_font=\u00bbMontserrat||||||||\u00bb header_font=\u00bbMontserrat|700|||||||\u00bb header_text_color=\u00bb#FFFFFF\u00bb header_font_size=\u00bb40px\u00bb header_2_font=\u00bbMontserrat||||||||\u00bb header_2_text_color=\u00bb#000000&#8243; text_orientation=\u00bbjustified\u00bb custom_margin=\u00bb||8px|||\u00bb custom_padding=\u00bb||0px|||\u00bb global_colors_info=\u00bb{}\u00bb]<\/p>\n<p>Las plantas de tratamiento mec\u00e1nico-biol\u00f3gico de residuos (TBM) son para muchos municipios a nivel nacional e internacional el punto de contacto de los residuos generados por sus ciudadanos. Despu\u00e9s de la clasificaci\u00f3n previa por parte del MBA, aqu\u00ed se determina el uso posterior. Esto suele definirse entonces en forma de destrucci\u00f3n total, sin volver a mirar los posibles usos.<\/p>\n<p>A partir de aqu\u00ed, la Ley de Ciclo Cerrado de Sustancias tiene la oportunidad de permitir que los pl\u00e1sticos reciclables contenidos en los residuos municipales \u201cacaben con el estatus de residuo\u201d.<\/p>\n<p>[\/et_pb_text][\/et_pb_column][\/et_pb_row][\/et_pb_section][et_pb_section fb_built=\u00bb1&#8243; admin_label=\u00bbKreislaufende\u00bb _builder_version=\u00bb4.18.0&#8243; _module_preset=\u00bbdefault\u00bb background_color=\u00bb#f7f7f7&#8243; background_image=\u00bbhttps:\/\/plastsave.de\/wp-content\/uploads\/2021\/10\/circle-background-pattern.png\u00bb custom_padding=\u00bb14px||12px|||\u00bb global_colors_info=\u00bb{}\u00bb][et_pb_row _builder_version=\u00bb4.16&#8243; _module_preset=\u00bbdefault\u00bb custom_padding=\u00bb10px||2px|||\u00bb global_colors_info=\u00bb{}\u00bb][et_pb_column type=\u00bb4_4&#8243; _builder_version=\u00bb4.16&#8243; _module_preset=\u00bbdefault\u00bb global_colors_info=\u00bb{}\u00bb][et_pb_image src=\u00bbhttps:\/\/plastsave.de\/wp-content\/uploads\/2021\/10\/Kreislauf_1200_700.png\u00bb title_text=\u00bbCircuito_1200_700&#8243; _builder_version=\u00bb4.16&#8243; _module_preset=\u00bbdefault\u00bb custom_margin=\u00bb||19px|||\u00bb global_colors_info=\u00bb{}\u00bb][\/et_pb_image][et_pb_text _builder_version=\u00bb4.16&#8243; _module_preset=\u00bbdefault\u00bb text_font=\u00bbMontserrat||||||||\u00bb text_orientation=\u00bbjustified\u00bb global_colors_info=\u00bb{}\u00bb]<\/p>\n<p>Las plantas de incineraci\u00f3n solo pueden quemar de forma incompleta. Asimismo, la oxidaci\u00f3n es s\u00f3lo incompleta, es decir, se liberan numerosas toxinas org\u00e1nicas halogenadas &#8211; adem\u00e1s de las cloradas, tambi\u00e9n hay dioxinas\/furanos bromados, fluorados y mixtos halogenados. El rendimiento energ\u00e9tico de la utilizaci\u00f3n t\u00e9rmica es solo un escaso 30-40%.<\/p>\n<p>La emisi\u00f3n de dioxinas, metales pesados, material particulado, etc. plantea riesgos para la salud que van desde un mayor riesgo de c\u00e1ncer hasta problemas respiratorios, enfermedades card\u00edacas, da\u00f1o al sistema inmunol\u00f3gico y reacciones al\u00e9rgicas a anomal\u00edas cong\u00e9nitas. Una planta de incineraci\u00f3n de residuos es comparable a un enorme reactor en el que acaban decenas de miles de productos qu\u00edmicos diferentes. \u00a1Es t\u00e9cnicamente imposible controlar todas las conexiones creadas all\u00ed! De todo este c\u00f3ctel de contaminantes, las autoridades reguladoras solo miden unos 15 contaminantes; para muchas sustancias que han demostrado ser nocivas, solo existen valores l\u00edmite. No puede haber una tecnolog\u00eda de filtrado que filtre \u00ablibre de veneno\u00bb los productos de reacci\u00f3n de 10 a la potencia de 26-28 de reacciones radicales y en cadena de radicales que se forman por segundo en el gas de combusti\u00f3n.<\/p>\n<p><em>(Contenido f\u00e1ctico tomado de publicaciones de estudios sobre la instalaci\u00f3n de una planta de incineraci\u00f3n de residuos en Trostberg y Schelklingen. La construcci\u00f3n y, por lo tanto, la instalaci\u00f3n se impidieron mediante referendos).<\/em><\/p>\n<p>[\/et_pb_text][\/et_pb_column][\/et_pb_row][\/et_pb_section][et_pb_section fb_built=\u00bb1&#8243; admin_label=\u00bbgrauer Hintergrund\u00bb _builder_version=\u00bb4.18.0&#8243; _module_preset=\u00bbdefault\u00bb background_color=\u00bbRGBA(255,255,255,0)\u00bb custom_padding=\u00bb12px||15px|||\u00bb hover_enabled=\u00bb0&#8243; global_colors_info=\u00bb{}\u00bb background_enable_image=\u00bboff\u00bb sticky_enabled=\u00bb0&#8243;][et_pb_row _builder_version=\u00bb4.16&#8243; _module_preset=\u00bbdefault\u00bb custom_padding=\u00bb10px||14px|||\u00bb global_colors_info=\u00bb{}\u00bb][et_pb_column type=\u00bb4_4&#8243; _builder_version=\u00bb4.16&#8243; _module_preset=\u00bbdefault\u00bb global_colors_info=\u00bb{}\u00bb][et_pb_text _builder_version=\u00bb4.16&#8243; _module_preset=\u00bbdefault\u00bb text_font=\u00bbMontserrat|500|||||||\u00bb header_2_font=\u00bbMontserrat|600|||||||\u00bb header_2_text_align=\u00bbcenter\u00bb header_2_text_color=\u00bbrgba(0,0,0,0.63)\u00bb header_2_font_size=\u00bb17px\u00bb header_2_line_height=\u00bb1.5em\u00bb text_orientation=\u00bbcenter\u00bb custom_margin=\u00bb||13px|||\u00bb global_colors_info=\u00bb{}\u00bb]<\/p>\n<h2>El reciclaje de pl\u00e1stico de los residuos municipales tambi\u00e9n puede significar evitar el desperdicio.<\/h2>\n<p>[\/et_pb_text][et_pb_image src=\u00bbhttps:\/\/plastsave.de\/wp-content\/uploads\/2021\/10\/Kreislauf_transparent.png\u00bb title_text=\u00bbciclo_transparente\u00bb _builder_version=\u00bb4.16&#8243; _module_preset=\u00bbdefault\u00bb custom_margin=\u00bb||10px|||\u00bb global_colors_info=\u00bb{}\u00bb][\/et_pb_image][et_pb_text _builder_version=\u00bb4.16&#8243; _module_preset=\u00bbdefault\u00bb text_font=\u00bbMontserrat|300|||||||\u00bb header_3_font=\u00bbMontserrat|600|||||||\u00bb header_3_font_size=\u00bb18px\u00bb text_orientation=\u00bbcenter\u00bb global_colors_info=\u00bb{}\u00bb]<\/p>\n<h3>Para que sea un c\u00edrculo&#8230;<\/h3>\n<h3>&#8230;y se queda<\/h3>\n<p>[\/et_pb_text][\/et_pb_column][\/et_pb_row][\/et_pb_section][et_pb_section fb_built=\u00bb1&#8243; admin_label=\u00bbgrauer Hintergrund\u00bb _builder_version=\u00bb4.18.0&#8243; _module_preset=\u00bbdefault\u00bb background_color=\u00bb#f7f7f7&#8243; custom_padding=\u00bb12px||21px|||\u00bb hover_enabled=\u00bb0&#8243; global_colors_info=\u00bb{}\u00bb sticky_enabled=\u00bb0&#8243; title_text=\u00bbcircle-background-pattern\u00bb background_image=\u00bbhttps:\/\/plastsave.de\/wp-content\/uploads\/2021\/10\/circle-background-pattern.png\u00bb][et_pb_row column_structure=\u00bb1_2,1_2&#8243; _builder_version=\u00bb4.16&#8243; _module_preset=\u00bbdefault\u00bb custom_padding=\u00bb13px|||||\u00bb global_colors_info=\u00bb{}\u00bb][et_pb_column type=\u00bb1_2&#8243; _builder_version=\u00bb4.16&#8243; _module_preset=\u00bbdefault\u00bb global_colors_info=\u00bb{}\u00bb][et_pb_text _builder_version=\u00bb4.18.0&#8243; _module_preset=\u00bbdefault\u00bb text_font=\u00bbMontserrat||||||||\u00bb header_2_font=\u00bbMontserrat|700|||||||\u00bb header_2_text_align=\u00bbcenter\u00bb header_2_text_color=\u00bbrgba(0,0,0,0.63)\u00bb header_2_line_height=\u00bb1.5em\u00bb text_orientation=\u00bbjustified\u00bb custom_margin=\u00bb||13px|||\u00bb global_colors_info=\u00bb{}\u00bb]<\/p>\n<p>En los \u00faltimos cinco a\u00f1os, se han construido 25 nuevas plantas de MBA en Europa. En promedio, entr\u00f3 en operaci\u00f3n una capacidad de alrededor de 2,2 millones de toneladas por a\u00f1o. En total, alrededor de 570 plantas MBA est\u00e1n en funcionamiento en Europa a principios de 2017. Estos tienen una capacidad de tratamiento de 55 millones de toneladas de residuos. (la informaci\u00f3n fue tomada del estudio Ecoprog de 2017)<\/p>\n<p>[\/et_pb_text][et_pb_text _builder_version=\u00bb4.18.0&#8243; _module_preset=\u00bbdefault\u00bb text_font=\u00bbMontserrat||||||||\u00bb header_2_font=\u00bbMontserrat|700|||||||\u00bb header_2_text_align=\u00bbcenter\u00bb header_2_text_color=\u00bbrgba(0,0,0,0.63)\u00bb header_2_line_height=\u00bb1.5em\u00bb text_orientation=\u00bbjustified\u00bb custom_margin=\u00bb||13px|||\u00bb global_colors_info=\u00bb{}\u00bb]<\/p>\n<p>La exportaci\u00f3n de la protecci\u00f3n del medio ambiente tambi\u00e9n se sugiere en el informe del Fraunhofer ISI encargado por la Agencia Federal de Medio Ambiente: Innovaciones medioambientales made in Germany: \u00bfQu\u00e9 contribuci\u00f3n se puede hacer a la consecuci\u00f3n de los Objetivos de Desarrollo Sostenible?<\/p>\n<p>[\/et_pb_text][\/et_pb_column][et_pb_column type=\u00bb1_2&#8243; _builder_version=\u00bb4.16&#8243; _module_preset=\u00bbdefault\u00bb global_colors_info=\u00bb{}\u00bb][et_pb_image src=\u00bbhttps:\/\/plastsave.de\/wp-content\/uploads\/2021\/10\/Bild1.png\u00bb title_text=\u00bbImagen 1&#8243; _builder_version=\u00bb4.16&#8243; _module_preset=\u00bbdefault\u00bb custom_margin=\u00bb||10px|||\u00bb global_colors_info=\u00bb{}\u00bb][\/et_pb_image][\/et_pb_column][\/et_pb_row][\/et_pb_section][et_pb_section fb_built=\u00bb1&#8243; admin_label=\u00bbKreislaufende\u00bb _builder_version=\u00bb4.16&#8243; _module_preset=\u00bbdefault\u00bb background_enable_image=\u00bboff\u00bb custom_padding=\u00bb11px||12px|||\u00bb global_colors_info=\u00bb{}\u00bb][et_pb_row _builder_version=\u00bb4.16&#8243; _module_preset=\u00bbdefault\u00bb custom_padding=\u00bb15px||12px|||\u00bb global_colors_info=\u00bb{}\u00bb][et_pb_column type=\u00bb4_4&#8243; _builder_version=\u00bb4.16&#8243; _module_preset=\u00bbdefault\u00bb global_colors_info=\u00bb{}\u00bb][et_pb_image src=\u00bbhttps:\/\/plastsave.de\/wp-content\/uploads\/2021\/10\/Recycle-Logo_transparent.png\u00bb title_text=\u00bbReciclar Logo_transparente\u00bb _builder_version=\u00bb4.16&#8243; _module_preset=\u00bbdefault\u00bb width=\u00bb50%\u00bb max_width=\u00bb50%\u00bb module_alignment=\u00bbcenter\u00bb custom_margin=\u00bb||6px|||\u00bb custom_padding=\u00bb||0px|||\u00bb global_colors_info=\u00bb{}\u00bb][\/et_pb_image][et_pb_text _builder_version=\u00bb4.16&#8243; _module_preset=\u00bbdefault\u00bb text_font=\u00bbMontserrat|500|||||||\u00bb header_text_color=\u00bb#000000&#8243; header_2_font=\u00bbMontserrat|600|||||||\u00bb header_2_text_align=\u00bbcenter\u00bb header_2_font_size=\u00bb20px\u00bb header_2_line_height=\u00bb1.5em\u00bb text_orientation=\u00bbcenter\u00bb custom_margin=\u00bb||13px|||\u00bb custom_padding=\u00bb||0px|||\u00bb global_colors_info=\u00bb{}\u00bb]<\/p>\n<h2>\u00a1La segunda oportunidad de todos!<\/h2>\n<p>[\/et_pb_text][\/et_pb_column][\/et_pb_row][\/et_pb_section]<\/p>\n","protected":false},"excerpt":{"rendered":"<p>Econom\u00eda circular? No realmente, \u00bfverdad?Las plantas de tratamiento mec\u00e1nico-biol\u00f3gico de residuos (TBM) son para muchos municipios a nivel nacional e internacional el punto de contacto de los residuos generados por sus ciudadanos. Despu\u00e9s de la clasificaci\u00f3n previa por parte del MBA, aqu\u00ed se determina el uso posterior. Esto suele definirse entonces en forma de destrucci\u00f3n [&hellip;]<\/p>\n","protected":false},"author":1,"featured_media":0,"parent":0,"menu_order":0,"comment_status":"closed","ping_status":"closed","template":"","meta":{"_et_pb_use_builder":"on","_et_pb_old_content":"","_et_gb_content_width":"","footnotes":""},"class_list":["post-247408","page","type-page","status-publish","hentry"],"_links":{"self":[{"href":"https:\/\/plastsave.de\/es\/wp-json\/wp\/v2\/pages\/247408","targetHints":{"allow":["GET"]}}],"collection":[{"href":"https:\/\/plastsave.de\/es\/wp-json\/wp\/v2\/pages"}],"about":[{"href":"https:\/\/plastsave.de\/es\/wp-json\/wp\/v2\/types\/page"}],"author":[{"embeddable":true,"href":"https:\/\/plastsave.de\/es\/wp-json\/wp\/v2\/users\/1"}],"replies":[{"embeddable":true,"href":"https:\/\/plastsave.de\/es\/wp-json\/wp\/v2\/comments?post=247408"}],"version-history":[{"count":2,"href":"https:\/\/plastsave.de\/es\/wp-json\/wp\/v2\/pages\/247408\/revisions"}],"predecessor-version":[{"id":247410,"href":"https:\/\/plastsave.de\/es\/wp-json\/wp\/v2\/pages\/247408\/revisions\/247410"}],"wp:attachment":[{"href":"https:\/\/plastsave.de\/es\/wp-json\/wp\/v2\/media?parent=247408"}],"curies":[{"name":"wp","href":"https:\/\/api.w.org\/{rel}","templated":true}]}}