{"id":25631,"date":"2022-02-04T14:49:04","date_gmt":"2022-02-04T13:49:04","guid":{"rendered":"https:\/\/plastsave.de\/equipo\/"},"modified":"2022-02-04T15:03:02","modified_gmt":"2022-02-04T14:03:02","slug":"equipo","status":"publish","type":"page","link":"https:\/\/plastsave.de\/es\/equipo\/","title":{"rendered":"equipo"},"content":{"rendered":"<p>[et_pb_section fb_built=\u00bb1&#8243; _builder_version=\u00bb4.11.2&#8243; _module_preset=\u00bbdefault\u00bb use_background_color_gradient=\u00bbon\u00bb background_color_gradient_start=\u00bb#4872a1&#8243; background_color_gradient_end=\u00bb#0c71c3&#8243; background_image=\u00bbhttps:\/\/plastsave.de\/wp-content\/uploads\/2021\/10\/circle-background-pattern.png\u00bb custom_padding=\u00bb15px||12px|||\u00bb global_colors_info=\u00bb{}\u00bb][et_pb_row _builder_version=\u00bb4.11.2&#8243; _module_preset=\u00bbdefault\u00bb custom_padding=\u00bb16px||11px|||\u00bb global_colors_info=\u00bb{}\u00bb][et_pb_column type=\u00bb4_4&#8243; _builder_version=\u00bb4.11.2&#8243; _module_preset=\u00bbdefault\u00bb global_colors_info=\u00bb{}\u00bb][et_pb_text _builder_version=\u00bb4.13.0&#8243; _module_preset=\u00bbdefault\u00bb text_font=\u00bbMontserrat|700|||||||\u00bb header_font=\u00bbMontserrat|600|||||||\u00bb header_text_color=\u00bb#FFFFFF\u00bb global_colors_info=\u00bb{}\u00bb]<\/p>\n<h1>Las mentes detr\u00e1s de \u00abplastsave\u00bb Umwelttechnik KG<\/h1>\n<p>[\/et_pb_text][\/et_pb_column][\/et_pb_row][\/et_pb_section][et_pb_section fb_built=\u00bb1&#8243; _builder_version=\u00bb4.11.2&#8243; _module_preset=\u00bbdefault\u00bb background_enable_image=\u00bboff\u00bb custom_padding=\u00bb16px||21px|||\u00bb global_colors_info=\u00bb{}\u00bb][et_pb_row _builder_version=\u00bb4.11.2&#8243; _module_preset=\u00bbdefault\u00bb custom_padding=\u00bb15px||13px|||\u00bb global_colors_info=\u00bb{}\u00bb][et_pb_column type=\u00bb4_4&#8243; _builder_version=\u00bb4.11.2&#8243; _module_preset=\u00bbdefault\u00bb global_colors_info=\u00bb{}\u00bb][et_pb_text _builder_version=\u00bb4.13.0&#8243; _module_preset=\u00bbdefault\u00bb text_font=\u00bbMontserrat||||||||\u00bb header_font=\u00bbMontserrat|700|||||||\u00bb header_text_color=\u00bb#FFFFFF\u00bb header_font_size=\u00bb40px\u00bb header_2_font=\u00bbMontserrat||||||||\u00bb header_2_text_color=\u00bb#000000&#8243; header_3_font=\u00bbMontserrat||||||||\u00bb header_4_font=\u00bbMontserrat||||||||\u00bb text_orientation=\u00bbjustified\u00bb global_colors_info=\u00bb{}\u00bb]<\/p>\n<p>Todas las personas involucradas en la empresa, como Ulrich Winkler y Willi M\u00f6ller, aportan sus conocimientos, experiencia y calificaciones a la empresa.<\/p>\n<p>Ulrich Winkler cuenta con 33 a\u00f1os de cooperaci\u00f3n con empresas internacionales en la industria de los pl\u00e1sticos y su formaci\u00f3n en derecho fiscal, serigraf\u00eda y estudios VWA en administraci\u00f3n de empresas. Como autodidacta, desarroll\u00f3 inventos para la limpieza y decapado de poliolefinas. Despu\u00e9s de casi seis a\u00f1os de examen continuo y toma de decisiones en la DPMA, se le otorg\u00f3 una patente para su invenci\u00f3n.<\/p>\n<p>Willi M\u00f6ller ingresa a la empresa con su calificaci\u00f3n de 30 a\u00f1os como asesor fiscal y auditor.<\/p>\n<p>[\/et_pb_text][\/et_pb_column][\/et_pb_row][\/et_pb_section][et_pb_section fb_built=\u00bb1&#8243; _builder_version=\u00bb4.11.2&#8243; _module_preset=\u00bbdefault\u00bb background_color=\u00bb#f7f7f7&#8243; background_image=\u00bbhttps:\/\/plastsave.de\/wp-content\/uploads\/2021\/10\/circle-background-pattern.png\u00bb custom_padding=\u00bb21px||16px|||\u00bb global_colors_info=\u00bb{}\u00bb][et_pb_row column_structure=\u00bb1_3,1_3,1_3&#8243; _builder_version=\u00bb4.11.4&#8243; _module_preset=\u00bbdefault\u00bb custom_padding=\u00bb||11px|||\u00bb global_colors_info=\u00bb{}\u00bb][et_pb_column type=\u00bb1_3&#8243; _builder_version=\u00bb4.11.4&#8243; _module_preset=\u00bbdefault\u00bb global_colors_info=\u00bb{}\u00bb][dnxte_person teamperson_image=\u00bbhttps:\/\/plastsave.de\/wp-content\/uploads\/2021\/10\/Ulrich_Winkler_Foto.png\u00bb teamperson_name=\u00bbUlrich Winkler\u00bb teamperson_position=\u00bbCEO y fundador\u00bb person_alignment=\u00bbcenter\u00bb person_top=\u00bbtop-center\u00bb person_title_margin=\u00bb15px||||false|false\u00bb _builder_version=\u00bb4.14.7&#8243; _module_preset=\u00bbdefault\u00bb header_font=\u00bbMontserrat|700|||||||\u00bb header_text_align=\u00bbcenter\u00bb body_font=\u00bbMontserrat||||||||\u00bb body_text_align=\u00bbleft\u00bb position_font=\u00bbMontserrat||||||||\u00bb position_text_align=\u00bbcenter\u00bb hover_enabled=\u00bb0&#8243; border_radii_image=\u00bbon|15px|15px|15px|15px\u00bb border_radii_content_border=\u00bbon|15px|15px|15px|15px\u00bb global_colors_info=\u00bb{}\u00bb sticky_enabled=\u00bb0&#8243;][\/dnxte_person][\/et_pb_column][et_pb_column type=\u00bb1_3&#8243; _builder_version=\u00bb4.11.4&#8243; _module_preset=\u00bbdefault\u00bb global_colors_info=\u00bb{}\u00bb][dnxte_person teamperson_image=\u00bbhttps:\/\/plastsave.de\/wp-content\/uploads\/2021\/10\/Willi_Moeller_Foto-3.png\u00bb teamperson_name=\u00bbWilli M\u00f6ller\u00bb teamperson_position=\u00bbConsultor de impuestos CPA\u00bb person_alignment=\u00bbcenter\u00bb person_top=\u00bbtop-center\u00bb person_title_margin=\u00bb15px||||false|false\u00bb _builder_version=\u00bb4.14.7&#8243; _module_preset=\u00bbdefault\u00bb header_font=\u00bbMontserrat|700|||||||\u00bb header_text_align=\u00bbcenter\u00bb body_font=\u00bbMontserrat||||||||\u00bb body_text_align=\u00bbleft\u00bb position_font=\u00bbMontserrat||||||||\u00bb position_text_align=\u00bbcenter\u00bb hover_enabled=\u00bb0&#8243; border_radii_image=\u00bbon|15px|15px|15px|15px\u00bb border_radii_content_border=\u00bbon|15px|15px|15px|15px\u00bb global_colors_info=\u00bb{}\u00bb sticky_enabled=\u00bb0&#8243;][\/dnxte_person][\/et_pb_column][et_pb_column type=\u00bb1_3&#8243; _builder_version=\u00bb4.11.4&#8243; _module_preset=\u00bbdefault\u00bb global_colors_info=\u00bb{}\u00bb][dnxte_person teamperson_image=\u00bbhttps:\/\/plastsave.de\/wp-content\/uploads\/2021\/10\/Markolf_Schmidt_Foto.png\u00bb teamperson_name=\u00bbMarkolf Schmidt\u00bb teamperson_position=\u00bbAbogado a nivel nacional en derecho bancario y mercado de capitales\u00bb person_alignment=\u00bbcenter\u00bb person_top=\u00bbtop-center\u00bb person_title_margin=\u00bb15px||||false|false\u00bb _builder_version=\u00bb4.14.7&#8243; _module_preset=\u00bbdefault\u00bb header_font=\u00bbMontserrat|700|||||||\u00bb header_text_align=\u00bbcenter\u00bb body_font=\u00bbMontserrat||||||||\u00bb body_text_align=\u00bbleft\u00bb position_font=\u00bbMontserrat||||||||\u00bb position_text_align=\u00bbcenter\u00bb hover_enabled=\u00bb0&#8243; border_radii_image=\u00bbon|15px|15px|15px|15px\u00bb border_radii_content_border=\u00bbon|15px|15px|15px|15px\u00bb global_colors_info=\u00bb{}\u00bb sticky_enabled=\u00bb0&#8243;][\/dnxte_person][\/et_pb_column][\/et_pb_row][\/et_pb_section]<\/p>\n","protected":false},"excerpt":{"rendered":"<p>Las mentes detr\u00e1s de \u00abplastsave\u00bb Umwelttechnik KGTodas las personas involucradas en la empresa, como Ulrich Winkler y Willi M\u00f6ller, aportan sus conocimientos, experiencia y calificaciones a la empresa. Ulrich Winkler cuenta con 33 a\u00f1os de cooperaci\u00f3n con empresas internacionales en la industria de los pl\u00e1sticos y su formaci\u00f3n en derecho fiscal, serigraf\u00eda y estudios VWA [&hellip;]<\/p>\n","protected":false},"author":1,"featured_media":0,"parent":0,"menu_order":0,"comment_status":"closed","ping_status":"closed","template":"","meta":{"_et_pb_use_builder":"on","_et_pb_old_content":"","_et_gb_content_width":"","footnotes":""},"class_list":["post-25631","page","type-page","status-publish","hentry"],"_links":{"self":[{"href":"https:\/\/plastsave.de\/es\/wp-json\/wp\/v2\/pages\/25631","targetHints":{"allow":["GET"]}}],"collection":[{"href":"https:\/\/plastsave.de\/es\/wp-json\/wp\/v2\/pages"}],"about":[{"href":"https:\/\/plastsave.de\/es\/wp-json\/wp\/v2\/types\/page"}],"author":[{"embeddable":true,"href":"https:\/\/plastsave.de\/es\/wp-json\/wp\/v2\/users\/1"}],"replies":[{"embeddable":true,"href":"https:\/\/plastsave.de\/es\/wp-json\/wp\/v2\/comments?post=25631"}],"version-history":[{"count":3,"href":"https:\/\/plastsave.de\/es\/wp-json\/wp\/v2\/pages\/25631\/revisions"}],"predecessor-version":[{"id":25667,"href":"https:\/\/plastsave.de\/es\/wp-json\/wp\/v2\/pages\/25631\/revisions\/25667"}],"wp:attachment":[{"href":"https:\/\/plastsave.de\/es\/wp-json\/wp\/v2\/media?parent=25631"}],"curies":[{"name":"wp","href":"https:\/\/api.w.org\/{rel}","templated":true}]}}