{"id":25659,"date":"2022-02-04T14:57:45","date_gmt":"2022-02-04T13:57:45","guid":{"rendered":"https:\/\/plastsave.de\/imprimir\/"},"modified":"2022-06-29T06:13:00","modified_gmt":"2022-06-29T04:13:00","slug":"imprimir","status":"publish","type":"page","link":"https:\/\/plastsave.de\/es\/imprimir\/","title":{"rendered":"Imprimir"},"content":{"rendered":"<p>[et_pb_section fb_built=\u00bb1&#8243; _builder_version=\u00bb4.16&#8243; _module_preset=\u00bbdefault\u00bb use_background_color_gradient=\u00bbon\u00bb background_color_gradient_stops=\u00bb#4872a1 0%|#0c71c3 100%\u00bb background_color_gradient_start=\u00bb#4872a1&#8243; background_color_gradient_end=\u00bb#0c71c3&#8243; background_image=\u00bbhttps:\/\/plastsave.de\/wp-content\/uploads\/2021\/10\/circle-background-pattern.png\u00bb custom_padding=\u00bb14px||2px|||\u00bb global_colors_info=\u00bb{}\u00bb][et_pb_row _builder_version=\u00bb4.16&#8243; _module_preset=\u00bbdefault\u00bb custom_padding=\u00bb13px||10px|||\u00bb global_colors_info=\u00bb{}\u00bb][et_pb_column type=\u00bb4_4&#8243; _builder_version=\u00bb4.16&#8243; _module_preset=\u00bbdefault\u00bb global_colors_info=\u00bb{}\u00bb][et_pb_text _builder_version=\u00bb4.16&#8243; _module_preset=\u00bbdefault\u00bb text_font=\u00bbMontserrat|700|||||||\u00bb header_font=\u00bbMontserrat|600|||||||\u00bb header_text_color=\u00bb#FFFFFF\u00bb global_colors_info=\u00bb{}\u00bb]<\/p>\n<h1>Imprimir<\/h1>\n<p>[\/et_pb_text][et_pb_text _builder_version=\u00bb4.16&#8243; _module_preset=\u00bbdefault\u00bb text_font=\u00bbMontserrat|700|||||||\u00bb header_font=\u00bbMontserrat|700|||||||\u00bb header_text_color=\u00bb#FFFFFF\u00bb header_font_size=\u00bb40px\u00bb header_2_font=\u00bbMontserrat||||||||\u00bb header_2_text_color=\u00bb#FFFFFF\u00bb header_2_font_size=\u00bb20px\u00bb global_colors_info=\u00bb{}\u00bb]<\/p>\n<h2>Identificaci\u00f3n del proveedor<\/h2>\n<p>[\/et_pb_text][\/et_pb_column][\/et_pb_row][\/et_pb_section][et_pb_section fb_built=\u00bb1&#8243; _builder_version=\u00bb4.16&#8243; _module_preset=\u00bbdefault\u00bb background_enable_image=\u00bboff\u00bb custom_padding=\u00bb10px||9px|||\u00bb global_colors_info=\u00bb{}\u00bb][et_pb_row _builder_version=\u00bb4.16&#8243; _module_preset=\u00bbdefault\u00bb global_colors_info=\u00bb{}\u00bb][et_pb_column type=\u00bb4_4&#8243; _builder_version=\u00bb4.16&#8243; _module_preset=\u00bbdefault\u00bb global_colors_info=\u00bb{}\u00bb][et_pb_text _builder_version=\u00bb4.16&#8243; _module_preset=\u00bbdefault\u00bb text_font=\u00bbMontserrat|700|||||||\u00bb header_font=\u00bbMontserrat|600|||||||\u00bb header_text_color=\u00bb#000000&#8243; header_font_size=\u00bb25px\u00bb global_colors_info=\u00bb{}\u00bb]<\/p>\n<h1>Identificaci\u00f3n del proveedor legal<\/h1>\n<p>[\/et_pb_text][et_pb_text _builder_version=\u00bb4.16&#8243; _module_preset=\u00bbdefault\u00bb text_font=\u00bbMontserrat|700|||||||\u00bb header_font=\u00bbMontserrat|700|||||||\u00bb header_text_color=\u00bb#FFFFFF\u00bb header_font_size=\u00bb40px\u00bb header_2_font=\u00bbMontserrat||||||||\u00bb header_2_text_color=\u00bb#000000&#8243; header_2_font_size=\u00bb17px\u00bb global_colors_info=\u00bb{}\u00bb]<\/p>\n<h2><span>Este sitio web es operado por \u00abplastsave\u00bb Umwelttechnik KG:<\/span><\/h2>\n<p>[\/et_pb_text][et_pb_text _builder_version=\u00bb4.17.4&#8243; _module_preset=\u00bbdefault\u00bb text_font=\u00bbMontserrat||||||||\u00bb text_line_height=\u00bb1.2em\u00bb header_font=\u00bbMontserrat|700|||||||\u00bb header_text_color=\u00bb#FFFFFF\u00bb header_font_size=\u00bb40px\u00bb header_2_font=\u00bbMontserrat||||||||\u00bb header_2_text_color=\u00bb#000000&#8243; header_3_font=\u00bbMontserrat||||||||\u00bb header_4_font=\u00bbMontserrat||||||||\u00bb hover_enabled=\u00bb0&#8243; global_colors_info=\u00bb{}\u00bb sticky_enabled=\u00bb0&#8243;]<\/p>\n<p><strong><span style=\"text-decoration: underline;\">Oficina registrada:<\/span><\/strong><\/p>\n<p><span>\u201eplastsave\u201c Umwelttechnik KG<\/span><\/p>\n<p><span>S\u00fcdring 53<\/span><\/p>\n<p><span>D-37079 G\u00f6ttingen<\/span><\/p>\n<p><span><\/span><\/p>\n<p><span>Tel\u00e9fono: +49 (0) 551 \/ 29 17 29 95<\/span><\/p>\n<p><span>Fax: +49 (0) 551 \/ 29 17 29 96<\/span><\/p>\n<p><span>M\u00f3vil: +49 (0) 176 \/ 45 85 03 96<\/span><\/p>\n<p><span>Correo: info[at]plastsave.com<\/span><\/p>\n<p>&nbsp;<\/p>\n<p><span>Socio autorizado para representar: Ulrich Winkler (socio general)<\/span><\/p>\n<p><span>Tribunal de registro de Jena: HRA 505802<\/span><\/p>\n<p><span>NIF: 159\/161\/19906<\/span><\/p>\n<p><span>ID de IVA: DE345154109<\/span><\/p>\n<p>[\/et_pb_text][et_pb_text _builder_version=\u00bb4.16&#8243; _module_preset=\u00bbdefault\u00bb text_font=\u00bbMontserrat|600|||||||\u00bb header_font=\u00bbMontserrat|700|||||||\u00bb header_text_color=\u00bb#FFFFFF\u00bb header_font_size=\u00bb40px\u00bb header_2_font=\u00bbMontserrat||||||||\u00bb header_2_text_color=\u00bb#000000&#8243; header_3_font=\u00bbMontserrat||||||||\u00bb header_4_font=\u00bbMontserrat||||||||\u00bb header_6_font=\u00bbMontserrat||||||||\u00bb global_colors_info=\u00bb{}\u00bb]<\/p>\n<p><span>Si se pone en contacto con nosotros, los datos que transmite tambi\u00e9n pueden almacenarse electr\u00f3nicamente con el fin de su posterior procesamiento. Al enviar los datos usted acepta esto.<\/span><\/p>\n<p>[\/et_pb_text][\/et_pb_column][\/et_pb_row][\/et_pb_section][et_pb_section fb_built=\u00bb1&#8243; _builder_version=\u00bb4.16&#8243; _module_preset=\u00bbdefault\u00bb background_color=\u00bb#f7f7f7&#8243; background_image=\u00bbhttps:\/\/plastsave.de\/wp-content\/uploads\/2021\/10\/circle-background-pattern.png\u00bb custom_padding=\u00bb8px||11px|||\u00bb global_colors_info=\u00bb{}\u00bb][et_pb_row _builder_version=\u00bb4.16&#8243; _module_preset=\u00bbdefault\u00bb global_colors_info=\u00bb{}\u00bb][et_pb_column type=\u00bb4_4&#8243; _builder_version=\u00bb4.16&#8243; _module_preset=\u00bbdefault\u00bb global_colors_info=\u00bb{}\u00bb][et_pb_accordion icon_color=\u00bb#000000&#8243; _builder_version=\u00bb4.16&#8243; _module_preset=\u00bbdefault\u00bb global_colors_info=\u00bb{}\u00bb][et_pb_accordion_item title=\u00bbProcedimiento Arbitral de Consumo\u00bb open=\u00bbon\u00bb _builder_version=\u00bb4.16&#8243; _module_preset=\u00bbdefault\u00bb body_font=\u00bbMontserrat||||||||\u00bb body_text_align=\u00bbjustify\u00bb background_color=\u00bbRGBA(0,0,0,0)\u00bb background_enable_color=\u00bbon\u00bb global_colors_info=\u00bb{}\u00bb toggle_level=\u00bbh2&#8243; toggle_font=\u00bbMontserrat|600|||||||\u00bb toggle_font_size=\u00bb17px\u00bb]<\/p>\n<p>Plataforma de la Comisi\u00f3n de la UE para la resoluci\u00f3n de disputas en l\u00ednea: www.ec.europa.eu\/consumers\/odr<\/p>\n<p>Tambi\u00e9n se\u00f1alamos de acuerdo con \u00a7 36 VSBG que <em>no<\/em> participamos en los procedimientos de arbitraje de consumo relevantes.<\/p>\n<p>[\/et_pb_accordion_item][et_pb_accordion_item title=\u00bbDescargo de responsabilidad\u00bb _builder_version=\u00bb4.16&#8243; _module_preset=\u00bbdefault\u00bb body_text_align=\u00bbjustify\u00bb background_color=\u00bbRGBA(0,0,0,0)\u00bb background_enable_color=\u00bbon\u00bb global_colors_info=\u00bb{}\u00bb toggle_level=\u00bbh2&#8243; toggle_font=\u00bbMontserrat|600|||||||\u00bb toggle_font_size=\u00bb17px\u00bb open=\u00bboff\u00bb]<\/p>\n<p>La visita y el uso de nuestro sitio web para obtener informaci\u00f3n sobre una futura \u00e1rea comercial de entregas y servicios de tecnolog\u00eda ambiental se produce mediante la libre formaci\u00f3n de la voluntad. Nuestro sitio web generalmente se visita sin registro. Los datos personales, en particular nombres, direcciones y direcciones de correo electr\u00f3nico, se intercambian voluntariamente al iniciarse una relaci\u00f3n comercial entre \u00abplastsave\u00bb Umwelttechnik KG y el usuario de los bienes y servicios ofrecidos. Los datos intercambiados se utilizan para el procesamiento de pedidos respectivo, as\u00ed como para la facturaci\u00f3n, la entrega y todas las partes de la facturaci\u00f3n comercial y la gesti\u00f3n comercial y pueden eliminarse a pedido del cliente despu\u00e9s del final de una relaci\u00f3n comercial respectiva si la relaci\u00f3n comercial no debe continuar.<\/p>\n<p>Esto significa protecci\u00f3n de datos para nosotros: sus datos son la base de una relaci\u00f3n comercial general adem\u00e1s de las especificaciones t\u00e9cnicas. Para que estos se utilicen como de costumbre, se requiere su aprobaci\u00f3n exclusiva. Los datos personales son toda informaci\u00f3n que se relaciona con una persona f\u00edsica identificada o identificable (interesado), es decir, que puede identificarse con conocimientos adicionales (nombres\/conocimientos\/caracter\u00edsticas especiales o similares).<\/p>\n<p>Al iniciarse la ejecuci\u00f3n de la oferta prevista de entregas y servicios de tecnolog\u00eda ambiental, se cumplir\u00e1n los requisitos primarios necesarios tales como: obligaciones de notificaci\u00f3n y de informaci\u00f3n, obligaciones de informaci\u00f3n, rectificaci\u00f3n, bloqueo, supresi\u00f3n y derecho al olvido as\u00ed como el derecho a la portabilidad de los datos. ser estrictamente aplicado por el oficial de protecci\u00f3n de datos nombrado e instalado con esta etiqueta implementada en el sentido del RGPD.<\/p>\n<p>[\/et_pb_accordion_item][\/et_pb_accordion][\/et_pb_column][\/et_pb_row][\/et_pb_section]<\/p>\n","protected":false},"excerpt":{"rendered":"<p>ImprimirIdentificaci\u00f3n del proveedorIdentificaci\u00f3n del proveedor legalEste sitio web es operado por \u00abplastsave\u00bb Umwelttechnik KG:Oficina registrada: \u201eplastsave\u201c Umwelttechnik KG S\u00fcdring 53 D-37079 G\u00f6ttingen Tel\u00e9fono: +49 (0) 551 \/ 29 17 29 95 Fax: +49 (0) 551 \/ 29 17 29 96 M\u00f3vil: +49 (0) 176 \/ 45 85 03 96 Correo: info[at]plastsave.com &nbsp; Socio autorizado para [&hellip;]<\/p>\n","protected":false},"author":1,"featured_media":0,"parent":0,"menu_order":0,"comment_status":"closed","ping_status":"closed","template":"","meta":{"_et_pb_use_builder":"on","_et_pb_old_content":"","_et_gb_content_width":"","footnotes":""},"class_list":["post-25659","page","type-page","status-publish","hentry"],"_links":{"self":[{"href":"https:\/\/plastsave.de\/es\/wp-json\/wp\/v2\/pages\/25659","targetHints":{"allow":["GET"]}}],"collection":[{"href":"https:\/\/plastsave.de\/es\/wp-json\/wp\/v2\/pages"}],"about":[{"href":"https:\/\/plastsave.de\/es\/wp-json\/wp\/v2\/types\/page"}],"author":[{"embeddable":true,"href":"https:\/\/plastsave.de\/es\/wp-json\/wp\/v2\/users\/1"}],"replies":[{"embeddable":true,"href":"https:\/\/plastsave.de\/es\/wp-json\/wp\/v2\/comments?post=25659"}],"version-history":[{"count":12,"href":"https:\/\/plastsave.de\/es\/wp-json\/wp\/v2\/pages\/25659\/revisions"}],"predecessor-version":[{"id":26122,"href":"https:\/\/plastsave.de\/es\/wp-json\/wp\/v2\/pages\/25659\/revisions\/26122"}],"wp:attachment":[{"href":"https:\/\/plastsave.de\/es\/wp-json\/wp\/v2\/media?parent=25659"}],"curies":[{"name":"wp","href":"https:\/\/api.w.org\/{rel}","templated":true}]}}