{"id":25668,"date":"2022-02-04T15:06:13","date_gmt":"2022-02-04T14:06:13","guid":{"rendered":"https:\/\/plastsave.de\/descargo-de-responsabilidad\/"},"modified":"2022-02-04T15:06:14","modified_gmt":"2022-02-04T14:06:14","slug":"descargo-de-responsabilidad","status":"publish","type":"page","link":"https:\/\/plastsave.de\/es\/descargo-de-responsabilidad\/","title":{"rendered":"Descargo de responsabilidad"},"content":{"rendered":"<p>[et_pb_section fb_built=\u00bb1&#8243; _builder_version=\u00bb4.11.2&#8243; _module_preset=\u00bbdefault\u00bb use_background_color_gradient=\u00bbon\u00bb background_color_gradient_start=\u00bb#4872a1&#8243; background_color_gradient_end=\u00bb#0c71c3&#8243; background_image=\u00bbhttps:\/\/plastsave.de\/wp-content\/uploads\/2021\/10\/circle-background-pattern.png\u00bb global_colors_info=\u00bb{}\u00bb custom_padding=\u00bb11px||10px|||\u00bb][et_pb_row _builder_version=\u00bb4.11.2&#8243; _module_preset=\u00bbdefault\u00bb global_colors_info=\u00bb{}\u00bb custom_padding=\u00bb12px||13px|||\u00bb][et_pb_column type=\u00bb4_4&#8243; _builder_version=\u00bb4.11.2&#8243; _module_preset=\u00bbdefault\u00bb global_colors_info=\u00bb{}\u00bb][et_pb_text _builder_version=\u00bb4.13.0&#8243; _module_preset=\u00bbdefault\u00bb text_font=\u00bbMontserrat|700|||||||\u00bb header_font=\u00bbMontserrat|600|||||||\u00bb header_text_color=\u00bb#FFFFFF\u00bb hover_enabled=\u00bb0&#8243; global_colors_info=\u00bb{}\u00bb sticky_enabled=\u00bb0&#8243;]<\/p>\n<h1>Descargo de responsabilidad<\/h1>\n<p>[\/et_pb_text][\/et_pb_column][\/et_pb_row][\/et_pb_section][et_pb_section fb_built=\u00bb1&#8243; _builder_version=\u00bb4.11.2&#8243; _module_preset=\u00bbdefault\u00bb background_color=\u00bbRGBA(0,0,0,0)\u00bb background_image=\u00bbhttps:\/\/plastsave.de\/wp-content\/uploads\/2021\/09\/coding-dots.png\u00bb background_size=\u00bbcontain\u00bb background_position=\u00bbcenter_right\u00bb background_repeat=\u00bbrepeat-y\u00bb global_colors_info=\u00bb{}\u00bb custom_padding=\u00bb12px|||||\u00bb][et_pb_row _builder_version=\u00bb4.11.2&#8243; _module_preset=\u00bbdefault\u00bb global_colors_info=\u00bb{}\u00bb][et_pb_column type=\u00bb4_4&#8243; _builder_version=\u00bb4.11.2&#8243; _module_preset=\u00bbdefault\u00bb global_colors_info=\u00bb{}\u00bb][et_pb_accordion icon_color=\u00bb#000000&#8243; _builder_version=\u00bb4.13.0&#8243; _module_preset=\u00bbdefault\u00bb hover_enabled=\u00bb0&#8243; global_colors_info=\u00bb{}\u00bb sticky_enabled=\u00bb0&#8243;][et_pb_accordion_item title=\u00bb1. Limitaci\u00f3n de responsabilidad\u00bb open=\u00bbon\u00bb _builder_version=\u00bb4.13.0&#8243; _module_preset=\u00bbdefault\u00bb body_font=\u00bbMontserrat||||||||\u00bb body_text_align=\u00bbjustify\u00bb background_color=\u00bbRGBA(0,0,0,0)\u00bb background_enable_color=\u00bbon\u00bb text_orientation=\u00bbjustified\u00bb hover_enabled=\u00bb0&#8243; global_colors_info=\u00bb{}\u00bb toggle_level=\u00bbh2&#8243; toggle_font=\u00bbMontserrat|600|||||||\u00bb closed_toggle_font=\u00bbMontserrat||||||||\u00bb toggle_font_size=\u00bb17px\u00bb closed_toggle_font_size=\u00bb14px\u00bb sticky_enabled=\u00bb0&#8243;]<\/p>\n<p>Como \u00abplastsave\u00bb Umwelttechnik KG, le proporcionamos informaci\u00f3n gratuita y de libre acceso en nuestro sitio web www.plastsave.de. Tratamos de ser lo m\u00e1s cuidadosos posible. Sin embargo, los errores no se pueden descartar por completo. Por lo tanto, no se puede asumir una responsabilidad o garant\u00eda por la actualidad, exactitud e integridad de la informaci\u00f3n proporcionada.<\/p>\n<p>Como proveedor de servicios y como proveedor de este sitio web, nuestra empresa es responsable de su propio contenido y de la informaci\u00f3n proporcionada en estas p\u00e1ginas de acuerdo con la Secci\u00f3n 7 TMG de acuerdo con la ley general. Sin embargo, de acuerdo con los \u00a7\u00a7 8 a 10 TMG, no estamos obligados a controlar la informaci\u00f3n de terceros transmitida o almacenada. Este contenido ser\u00e1 eliminado o bloqueado tan pronto como tengamos conocimiento de una violaci\u00f3n espec\u00edfica de la ley. La responsabilidad s\u00f3lo es posible a partir del momento en que se tiene conocimiento de una infracci\u00f3n espec\u00edfica de la ley.<\/p>\n<p>La informaci\u00f3n contenida y presentada en este sitio web es solo para fines de informaci\u00f3n general y no constituye asesoramiento comercial, legal o fiscal.<\/p>\n<p>Nos reservamos el derecho de cambiar o eliminar el contenido de este sitio web en su totalidad o en parte, en la medida en que las obligaciones contractuales no se vean afectadas.<\/p>\n<p>Nos esforzamos por mantener este sitio web libre de virus u otro malware, pero no podemos asumir ninguna responsabilidad por la ausencia de virus. El usuario respectivo del sitio web debe tomar todas las precauciones de seguridad necesarias para prevenir virus antes de descargar el contenido proporcionado.<\/p>\n<p>[\/et_pb_accordion_item][et_pb_accordion_item title=\u00bb2. Enlaces a otros sitios web\u00bb _builder_version=\u00bb4.13.0&#8243; _module_preset=\u00bbdefault\u00bb body_font=\u00bbMontserrat||||||||\u00bb body_text_align=\u00bbjustify\u00bb background_color=\u00bbRGBA(0,0,0,0)\u00bb background_enable_color=\u00bbon\u00bb text_orientation=\u00bbjustified\u00bb hover_enabled=\u00bb0&#8243; global_colors_info=\u00bb{}\u00bb toggle_level=\u00bbh2&#8243; toggle_font=\u00bbMontserrat|600|||||||\u00bb closed_toggle_font=\u00bbMontserrat||||||||\u00bb open=\u00bboff\u00bb toggle_font_size=\u00bb17px\u00bb sticky_enabled=\u00bb0&#8243;]<\/p>\n<p>Nuestra oferta contiene enlaces a sitios web externos de terceros, sobre cuyo contenido no tenemos influencia. Por lo tanto, no podemos asumir ninguna responsabilidad por este contenido externo. El respectivo proveedor u operador de las p\u00e1ginas es siempre responsable del contenido de las p\u00e1ginas enlazadas. Las p\u00e1ginas enlazadas fueron revisadas por posibles violaciones legales en el momento del enlace. El contenido ilegal no era reconocible en el momento de la vinculaci\u00f3n. Sin embargo, un control permanente del contenido de las p\u00e1ginas enlazadas no es razonable sin pruebas concretas de una infracci\u00f3n. Tan pronto como tengamos conocimiento de infracciones legales, eliminaremos dichos enlaces de inmediato.<\/p>\n<p>Si accede a un sitio web externo desde nuestro sitio (enlace externo), el proveedor externo puede recibir informaci\u00f3n de su navegador sobre de cu\u00e1l de nuestros sitios web proviene. El proveedor externo es responsable de estos datos. Como cualquier otro proveedor de sitios web, no estamos en condiciones de influir en este proceso.<\/p>\n<p>[\/et_pb_accordion_item][et_pb_accordion_item title=\u00bb3. Derechos de autor\/derechos de autor auxiliares\u00bb _builder_version=\u00bb4.13.0&#8243; _module_preset=\u00bbdefault\u00bb body_font=\u00bbMontserrat||||||||\u00bb body_text_align=\u00bbjustify\u00bb background_color=\u00bbRGBA(0,0,0,0)\u00bb background_enable_color=\u00bbon\u00bb text_orientation=\u00bbjustified\u00bb hover_enabled=\u00bb0&#8243; global_colors_info=\u00bb{}\u00bb toggle_level=\u00bbh2&#8243; toggle_font=\u00bbMontserrat|600|||||||\u00bb closed_toggle_font=\u00bbMontserrat||||||||\u00bb open=\u00bboff\u00bb toggle_font_size=\u00bb17px\u00bb sticky_enabled=\u00bb0&#8243;]<\/p>\n<p>Todos los textos, im\u00e1genes, contenidos, gr\u00e1ficos, archivos, la estructura y el dise\u00f1o de este sitio web est\u00e1n protegidos por derechos de autor y derechos de autor auxiliares. Todos los usos no permitidos por los derechos de autor alemanes y los derechos de autor auxiliares requieren el consentimiento previo por escrito de nuestra asociaci\u00f3n. Esto se aplica en particular a la duplicaci\u00f3n, procesamiento, traducci\u00f3n, almacenamiento, procesamiento o reproducci\u00f3n de contenido en bases de datos u otros medios y sistemas electr\u00f3nicos o de otro tipo. La copia no autorizada del contenido del sitio web o de todo el sitio web no est\u00e1 permitida y es un delito punible. Este sitio web no puede ser mostrado por terceros en marcos, iframes o de cualquier otra forma sin permiso por escrito.<\/p>\n<p>Siempre que el contenido de este sitio no haya sido creado por nosotros, se respetan los derechos de autor de terceros. En particular, los contenidos de terceros est\u00e1n marcados como tales. No obstante, si se entera de una infracci\u00f3n de derechos de autor, le pedimos que nos informe en consecuencia. Tan pronto como tengamos conocimiento de violaciones legales, eliminaremos dicho contenido de inmediato.<\/p>\n<p>[\/et_pb_accordion_item][\/et_pb_accordion][\/et_pb_column][\/et_pb_row][\/et_pb_section]<\/p>\n","protected":false},"excerpt":{"rendered":"<p>Descargo de responsabilidadComo \u00abplastsave\u00bb Umwelttechnik KG, le proporcionamos informaci\u00f3n gratuita y de libre acceso en nuestro sitio web www.plastsave.de. Tratamos de ser lo m\u00e1s cuidadosos posible. Sin embargo, los errores no se pueden descartar por completo. Por lo tanto, no se puede asumir una responsabilidad o garant\u00eda por la actualidad, exactitud e integridad de la [&hellip;]<\/p>\n","protected":false},"author":1,"featured_media":0,"parent":0,"menu_order":0,"comment_status":"closed","ping_status":"closed","template":"","meta":{"_et_pb_use_builder":"on","_et_pb_old_content":"","_et_gb_content_width":"","footnotes":""},"class_list":["post-25668","page","type-page","status-publish","hentry"],"_links":{"self":[{"href":"https:\/\/plastsave.de\/es\/wp-json\/wp\/v2\/pages\/25668","targetHints":{"allow":["GET"]}}],"collection":[{"href":"https:\/\/plastsave.de\/es\/wp-json\/wp\/v2\/pages"}],"about":[{"href":"https:\/\/plastsave.de\/es\/wp-json\/wp\/v2\/types\/page"}],"author":[{"embeddable":true,"href":"https:\/\/plastsave.de\/es\/wp-json\/wp\/v2\/users\/1"}],"replies":[{"embeddable":true,"href":"https:\/\/plastsave.de\/es\/wp-json\/wp\/v2\/comments?post=25668"}],"version-history":[{"count":2,"href":"https:\/\/plastsave.de\/es\/wp-json\/wp\/v2\/pages\/25668\/revisions"}],"predecessor-version":[{"id":25670,"href":"https:\/\/plastsave.de\/es\/wp-json\/wp\/v2\/pages\/25668\/revisions\/25670"}],"wp:attachment":[{"href":"https:\/\/plastsave.de\/es\/wp-json\/wp\/v2\/media?parent=25668"}],"curies":[{"name":"wp","href":"https:\/\/api.w.org\/{rel}","templated":true}]}}