{"id":25694,"date":"2022-02-04T15:32:07","date_gmt":"2022-02-04T14:32:07","guid":{"rendered":"https:\/\/plastsave.de\/residuos-plasticos-e-waste\/"},"modified":"2022-02-04T15:32:08","modified_gmt":"2022-02-04T14:32:08","slug":"residuos-plasticos-e-waste","status":"publish","type":"page","link":"https:\/\/plastsave.de\/es\/residuos-plasticos-e-waste\/","title":{"rendered":"Residuos pl\u00e1sticos &#8211; e-waste"},"content":{"rendered":"<p>[et_pb_section fb_built=\u00bb1&#8243; _builder_version=\u00bb4.11.2&#8243; _module_preset=\u00bbdefault\u00bb use_background_color_gradient=\u00bbon\u00bb background_color_gradient_start=\u00bb#4872a1&#8243; background_color_gradient_end=\u00bb#0c71c3&#8243; background_image=\u00bbhttps:\/\/plastsave.de\/wp-content\/uploads\/2021\/10\/circle-background-pattern.png\u00bb custom_padding=\u00bb15px||11px|||\u00bb global_colors_info=\u00bb{}\u00bb][et_pb_row _builder_version=\u00bb4.11.2&#8243; _module_preset=\u00bbdefault\u00bb custom_padding=\u00bb14px||10px|||\u00bb global_colors_info=\u00bb{}\u00bb][et_pb_column type=\u00bb4_4&#8243; _builder_version=\u00bb4.11.2&#8243; _module_preset=\u00bbdefault\u00bb global_colors_info=\u00bb{}\u00bb][et_pb_text _builder_version=\u00bb4.13.0&#8243; _module_preset=\u00bbdefault\u00bb text_font=\u00bbMontserrat|700|||||||\u00bb header_font=\u00bbMontserrat|600|||||||\u00bb header_text_color=\u00bb#FFFFFF\u00bb global_colors_info=\u00bb{}\u00bb]<\/p>\n<h1>Reciclaje de pl\u00e1stico, chatarra electr\u00f3nica y coches viejos, pl\u00e1stico duro procedente de residuos municipales<\/h1>\n<p>[\/et_pb_text][\/et_pb_column][\/et_pb_row][\/et_pb_section][et_pb_section fb_built=\u00bb1&#8243; _builder_version=\u00bb4.11.2&#8243; _module_preset=\u00bbdefault\u00bb background_enable_image=\u00bboff\u00bb custom_padding=\u00bb15px||12px|||\u00bb global_colors_info=\u00bb{}\u00bb][et_pb_row _builder_version=\u00bb4.11.2&#8243; _module_preset=\u00bbdefault\u00bb custom_padding=\u00bb||10px|||\u00bb global_colors_info=\u00bb{}\u00bb][et_pb_column type=\u00bb4_4&#8243; _builder_version=\u00bb4.11.2&#8243; _module_preset=\u00bbdefault\u00bb global_colors_info=\u00bb{}\u00bb][dnxte_thumbs_gallery_parent dnext_thumbs_gallery_autoplay_delay=\u00bb4000&#8243; dnext_thumbs_gallery_loop=\u00bbon\u00bb dnext_thumbs_gallery_centered_slides=\u00bbon\u00bb dnext_thumbs_gallery_speed=\u00bb250&#8243; dnext_thumbs_gallery_arrows=\u00bbon\u00bb dnext_thumbs_gallery_pagination_type=\u00bbfraction\u00bb dnext_thumbs_gallery_arrow_color=\u00bb#4872a1&#8243; dnext_thumbs_gallery_pause_on_hover=\u00bbon\u00bb _builder_version=\u00bb4.12.0&#8243; _module_preset=\u00bbdefault\u00bb global_colors_info=\u00bb{}\u00bb][dnxte_thumbs_gallery_child thumbs_gallery_top_image=\u00bbhttps:\/\/plastsave.de\/wp-content\/uploads\/2021\/10\/AltAutoRecycling_1200_700.png\u00bb thumbs_gallery_top_alt=\u00bbAltAutoRecycling\u00bb _builder_version=\u00bb4.12.0&#8243; _module_preset=\u00bbdefault\u00bb global_colors_info=\u00bb{}\u00bb][\/dnxte_thumbs_gallery_child][dnxte_thumbs_gallery_child thumbs_gallery_top_image=\u00bbhttps:\/\/plastsave.de\/wp-content\/uploads\/2021\/10\/E-Schrott_1200_700.png\u00bb thumbs_gallery_top_alt=\u00bbE-Schrott\u00bb _builder_version=\u00bb4.12.0&#8243; _module_preset=\u00bbdefault\u00bb global_colors_info=\u00bb{}\u00bb][\/dnxte_thumbs_gallery_child][dnxte_thumbs_gallery_child thumbs_gallery_top_image=\u00bbhttps:\/\/plastsave.de\/wp-content\/uploads\/2021\/10\/Siedlungsabfall_1200_700.png\u00bb thumbs_gallery_top_alt=\u00bbSiedlungsabfall\u00bb _builder_version=\u00bb4.12.0&#8243; _module_preset=\u00bbdefault\u00bb global_colors_info=\u00bb{}\u00bb][\/dnxte_thumbs_gallery_child][dnxte_thumbs_gallery_child thumbs_gallery_top_image=\u00bbhttps:\/\/plastsave.de\/wp-content\/uploads\/2021\/10\/Hartkunststoff.png\u00bb thumbs_gallery_top_alt=\u00bbHartkunststoff\u00bb _builder_version=\u00bb4.12.0&#8243; _module_preset=\u00bbdefault\u00bb global_colors_info=\u00bb{}\u00bb][\/dnxte_thumbs_gallery_child][dnxte_thumbs_gallery_child thumbs_gallery_top_image=\u00bbhttps:\/\/plastsave.de\/wp-content\/uploads\/2021\/10\/Kunststoffgranulat-1.png\u00bb thumbs_gallery_top_alt=\u00bbKunststoffgranulat\u00bb _builder_version=\u00bb4.12.0&#8243; _module_preset=\u00bbdefault\u00bb global_colors_info=\u00bb{}\u00bb][\/dnxte_thumbs_gallery_child][\/dnxte_thumbs_gallery_parent][et_pb_text _builder_version=\u00bb4.13.0&#8243; _module_preset=\u00bbdefault\u00bb text_font=\u00bbMontserrat||||||||\u00bb header_font=\u00bbMontserrat|700|||||||\u00bb header_text_color=\u00bb#FFFFFF\u00bb header_font_size=\u00bb40px\u00bb header_2_font=\u00bbMontserrat|600|||||||\u00bb header_2_text_color=\u00bb#000000&#8243; header_2_font_size=\u00bb17px\u00bb global_colors_info=\u00bb{}\u00bb]<\/p>\n<h2><span>Separaci\u00f3n m\u00e1s r\u00e1pida y mejorada:<\/span><\/h2>\n<ul>\n<li><span>de residuos de producci\u00f3n<\/span><\/li>\n<li><span>en el reciclaje de veh\u00edculos<\/span><\/li>\n<li><span>de chatarra electronica<\/span><\/li>\n<li><span>de pl\u00e1sticos duros de residuos municipales<\/span><\/li>\n<\/ul>\n<p>[\/et_pb_text][\/et_pb_column][\/et_pb_row][\/et_pb_section][et_pb_section fb_built=\u00bb1&#8243; _builder_version=\u00bb4.11.2&#8243; _module_preset=\u00bbdefault\u00bb background_color=\u00bb#f7f7f7&#8243; background_image=\u00bbhttps:\/\/plastsave.de\/wp-content\/uploads\/2021\/10\/circle-background-pattern.png\u00bb custom_padding=\u00bb12px||0px|||\u00bb global_colors_info=\u00bb{}\u00bb][et_pb_row _builder_version=\u00bb4.11.2&#8243; _module_preset=\u00bbdefault\u00bb custom_padding=\u00bb11px|||||\u00bb global_colors_info=\u00bb{}\u00bb][et_pb_column type=\u00bb4_4&#8243; _builder_version=\u00bb4.11.2&#8243; _module_preset=\u00bbdefault\u00bb global_colors_info=\u00bb{}\u00bb][et_pb_text _builder_version=\u00bb4.13.0&#8243; _module_preset=\u00bbdefault\u00bb text_font=\u00bbMontserrat||||||||\u00bb header_font=\u00bbMontserrat|700|||||||\u00bb header_text_color=\u00bb#FFFFFF\u00bb header_font_size=\u00bb40px\u00bb header_2_font=\u00bbMontserrat||||||||\u00bb header_2_text_color=\u00bb#000000&#8243; header_3_font=\u00bbMontserrat||||||||\u00bb header_4_font=\u00bbMontserrat||||||||\u00bb header_6_font=\u00bbMontserrat||||||||\u00bb text_orientation=\u00bbjustified\u00bb global_colors_info=\u00bb{}\u00bb]<\/p>\n<p>\u00abCSD &#8211; ClearSaveDiversify\u00bb es el proceso de separaci\u00f3n acelerada en base a densidad para triturados y grupos pl\u00e1sticos, que no requiere de alta tecnolog\u00eda. Se puede utilizar como complemento a las configuraciones existentes o como un sistema solitario.<\/p>\n<p>El proceso \u00abCSD\u00bb separa el material pl\u00e1stico triturado difuso y no solo permite la preparaci\u00f3n para el reciclaje, sino que tambi\u00e9n lleva los pl\u00e1sticos de los antiguos materiales de desecho \u00abal final del estado de desecho\u00bb. Por definici\u00f3n, esto incluso representa el nivel superior de la \u00abjerarqu\u00eda de residuos\u00bb, la \u00abevitaci\u00f3n de residuos\u00bb, seg\u00fan la legislaci\u00f3n vigente de econom\u00eda circular.<\/p>\n<p>\u00abCSD\u00bb puede permitir que la importante instituci\u00f3n municipal MBA (planta de tratamiento de residuos mec\u00e1nico-biol\u00f3gicos) proporcione un rango significativo de expansi\u00f3n y, por lo tanto, representa ingresos = ahorros = menor gasto en fondos presupuestarios o menos impuestos municipales para sus ciudadanos.<\/p>\n<p>[\/et_pb_text][\/et_pb_column][\/et_pb_row][\/et_pb_section]<\/p>\n","protected":false},"excerpt":{"rendered":"<p>Reciclaje de pl\u00e1stico, chatarra electr\u00f3nica y coches viejos, pl\u00e1stico duro procedente de residuos municipales<div class=\"et_pb_module dnxte_thumbs_gallery_parent dnxte_thumbs_gallery_parent_0\">\n\t\t\t\t\n\t\t\t\t\n\t\t\t\t\n\t\t\t\t\n\t\t\t\t\n\t\t\t\t\n\t\t\t\t<div class=\"et_pb_module_inner\">\n\t\t\t\t\t<div class=\"et_pb_module dnxte_thumbs_gallery_parent dnxte_thumbs_gallery_parent_0\">\n\t\t\t\t\n\t\t\t\t\n\t\t\t\t\n\t\t\t\t\n\t\t\t\t\n\t\t\t\t\n\t\t\t\t<div class=\"et_pb_module_inner\">\n\t\t\t\t\t<div class=\"dnext_thumbs_gallery_top_holder\"><div class=\"swiper-container dnext-thumbs-gallery-top swiper-container-initialized swiper-container-horizontal\" data-autoplay=\"1\" data-delay=\"4000\" data-direction=\"horizontal\" data-speed=\"250\" data-loop=\"on\" data-pagination-type=\"fraction\" data-pagination-bullets=\"off\" data-breakpoints=\"1|1|1\" data-spacing=\"10\" data-grab=\"off\" data-center=\"on\" data-pauseonhover=\"1\" data-keyboard=\"on\" data-mouse=\"off\">\r\n                <div class=\"swiper-wrapper dnext-thumbs-gallery-active\" data-lightbox=\"off\" data-orderclass=\"dnxte_thumbs_gallery_parent_0\">\r\n                    <div class=\"et_pb_module dnxte_thumbs_gallery_child dnxte_thumbs_gallery_child_0\">\n\t\t\t\t\n\t\t\t\t\n\t\t\t\t\n\t\t\t\t\n\t\t\t\t\n\t\t\t\t\n\t\t\t\t<div class=\"et_pb_module_inner\">\n\t\t\t\t\t<a href=\"https:\/\/plastsave.de\/wp-content\/uploads\/2021\/10\/AltAutoRecycling_1200_700.png\" class=\"dnext-thumbs-gallery-top-image-link\" data-title=\"AltAutoRecycling\"><img decoding=\"async\" class=\"img-fluid\" alt=\"AltAutoRecycling\" src=\"https:\/\/plastsave.de\/wp-content\/uploads\/2021\/10\/AltAutoRecycling_1200_700.png\"\/><\/a>\n\t\t\t\t<\/div>\n\t\t\t<\/div><div class=\"et_pb_module dnxte_thumbs_gallery_child dnxte_thumbs_gallery_child_1\">\n\t\t\t\t\n\t\t\t\t\n\t\t\t\t\n\t\t\t\t\n\t\t\t\t\n\t\t\t\t\n\t\t\t\t<div class=\"et_pb_module_inner\">\n\t\t\t\t\t<a href=\"https:\/\/plastsave.de\/wp-content\/uploads\/2021\/10\/E-Schrott_1200_700.png\" class=\"dnext-thumbs-gallery-top-image-link\" data-title=\"E-Schrott\"><img decoding=\"async\" class=\"img-fluid\" alt=\"E-Schrott\" src=\"https:\/\/plastsave.de\/wp-content\/uploads\/2021\/10\/E-Schrott_1200_700.png\"\/><\/a>\n\t\t\t\t<\/div>\n\t\t\t<\/div><div class=\"et_pb_module dnxte_thumbs_gallery_child dnxte_thumbs_gallery_child_2\">\n\t\t\t\t\n\t\t\t\t\n\t\t\t\t\n\t\t\t\t\n\t\t\t\t\n\t\t\t\t\n\t\t\t\t<div class=\"et_pb_module_inner\">\n\t\t\t\t\t<a href=\"https:\/\/plastsave.de\/wp-content\/uploads\/2021\/10\/Siedlungsabfall_1200_700.png\" class=\"dnext-thumbs-gallery-top-image-link\" data-title=\"Siedlungsabfall\"><img decoding=\"async\" class=\"img-fluid\" alt=\"Siedlungsabfall\" src=\"https:\/\/plastsave.de\/wp-content\/uploads\/2021\/10\/Siedlungsabfall_1200_700.png\"\/><\/a>\n\t\t\t\t<\/div>\n\t\t\t<\/div><div class=\"et_pb_module dnxte_thumbs_gallery_child dnxte_thumbs_gallery_child_3\">\n\t\t\t\t\n\t\t\t\t\n\t\t\t\t\n\t\t\t\t\n\t\t\t\t\n\t\t\t\t\n\t\t\t\t<div class=\"et_pb_module_inner\">\n\t\t\t\t\t<a href=\"https:\/\/plastsave.de\/wp-content\/uploads\/2021\/10\/Hartkunststoff.png\" class=\"dnext-thumbs-gallery-top-image-link\" data-title=\"Hartkunststoff\"><img decoding=\"async\" class=\"img-fluid\" alt=\"Hartkunststoff\" src=\"https:\/\/plastsave.de\/wp-content\/uploads\/2021\/10\/Hartkunststoff.png\"\/><\/a>\n\t\t\t\t<\/div>\n\t\t\t<\/div><div class=\"et_pb_module dnxte_thumbs_gallery_child dnxte_thumbs_gallery_child_4\">\n\t\t\t\t\n\t\t\t\t\n\t\t\t\t\n\t\t\t\t\n\t\t\t\t\n\t\t\t\t\n\t\t\t\t<div class=\"et_pb_module_inner\">\n\t\t\t\t\t<a href=\"https:\/\/plastsave.de\/wp-content\/uploads\/2021\/10\/Kunststoffgranulat-1.png\" class=\"dnext-thumbs-gallery-top-image-link\" data-title=\"Kunststoffgranulat\"><img decoding=\"async\" class=\"img-fluid\" alt=\"Kunststoffgranulat\" src=\"https:\/\/plastsave.de\/wp-content\/uploads\/2021\/10\/Kunststoffgranulat-1.png\"\/><\/a>\n\t\t\t\t<\/div>\n\t\t\t<\/div>\r\n                <\/div>\r\n                <div class=\"swiper-pagination swiper-pagination-fraction\"><\/div>\r\n            <\/div>\r\n            <div class=\"swiper-button-prev dnext_thumbs_gallery_arrows_default_left\" data-icon=\"4\"><\/div>\r\n                  <div class=\"swiper-button-next dnext_thumbs_gallery_arrows_default_right\" data-icon=\"5\"><\/div><\/div> <div class=\"swiper-container dnext-thumbs-gallery-bottom swiper-container-initialized swiper-container-horizontal\" data-autoplay=\"1\" data-delay=\"2000\" data-direction=\"horizontal\" data-speed=\"400\" data-loop=\"off\"  data-breakpoints=\"4|4|4\" data-spacing=\"10\" data-grab=\"off\" data-center=\"off\" data-pauseonhover=\"\" data-keyboard=\"on\" data-mouse=\"off\">\r\n                    <div class=\"swiper-wrapper dnext-thumbs-gallery-active\">\r\n                        <div class=\"et_pb_module dnxte_thumbs_gallery_child dnxte_thumbs_gallery_child_0\">\n\t\t\t\t\n\t\t\t\t\n\t\t\t\t\n\t\t\t\t\n\t\t\t\t\n\t\t\t\t\n\t\t\t\t<div class=\"et_pb_module_inner\">\n\t\t\t\t\t<div href=\"https:\/\/plastsave.de\/wp-content\/uploads\/2021\/10\/AltAutoRecycling_1200_700.png\" class=\"dnext-thumbs-gallery-top-image-link\" data-title=\"AltAutoRecycling\"><img decoding=\"async\" class=\"img-fluid\" alt=\"AltAutoRecycling\" src=\"https:\/\/plastsave.de\/wp-content\/uploads\/2021\/10\/AltAutoRecycling_1200_700.png\"\/><\/div>\n\t\t\t\t<\/div>\n\t\t\t<\/div><div class=\"et_pb_module dnxte_thumbs_gallery_child dnxte_thumbs_gallery_child_1\">\n\t\t\t\t\n\t\t\t\t\n\t\t\t\t\n\t\t\t\t\n\t\t\t\t\n\t\t\t\t\n\t\t\t\t<div class=\"et_pb_module_inner\">\n\t\t\t\t\t<div href=\"https:\/\/plastsave.de\/wp-content\/uploads\/2021\/10\/E-Schrott_1200_700.png\" class=\"dnext-thumbs-gallery-top-image-link\" data-title=\"E-Schrott\"><img decoding=\"async\" class=\"img-fluid\" alt=\"E-Schrott\" src=\"https:\/\/plastsave.de\/wp-content\/uploads\/2021\/10\/E-Schrott_1200_700.png\"\/><\/div>\n\t\t\t\t<\/div>\n\t\t\t<\/div><div class=\"et_pb_module dnxte_thumbs_gallery_child dnxte_thumbs_gallery_child_2\">\n\t\t\t\t\n\t\t\t\t\n\t\t\t\t\n\t\t\t\t\n\t\t\t\t\n\t\t\t\t\n\t\t\t\t<div class=\"et_pb_module_inner\">\n\t\t\t\t\t<div href=\"https:\/\/plastsave.de\/wp-content\/uploads\/2021\/10\/Siedlungsabfall_1200_700.png\" class=\"dnext-thumbs-gallery-top-image-link\" data-title=\"Siedlungsabfall\"><img decoding=\"async\" class=\"img-fluid\" alt=\"Siedlungsabfall\" src=\"https:\/\/plastsave.de\/wp-content\/uploads\/2021\/10\/Siedlungsabfall_1200_700.png\"\/><\/div>\n\t\t\t\t<\/div>\n\t\t\t<\/div><div class=\"et_pb_module dnxte_thumbs_gallery_child dnxte_thumbs_gallery_child_3\">\n\t\t\t\t\n\t\t\t\t\n\t\t\t\t\n\t\t\t\t\n\t\t\t\t\n\t\t\t\t\n\t\t\t\t<div class=\"et_pb_module_inner\">\n\t\t\t\t\t<div href=\"https:\/\/plastsave.de\/wp-content\/uploads\/2021\/10\/Hartkunststoff.png\" class=\"dnext-thumbs-gallery-top-image-link\" data-title=\"Hartkunststoff\"><img decoding=\"async\" class=\"img-fluid\" alt=\"Hartkunststoff\" src=\"https:\/\/plastsave.de\/wp-content\/uploads\/2021\/10\/Hartkunststoff.png\"\/><\/div>\n\t\t\t\t<\/div>\n\t\t\t<\/div><div class=\"et_pb_module dnxte_thumbs_gallery_child dnxte_thumbs_gallery_child_4\">\n\t\t\t\t\n\t\t\t\t\n\t\t\t\t\n\t\t\t\t\n\t\t\t\t\n\t\t\t\t\n\t\t\t\t<div class=\"et_pb_module_inner\">\n\t\t\t\t\t<div href=\"https:\/\/plastsave.de\/wp-content\/uploads\/2021\/10\/Kunststoffgranulat-1.png\" class=\"dnext-thumbs-gallery-top-image-link\" data-title=\"Kunststoffgranulat\"><img decoding=\"async\" class=\"img-fluid\" alt=\"Kunststoffgranulat\" src=\"https:\/\/plastsave.de\/wp-content\/uploads\/2021\/10\/Kunststoffgranulat-1.png\"\/><\/div>\n\t\t\t\t<\/div>\n\t\t\t<\/div>\r\n                    <\/div>\r\n                <\/div> \n\t\t\t\t<\/div>\n\t\t\t<\/div>\n\t\t\t\t<\/div>\n\t\t\t<\/div>Separaci\u00f3n m\u00e1s r\u00e1pida y mejorada: de [&hellip;]<\/p>\n","protected":false},"author":1,"featured_media":0,"parent":0,"menu_order":0,"comment_status":"closed","ping_status":"closed","template":"","meta":{"_et_pb_use_builder":"on","_et_pb_old_content":"","_et_gb_content_width":"","footnotes":""},"class_list":["post-25694","page","type-page","status-publish","hentry"],"_links":{"self":[{"href":"https:\/\/plastsave.de\/es\/wp-json\/wp\/v2\/pages\/25694","targetHints":{"allow":["GET"]}}],"collection":[{"href":"https:\/\/plastsave.de\/es\/wp-json\/wp\/v2\/pages"}],"about":[{"href":"https:\/\/plastsave.de\/es\/wp-json\/wp\/v2\/types\/page"}],"author":[{"embeddable":true,"href":"https:\/\/plastsave.de\/es\/wp-json\/wp\/v2\/users\/1"}],"replies":[{"embeddable":true,"href":"https:\/\/plastsave.de\/es\/wp-json\/wp\/v2\/comments?post=25694"}],"version-history":[{"count":2,"href":"https:\/\/plastsave.de\/es\/wp-json\/wp\/v2\/pages\/25694\/revisions"}],"predecessor-version":[{"id":25696,"href":"https:\/\/plastsave.de\/es\/wp-json\/wp\/v2\/pages\/25694\/revisions\/25696"}],"wp:attachment":[{"href":"https:\/\/plastsave.de\/es\/wp-json\/wp\/v2\/media?parent=25694"}],"curies":[{"name":"wp","href":"https:\/\/api.w.org\/{rel}","templated":true}]}}