{"id":247399,"date":"2022-09-05T10:57:24","date_gmt":"2022-09-05T08:57:24","guid":{"rendered":"https:\/\/plastsave.de\/economie-circulaire\/"},"modified":"2022-09-05T10:57:26","modified_gmt":"2022-09-05T08:57:26","slug":"economie-circulaire","status":"publish","type":"page","link":"https:\/\/plastsave.de\/fr\/economie-circulaire\/","title":{"rendered":"\u00c9conomie circulaire"},"content":{"rendered":"<p>[et_pb_section fb_built=\u00a0\u00bb1&Prime; _builder_version=\u00a0\u00bb4.16&Prime; _module_preset=\u00a0\u00bbdefault\u00a0\u00bb use_background_color_gradient=\u00a0\u00bbon\u00a0\u00bb background_color_gradient_stops=\u00a0\u00bb#4872a1 0%|#0c71c3 100%\u00a0\u00bb background_color_gradient_start=\u00a0\u00bb#4872a1&Prime; background_color_gradient_end=\u00a0\u00bb#0c71c3&Prime; background_image=\u00a0\u00bbhttps:\/\/plastsave.de\/wp-content\/uploads\/2021\/10\/circle-background-pattern.png\u00a0\u00bb custom_padding=\u00a0\u00bb12px||9px|||\u00a0\u00bb global_colors_info=\u00a0\u00bb{}\u00a0\u00bb][et_pb_row _builder_version=\u00a0\u00bb4.16&Prime; _module_preset=\u00a0\u00bbdefault\u00a0\u00bb custom_padding=\u00a0\u00bb8px||8px|||\u00a0\u00bb global_colors_info=\u00a0\u00bb{}\u00a0\u00bb][et_pb_column type=\u00a0\u00bb4_4&Prime; _builder_version=\u00a0\u00bb4.16&Prime; _module_preset=\u00a0\u00bbdefault\u00a0\u00bb global_colors_info=\u00a0\u00bb{}\u00a0\u00bb][et_pb_text _builder_version=\u00a0\u00bb4.16&Prime; _module_preset=\u00a0\u00bbdefault\u00a0\u00bb text_font=\u00a0\u00bbMontserrat|700|||||||\u00a0\u00bb header_font=\u00a0\u00bbMontserrat|600|||||||\u00a0\u00bb header_text_color=\u00a0\u00bb#FFFFFF\u00a0\u00bb header_font_size=\u00a0\u00bb26px\u00a0\u00bb header_line_height=\u00a0\u00bb1.1em\u00a0\u00bb header_2_font=\u00a0\u00bbMontserrat||||||||\u00a0\u00bb header_2_text_color=\u00a0\u00bb#FFFFFF\u00a0\u00bb header_2_font_size=\u00a0\u00bb17px\u00a0\u00bb header_2_line_height=\u00a0\u00bb1.1em\u00a0\u00bb global_colors_info=\u00a0\u00bb{}\u00a0\u00bb]<\/p>\n<h1>\u00c9conomie circulaire?<\/h1>\n<h2>Pas vraiment, non?<\/h2>\n<p>[\/et_pb_text][\/et_pb_column][\/et_pb_row][\/et_pb_section][et_pb_section fb_built=\u00a0\u00bb1&Prime; admin_label=\u00a0\u00bbKreislaufende\u00a0\u00bb _builder_version=\u00a0\u00bb4.16&Prime; _module_preset=\u00a0\u00bbdefault\u00a0\u00bb background_enable_image=\u00a0\u00bboff\u00a0\u00bb custom_padding=\u00a0\u00bb14px||12px|||\u00a0\u00bb global_colors_info=\u00a0\u00bb{}\u00a0\u00bb][et_pb_row _builder_version=\u00a0\u00bb4.16&Prime; _module_preset=\u00a0\u00bbdefault\u00a0\u00bb custom_padding=\u00a0\u00bb||10px|||\u00a0\u00bb global_colors_info=\u00a0\u00bb{}\u00a0\u00bb][et_pb_column type=\u00a0\u00bb4_4&Prime; _builder_version=\u00a0\u00bb4.16&Prime; _module_preset=\u00a0\u00bbdefault\u00a0\u00bb global_colors_info=\u00a0\u00bb{}\u00a0\u00bb][et_pb_image src=\u00a0\u00bbhttps:\/\/plastsave.de\/wp-content\/uploads\/2021\/10\/Shopping_Banner_1400_500.png\u00a0\u00bb title_text=\u00a0\u00bbShopping_Banner_1400_500&Prime; _builder_version=\u00a0\u00bb4.16&Prime; _module_preset=\u00a0\u00bbdefault\u00a0\u00bb global_colors_info=\u00a0\u00bb{}\u00a0\u00bb][\/et_pb_image][et_pb_text _builder_version=\u00a0\u00bb4.16&Prime; _module_preset=\u00a0\u00bbdefault\u00a0\u00bb text_font=\u00a0\u00bbMontserrat||||||||\u00a0\u00bb header_font=\u00a0\u00bbMontserrat|700|||||||\u00a0\u00bb header_text_color=\u00a0\u00bb#FFFFFF\u00a0\u00bb header_font_size=\u00a0\u00bb40px\u00a0\u00bb header_2_font=\u00a0\u00bbMontserrat||||||||\u00a0\u00bb header_2_text_color=\u00a0\u00bb#000000&Prime; text_orientation=\u00a0\u00bbjustified\u00a0\u00bb custom_margin=\u00a0\u00bb||8px|||\u00a0\u00bb custom_padding=\u00a0\u00bb||0px|||\u00a0\u00bb global_colors_info=\u00a0\u00bb{}\u00a0\u00bb]<\/p>\n<p>Les usines de traitement m\u00e9cano-biologique des d\u00e9chets (MBA) sont pour de nombreuses municipalit\u00e9s au niveau national et international le point de contact pour les d\u00e9chets g\u00e9n\u00e9r\u00e9s par leurs citoyens. Apr\u00e8s pr\u00e9-tri par le MBA, une utilisation ult\u00e9rieure est d\u00e9termin\u00e9e ici. Celle-ci est alors g\u00e9n\u00e9ralement d\u00e9finie sous la forme d&rsquo;une destruction totale, sans revenir sur les utilisations possibles.<\/p>\n<p>\u00c0 partir de l\u00e0, la loi sur la gestion des d\u00e9chets en cycle ferm\u00e9 des substances a la possibilit\u00e9 de permettre aux plastiques recyclables contenus dans les d\u00e9chets municipaux de \u00abmettre fin au statut de d\u00e9chet\u00bb.<\/p>\n<p>[\/et_pb_text][\/et_pb_column][\/et_pb_row][\/et_pb_section][et_pb_section fb_built=\u00a0\u00bb1&Prime; admin_label=\u00a0\u00bbKreislaufende\u00a0\u00bb _builder_version=\u00a0\u00bb4.18.0&Prime; _module_preset=\u00a0\u00bbdefault\u00a0\u00bb background_color=\u00a0\u00bb#f7f7f7&Prime; background_image=\u00a0\u00bbhttps:\/\/plastsave.de\/wp-content\/uploads\/2021\/10\/circle-background-pattern.png\u00a0\u00bb custom_padding=\u00a0\u00bb14px||12px|||\u00a0\u00bb global_colors_info=\u00a0\u00bb{}\u00a0\u00bb][et_pb_row _builder_version=\u00a0\u00bb4.16&Prime; _module_preset=\u00a0\u00bbdefault\u00a0\u00bb custom_padding=\u00a0\u00bb10px||2px|||\u00a0\u00bb global_colors_info=\u00a0\u00bb{}\u00a0\u00bb][et_pb_column type=\u00a0\u00bb4_4&Prime; _builder_version=\u00a0\u00bb4.16&Prime; _module_preset=\u00a0\u00bbdefault\u00a0\u00bb global_colors_info=\u00a0\u00bb{}\u00a0\u00bb][et_pb_image src=\u00a0\u00bbhttps:\/\/plastsave.de\/wp-content\/uploads\/2021\/10\/Kreislauf_1200_700.png\u00a0\u00bb title_text=\u00a0\u00bbCircuit_1200_700&Prime; _builder_version=\u00a0\u00bb4.16&Prime; _module_preset=\u00a0\u00bbdefault\u00a0\u00bb custom_margin=\u00a0\u00bb||19px|||\u00a0\u00bb global_colors_info=\u00a0\u00bb{}\u00a0\u00bb][\/et_pb_image][et_pb_text _builder_version=\u00a0\u00bb4.16&Prime; _module_preset=\u00a0\u00bbdefault\u00a0\u00bb text_font=\u00a0\u00bbMontserrat||||||||\u00a0\u00bb text_orientation=\u00a0\u00bbjustified\u00a0\u00bb global_colors_info=\u00a0\u00bb{}\u00a0\u00bb]<\/p>\n<p>Les usines d&rsquo;incin\u00e9ration ne peuvent br\u00fbler qu&rsquo;incompl\u00e8tement. De m\u00eame, l&rsquo;oxydation n&rsquo;est qu&rsquo;incompl\u00e8te, c&rsquo;est-\u00e0-dire que de nombreuses toxines organiques halog\u00e9n\u00e9es sont lib\u00e9r\u00e9es &#8211; en plus des chlor\u00e9s, il existe \u00e9galement des dioxines\/furanes halog\u00e9n\u00e9s brom\u00e9s, fluor\u00e9s et mixtes. Le rendement \u00e9nerg\u00e9tique de l&rsquo;utilisation thermique n&rsquo;est que de 30 \u00e0 40 %.<\/p>\n<p>L&rsquo;\u00e9mission de dioxines, de m\u00e9taux lourds, de particules, etc. pose des risques pour la sant\u00e9 allant d&rsquo;un risque accru de cancer \u00e0 des probl\u00e8mes respiratoires, des maladies cardiaques, des dommages au syst\u00e8me immunitaire et des r\u00e9actions allergiques \u00e0 des anomalies cong\u00e9nitales. Une usine d&rsquo;incin\u00e9ration de d\u00e9chets est comparable \u00e0 un \u00e9norme r\u00e9acteur dans lequel aboutissent des dizaines de milliers de produits chimiques diff\u00e9rents. Il est techniquement impossible de contr\u00f4ler toutes les connexions qui s&rsquo;y cr\u00e9ent ! De tout ce cocktail de polluants, seuls une quinzaine de polluants sont mesur\u00e9s par les autorit\u00e9s de r\u00e9gulation ; pour de nombreuses substances dont la nocivit\u00e9 a \u00e9t\u00e9 prouv\u00e9e, il n&rsquo;y a que des valeurs limites. Il ne peut y avoir de technologie de filtre qui filtre \u00ab\u00a0sans poison\u00a0\u00bb les 10 \u00e0 la puissance 26-28 des produits de r\u00e9action des r\u00e9actions en cha\u00eene radicalaires et radicalaires qui se forment par seconde dans les gaz de combustion.<\/p>\n<p><em>(Contenu factuel tir\u00e9 de publications d&rsquo;\u00e9tudes sur l&rsquo;installation d&rsquo;une usine d&rsquo;incin\u00e9ration de d\u00e9chets \u00e0 Trostberg et Schelklingen. La construction et donc l&rsquo;installation ont \u00e9t\u00e9 emp\u00each\u00e9es par des r\u00e9f\u00e9rendums.)<\/em><\/p>\n<p>[\/et_pb_text][\/et_pb_column][\/et_pb_row][\/et_pb_section][et_pb_section fb_built=\u00a0\u00bb1&Prime; admin_label=\u00a0\u00bbgrauer Hintergrund\u00a0\u00bb _builder_version=\u00a0\u00bb4.18.0&Prime; _module_preset=\u00a0\u00bbdefault\u00a0\u00bb background_color=\u00a0\u00bbRGBA(255,255,255,0)\u00a0\u00bb custom_padding=\u00a0\u00bb12px||15px|||\u00a0\u00bb hover_enabled=\u00a0\u00bb0&Prime; global_colors_info=\u00a0\u00bb{}\u00a0\u00bb background_enable_image=\u00a0\u00bboff\u00a0\u00bb sticky_enabled=\u00a0\u00bb0&Prime;][et_pb_row _builder_version=\u00a0\u00bb4.16&Prime; _module_preset=\u00a0\u00bbdefault\u00a0\u00bb custom_padding=\u00a0\u00bb10px||14px|||\u00a0\u00bb global_colors_info=\u00a0\u00bb{}\u00a0\u00bb][et_pb_column type=\u00a0\u00bb4_4&Prime; _builder_version=\u00a0\u00bb4.16&Prime; _module_preset=\u00a0\u00bbdefault\u00a0\u00bb global_colors_info=\u00a0\u00bb{}\u00a0\u00bb][et_pb_text _builder_version=\u00a0\u00bb4.16&Prime; _module_preset=\u00a0\u00bbdefault\u00a0\u00bb text_font=\u00a0\u00bbMontserrat|500|||||||\u00a0\u00bb header_2_font=\u00a0\u00bbMontserrat|600|||||||\u00a0\u00bb header_2_text_align=\u00a0\u00bbcenter\u00a0\u00bb header_2_text_color=\u00a0\u00bbrgba(0,0,0,0.63)\u00a0\u00bb header_2_font_size=\u00a0\u00bb17px\u00a0\u00bb header_2_line_height=\u00a0\u00bb1.5em\u00a0\u00bb text_orientation=\u00a0\u00bbcenter\u00a0\u00bb custom_margin=\u00a0\u00bb||13px|||\u00a0\u00bb global_colors_info=\u00a0\u00bb{}\u00a0\u00bb]<\/p>\n<h2>Le recyclage du plastique \u00e0 partir des d\u00e9chets municipaux peut \u00e9galement signifier \u00e9viter le gaspillage.<\/h2>\n<p>[\/et_pb_text][et_pb_image src=\u00a0\u00bbhttps:\/\/plastsave.de\/wp-content\/uploads\/2021\/10\/Kreislauf_transparent.png\u00a0\u00bb title_text=\u00a0\u00bbcycle_transparent\u00a0\u00bb _builder_version=\u00a0\u00bb4.16&Prime; _module_preset=\u00a0\u00bbdefault\u00a0\u00bb custom_margin=\u00a0\u00bb||10px|||\u00a0\u00bb global_colors_info=\u00a0\u00bb{}\u00a0\u00bb][\/et_pb_image][et_pb_text _builder_version=\u00a0\u00bb4.16&Prime; _module_preset=\u00a0\u00bbdefault\u00a0\u00bb text_font=\u00a0\u00bbMontserrat|300|||||||\u00a0\u00bb header_3_font=\u00a0\u00bbMontserrat|600|||||||\u00a0\u00bb header_3_font_size=\u00a0\u00bb18px\u00a0\u00bb text_orientation=\u00a0\u00bbcenter\u00a0\u00bb global_colors_info=\u00a0\u00bb{}\u00a0\u00bb]<\/p>\n<h3>Pour en faire un cercle&#8230;<\/h3>\n<h3>&#8230;et reste<\/h3>\n<p>[\/et_pb_text][\/et_pb_column][\/et_pb_row][\/et_pb_section][et_pb_section fb_built=\u00a0\u00bb1&Prime; admin_label=\u00a0\u00bbgrauer Hintergrund\u00a0\u00bb _builder_version=\u00a0\u00bb4.18.0&Prime; _module_preset=\u00a0\u00bbdefault\u00a0\u00bb background_color=\u00a0\u00bb#f7f7f7&Prime; custom_padding=\u00a0\u00bb12px||21px|||\u00a0\u00bb hover_enabled=\u00a0\u00bb0&Prime; global_colors_info=\u00a0\u00bb{}\u00a0\u00bb sticky_enabled=\u00a0\u00bb0&Prime; title_text=\u00a0\u00bbcircle-background-pattern\u00a0\u00bb background_image=\u00a0\u00bbhttps:\/\/plastsave.de\/wp-content\/uploads\/2021\/10\/circle-background-pattern.png\u00a0\u00bb][et_pb_row column_structure=\u00a0\u00bb1_2,1_2&Prime; _builder_version=\u00a0\u00bb4.16&Prime; _module_preset=\u00a0\u00bbdefault\u00a0\u00bb custom_padding=\u00a0\u00bb13px|||||\u00a0\u00bb global_colors_info=\u00a0\u00bb{}\u00a0\u00bb][et_pb_column type=\u00a0\u00bb1_2&Prime; _builder_version=\u00a0\u00bb4.16&Prime; _module_preset=\u00a0\u00bbdefault\u00a0\u00bb global_colors_info=\u00a0\u00bb{}\u00a0\u00bb][et_pb_text _builder_version=\u00a0\u00bb4.18.0&Prime; _module_preset=\u00a0\u00bbdefault\u00a0\u00bb text_font=\u00a0\u00bbMontserrat||||||||\u00a0\u00bb header_2_font=\u00a0\u00bbMontserrat|700|||||||\u00a0\u00bb header_2_text_align=\u00a0\u00bbcenter\u00a0\u00bb header_2_text_color=\u00a0\u00bbrgba(0,0,0,0.63)\u00a0\u00bb header_2_line_height=\u00a0\u00bb1.5em\u00a0\u00bb text_orientation=\u00a0\u00bbjustified\u00a0\u00bb custom_margin=\u00a0\u00bb||13px|||\u00a0\u00bb global_colors_info=\u00a0\u00bb{}\u00a0\u00bb]<\/p>\n<p>Au cours des cinq derni\u00e8res ann\u00e9es, 25 nouvelles usines MBA ont \u00e9t\u00e9 construites en Europe. En moyenne, une capacit\u00e9 d&rsquo;environ 2,2 millions de tonnes par an a \u00e9t\u00e9 mise en service. Au total, environ 570 usines MBA sont en activit\u00e9 en Europe d\u00e9but 2017. Celles-ci ont une capacit\u00e9 de traitement de 55 millions de tonnes de d\u00e9chets. (l&rsquo;information est tir\u00e9e de l&rsquo;\u00e9tude Ecoprog de 2017)<\/p>\n<p>[\/et_pb_text][et_pb_text _builder_version=\u00a0\u00bb4.18.0&Prime; _module_preset=\u00a0\u00bbdefault\u00a0\u00bb text_font=\u00a0\u00bbMontserrat||||||||\u00a0\u00bb header_2_font=\u00a0\u00bbMontserrat|700|||||||\u00a0\u00bb header_2_text_align=\u00a0\u00bbcenter\u00a0\u00bb header_2_text_color=\u00a0\u00bbrgba(0,0,0,0.63)\u00a0\u00bb header_2_line_height=\u00a0\u00bb1.5em\u00a0\u00bb text_orientation=\u00a0\u00bbjustified\u00a0\u00bb custom_margin=\u00a0\u00bb||13px|||\u00a0\u00bb global_colors_info=\u00a0\u00bb{}\u00a0\u00bb]<\/p>\n<p>Exporter la protection de l&rsquo;environnement, c&rsquo;est aussi ce que sugg\u00e8re le rapport du Fraunhofer ISI command\u00e9 par l&rsquo;Office f\u00e9d\u00e9ral allemand de l&rsquo;environnement : Umweltinnovationen made in Germany : Quelle contribution peut-on apporter \u00e0 la r\u00e9alisation des \u00ab\u00a0Sustainable Development Goals\u00a0\u00bb.<\/p>\n<p>[\/et_pb_text][\/et_pb_column][et_pb_column type=\u00a0\u00bb1_2&Prime; _builder_version=\u00a0\u00bb4.16&Prime; _module_preset=\u00a0\u00bbdefault\u00a0\u00bb global_colors_info=\u00a0\u00bb{}\u00a0\u00bb][et_pb_image src=\u00a0\u00bbhttps:\/\/plastsave.de\/wp-content\/uploads\/2021\/10\/Bild1.png\u00a0\u00bb title_text=\u00a0\u00bbImage 1&Prime; _builder_version=\u00a0\u00bb4.16&Prime; _module_preset=\u00a0\u00bbdefault\u00a0\u00bb custom_margin=\u00a0\u00bb||10px|||\u00a0\u00bb global_colors_info=\u00a0\u00bb{}\u00a0\u00bb][\/et_pb_image][\/et_pb_column][\/et_pb_row][\/et_pb_section][et_pb_section fb_built=\u00a0\u00bb1&Prime; admin_label=\u00a0\u00bbKreislaufende\u00a0\u00bb _builder_version=\u00a0\u00bb4.16&Prime; _module_preset=\u00a0\u00bbdefault\u00a0\u00bb background_enable_image=\u00a0\u00bboff\u00a0\u00bb custom_padding=\u00a0\u00bb11px||12px|||\u00a0\u00bb global_colors_info=\u00a0\u00bb{}\u00a0\u00bb][et_pb_row _builder_version=\u00a0\u00bb4.16&Prime; _module_preset=\u00a0\u00bbdefault\u00a0\u00bb custom_padding=\u00a0\u00bb15px||12px|||\u00a0\u00bb global_colors_info=\u00a0\u00bb{}\u00a0\u00bb][et_pb_column type=\u00a0\u00bb4_4&Prime; _builder_version=\u00a0\u00bb4.16&Prime; _module_preset=\u00a0\u00bbdefault\u00a0\u00bb global_colors_info=\u00a0\u00bb{}\u00a0\u00bb][et_pb_image src=\u00a0\u00bbhttps:\/\/plastsave.de\/wp-content\/uploads\/2021\/10\/Recycle-Logo_transparent.png\u00a0\u00bb title_text=\u00a0\u00bbRecycler Logo_transparent\u00a0\u00bb _builder_version=\u00a0\u00bb4.16&Prime; _module_preset=\u00a0\u00bbdefault\u00a0\u00bb width=\u00a0\u00bb50%\u00a0\u00bb max_width=\u00a0\u00bb50%\u00a0\u00bb module_alignment=\u00a0\u00bbcenter\u00a0\u00bb custom_margin=\u00a0\u00bb||6px|||\u00a0\u00bb custom_padding=\u00a0\u00bb||0px|||\u00a0\u00bb global_colors_info=\u00a0\u00bb{}\u00a0\u00bb][\/et_pb_image][et_pb_text _builder_version=\u00a0\u00bb4.16&Prime; _module_preset=\u00a0\u00bbdefault\u00a0\u00bb text_font=\u00a0\u00bbMontserrat|500|||||||\u00a0\u00bb header_text_color=\u00a0\u00bb#000000&Prime; header_2_font=\u00a0\u00bbMontserrat|600|||||||\u00a0\u00bb header_2_text_align=\u00a0\u00bbcenter\u00a0\u00bb header_2_font_size=\u00a0\u00bb20px\u00a0\u00bb header_2_line_height=\u00a0\u00bb1.5em\u00a0\u00bb text_orientation=\u00a0\u00bbcenter\u00a0\u00bb custom_margin=\u00a0\u00bb||13px|||\u00a0\u00bb custom_padding=\u00a0\u00bb||0px|||\u00a0\u00bb global_colors_info=\u00a0\u00bb{}\u00a0\u00bb]<\/p>\n<h2>La seconde chance de tout le monde!<\/h2>\n<p>[\/et_pb_text][\/et_pb_column][\/et_pb_row][\/et_pb_section]<\/p>\n","protected":false},"excerpt":{"rendered":"<p>\u00c9conomie circulaire? Pas vraiment, non?Les usines de traitement m\u00e9cano-biologique des d\u00e9chets (MBA) sont pour de nombreuses municipalit\u00e9s au niveau national et international le point de contact pour les d\u00e9chets g\u00e9n\u00e9r\u00e9s par leurs citoyens. Apr\u00e8s pr\u00e9-tri par le MBA, une utilisation ult\u00e9rieure est d\u00e9termin\u00e9e ici. Celle-ci est alors g\u00e9n\u00e9ralement d\u00e9finie sous la forme d&rsquo;une destruction totale, [&hellip;]<\/p>\n","protected":false},"author":1,"featured_media":0,"parent":0,"menu_order":0,"comment_status":"closed","ping_status":"closed","template":"","meta":{"_et_pb_use_builder":"on","_et_pb_old_content":"","_et_gb_content_width":"","footnotes":""},"class_list":["post-247399","page","type-page","status-publish","hentry"],"_links":{"self":[{"href":"https:\/\/plastsave.de\/fr\/wp-json\/wp\/v2\/pages\/247399","targetHints":{"allow":["GET"]}}],"collection":[{"href":"https:\/\/plastsave.de\/fr\/wp-json\/wp\/v2\/pages"}],"about":[{"href":"https:\/\/plastsave.de\/fr\/wp-json\/wp\/v2\/types\/page"}],"author":[{"embeddable":true,"href":"https:\/\/plastsave.de\/fr\/wp-json\/wp\/v2\/users\/1"}],"replies":[{"embeddable":true,"href":"https:\/\/plastsave.de\/fr\/wp-json\/wp\/v2\/comments?post=247399"}],"version-history":[{"count":2,"href":"https:\/\/plastsave.de\/fr\/wp-json\/wp\/v2\/pages\/247399\/revisions"}],"predecessor-version":[{"id":247401,"href":"https:\/\/plastsave.de\/fr\/wp-json\/wp\/v2\/pages\/247399\/revisions\/247401"}],"wp:attachment":[{"href":"https:\/\/plastsave.de\/fr\/wp-json\/wp\/v2\/media?parent=247399"}],"curies":[{"name":"wp","href":"https:\/\/api.w.org\/{rel}","templated":true}]}}