{"id":25785,"date":"2022-02-04T16:16:34","date_gmt":"2022-02-04T15:16:34","guid":{"rendered":"https:\/\/plastsave.de\/equipe\/"},"modified":"2022-02-04T16:19:44","modified_gmt":"2022-02-04T15:19:44","slug":"equipe","status":"publish","type":"page","link":"https:\/\/plastsave.de\/fr\/equipe\/","title":{"rendered":"\u00c9quipe"},"content":{"rendered":"<p>[et_pb_section fb_built=\u00a0\u00bb1&Prime; _builder_version=\u00a0\u00bb4.11.2&Prime; _module_preset=\u00a0\u00bbdefault\u00a0\u00bb use_background_color_gradient=\u00a0\u00bbon\u00a0\u00bb background_color_gradient_start=\u00a0\u00bb#4872a1&Prime; background_color_gradient_end=\u00a0\u00bb#0c71c3&Prime; background_image=\u00a0\u00bbhttps:\/\/plastsave.de\/wp-content\/uploads\/2021\/10\/circle-background-pattern.png\u00a0\u00bb custom_padding=\u00a0\u00bb15px||12px|||\u00a0\u00bb global_colors_info=\u00a0\u00bb{}\u00a0\u00bb][et_pb_row _builder_version=\u00a0\u00bb4.11.2&Prime; _module_preset=\u00a0\u00bbdefault\u00a0\u00bb custom_padding=\u00a0\u00bb16px||11px|||\u00a0\u00bb global_colors_info=\u00a0\u00bb{}\u00a0\u00bb][et_pb_column type=\u00a0\u00bb4_4&Prime; _builder_version=\u00a0\u00bb4.11.2&Prime; _module_preset=\u00a0\u00bbdefault\u00a0\u00bb global_colors_info=\u00a0\u00bb{}\u00a0\u00bb][et_pb_text _builder_version=\u00a0\u00bb4.13.0&Prime; _module_preset=\u00a0\u00bbdefault\u00a0\u00bb text_font=\u00a0\u00bbMontserrat|700|||||||\u00a0\u00bb header_font=\u00a0\u00bbMontserrat|600|||||||\u00a0\u00bb header_text_color=\u00a0\u00bb#FFFFFF\u00a0\u00bb global_colors_info=\u00a0\u00bb{}\u00a0\u00bb]<\/p>\n<h1>Les esprits derri\u00e8re \u00ab\u00a0plastsave\u00a0\u00bb Umwelttechnik KG<\/h1>\n<p>[\/et_pb_text][\/et_pb_column][\/et_pb_row][\/et_pb_section][et_pb_section fb_built=\u00a0\u00bb1&Prime; _builder_version=\u00a0\u00bb4.11.2&Prime; _module_preset=\u00a0\u00bbdefault\u00a0\u00bb background_enable_image=\u00a0\u00bboff\u00a0\u00bb custom_padding=\u00a0\u00bb16px||21px|||\u00a0\u00bb global_colors_info=\u00a0\u00bb{}\u00a0\u00bb][et_pb_row _builder_version=\u00a0\u00bb4.11.2&Prime; _module_preset=\u00a0\u00bbdefault\u00a0\u00bb custom_padding=\u00a0\u00bb15px||13px|||\u00a0\u00bb global_colors_info=\u00a0\u00bb{}\u00a0\u00bb][et_pb_column type=\u00a0\u00bb4_4&Prime; _builder_version=\u00a0\u00bb4.11.2&Prime; _module_preset=\u00a0\u00bbdefault\u00a0\u00bb global_colors_info=\u00a0\u00bb{}\u00a0\u00bb][et_pb_text _builder_version=\u00a0\u00bb4.13.0&Prime; _module_preset=\u00a0\u00bbdefault\u00a0\u00bb text_font=\u00a0\u00bbMontserrat||||||||\u00a0\u00bb header_font=\u00a0\u00bbMontserrat|700|||||||\u00a0\u00bb header_text_color=\u00a0\u00bb#FFFFFF\u00a0\u00bb header_font_size=\u00a0\u00bb40px\u00a0\u00bb header_2_font=\u00a0\u00bbMontserrat||||||||\u00a0\u00bb header_2_text_color=\u00a0\u00bb#000000&Prime; header_3_font=\u00a0\u00bbMontserrat||||||||\u00a0\u00bb header_4_font=\u00a0\u00bbMontserrat||||||||\u00a0\u00bb text_orientation=\u00a0\u00bbjustified\u00a0\u00bb global_colors_info=\u00a0\u00bb{}\u00a0\u00bb]<\/p>\n<p>Toutes les personnes impliqu\u00e9es dans l&rsquo;entreprise, comme Ulrich Winkler et Willi M\u00f6ller, apportent leurs connaissances, leur exp\u00e9rience et leurs qualifications \u00e0 l&rsquo;entreprise.<\/p>\n<p>Ulrich Winkler revient sur 33 ans de coop\u00e9ration avec des entreprises internationales de l&rsquo;industrie des mati\u00e8res plastiques et sur sa formation en droit fiscal, s\u00e9rigraphie et \u00e9tudes VWA en administration des affaires. En autodidacte, il d\u00e9veloppe des inventions pour le nettoyage et le d\u00e9capage des polyol\u00e9fines. Apr\u00e8s pr\u00e8s de six ans d&rsquo;instruction et de prise de d\u00e9cision \u00e0 la DPMA, il obtient un brevet pour son invention.<\/p>\n<p>Willi M\u00f6ller entre dans l&rsquo;entreprise apr\u00e8s 30 ans de formation en tant que conseiller fiscal et auditeur.<\/p>\n<p>[\/et_pb_text][\/et_pb_column][\/et_pb_row][\/et_pb_section][et_pb_section fb_built=\u00a0\u00bb1&Prime; _builder_version=\u00a0\u00bb4.11.2&Prime; _module_preset=\u00a0\u00bbdefault\u00a0\u00bb background_color=\u00a0\u00bb#f7f7f7&Prime; background_image=\u00a0\u00bbhttps:\/\/plastsave.de\/wp-content\/uploads\/2021\/10\/circle-background-pattern.png\u00a0\u00bb custom_padding=\u00a0\u00bb21px||16px|||\u00a0\u00bb global_colors_info=\u00a0\u00bb{}\u00a0\u00bb][et_pb_row column_structure=\u00a0\u00bb1_3,1_3,1_3&Prime; _builder_version=\u00a0\u00bb4.11.4&Prime; _module_preset=\u00a0\u00bbdefault\u00a0\u00bb custom_padding=\u00a0\u00bb||11px|||\u00a0\u00bb global_colors_info=\u00a0\u00bb{}\u00a0\u00bb][et_pb_column type=\u00a0\u00bb1_3&Prime; _builder_version=\u00a0\u00bb4.11.4&Prime; _module_preset=\u00a0\u00bbdefault\u00a0\u00bb global_colors_info=\u00a0\u00bb{}\u00a0\u00bb][dnxte_person teamperson_image=\u00a0\u00bbhttps:\/\/plastsave.de\/wp-content\/uploads\/2021\/10\/Ulrich_Winkler_Foto.png\u00a0\u00bb teamperson_name=\u00a0\u00bbUlrich Winkler\u00a0\u00bb teamperson_position=\u00a0\u00bbPDG et fondateur\u00a0\u00bb person_alignment=\u00a0\u00bbcenter\u00a0\u00bb person_top=\u00a0\u00bbtop-center\u00a0\u00bb person_title_margin=\u00a0\u00bb15px||||false|false\u00a0\u00bb _builder_version=\u00a0\u00bb4.14.7&Prime; _module_preset=\u00a0\u00bbdefault\u00a0\u00bb header_font=\u00a0\u00bbMontserrat|700|||||||\u00a0\u00bb header_text_align=\u00a0\u00bbcenter\u00a0\u00bb body_font=\u00a0\u00bbMontserrat||||||||\u00a0\u00bb body_text_align=\u00a0\u00bbleft\u00a0\u00bb position_font=\u00a0\u00bbMontserrat||||||||\u00a0\u00bb position_text_align=\u00a0\u00bbcenter\u00a0\u00bb hover_enabled=\u00a0\u00bb0&Prime; border_radii_image=\u00a0\u00bbon|15px|15px|15px|15px\u00a0\u00bb border_radii_content_border=\u00a0\u00bbon|15px|15px|15px|15px\u00a0\u00bb global_colors_info=\u00a0\u00bb{}\u00a0\u00bb sticky_enabled=\u00a0\u00bb0&Prime;][\/dnxte_person][\/et_pb_column][et_pb_column type=\u00a0\u00bb1_3&Prime; _builder_version=\u00a0\u00bb4.11.4&Prime; _module_preset=\u00a0\u00bbdefault\u00a0\u00bb global_colors_info=\u00a0\u00bb{}\u00a0\u00bb][dnxte_person teamperson_image=\u00a0\u00bbhttps:\/\/plastsave.de\/wp-content\/uploads\/2021\/10\/Willi_Moeller_Foto-3.png\u00a0\u00bb teamperson_name=\u00a0\u00bbWilli M\u00f6ller\u00a0\u00bb teamperson_position=\u00a0\u00bbConseiller fiscal CPA\u00a0\u00bb person_alignment=\u00a0\u00bbcenter\u00a0\u00bb person_top=\u00a0\u00bbtop-center\u00a0\u00bb person_title_margin=\u00a0\u00bb15px||||false|false\u00a0\u00bb _builder_version=\u00a0\u00bb4.14.7&Prime; _module_preset=\u00a0\u00bbdefault\u00a0\u00bb header_font=\u00a0\u00bbMontserrat|700|||||||\u00a0\u00bb header_text_align=\u00a0\u00bbcenter\u00a0\u00bb body_font=\u00a0\u00bbMontserrat||||||||\u00a0\u00bb body_text_align=\u00a0\u00bbleft\u00a0\u00bb position_font=\u00a0\u00bbMontserrat||||||||\u00a0\u00bb position_text_align=\u00a0\u00bbcenter\u00a0\u00bb hover_enabled=\u00a0\u00bb0&Prime; border_radii_image=\u00a0\u00bbon|15px|15px|15px|15px\u00a0\u00bb border_radii_content_border=\u00a0\u00bbon|15px|15px|15px|15px\u00a0\u00bb global_colors_info=\u00a0\u00bb{}\u00a0\u00bb sticky_enabled=\u00a0\u00bb0&Prime;][\/dnxte_person][\/et_pb_column][et_pb_column type=\u00a0\u00bb1_3&Prime; _builder_version=\u00a0\u00bb4.11.4&Prime; _module_preset=\u00a0\u00bbdefault\u00a0\u00bb global_colors_info=\u00a0\u00bb{}\u00a0\u00bb][dnxte_person teamperson_image=\u00a0\u00bbhttps:\/\/plastsave.de\/wp-content\/uploads\/2021\/10\/Markolf_Schmidt_Foto.png\u00a0\u00bb teamperson_name=\u00a0\u00bbMarkolf Schmidt\u00a0\u00bb teamperson_position=\u00a0\u00bbAvocat national en droit bancaire et des march\u00e9s de capitaux\u00a0\u00bb person_alignment=\u00a0\u00bbcenter\u00a0\u00bb person_top=\u00a0\u00bbtop-center\u00a0\u00bb person_title_margin=\u00a0\u00bb15px||||false|false\u00a0\u00bb _builder_version=\u00a0\u00bb4.14.7&Prime; _module_preset=\u00a0\u00bbdefault\u00a0\u00bb header_font=\u00a0\u00bbMontserrat|700|||||||\u00a0\u00bb header_text_align=\u00a0\u00bbcenter\u00a0\u00bb body_font=\u00a0\u00bbMontserrat||||||||\u00a0\u00bb body_text_align=\u00a0\u00bbleft\u00a0\u00bb position_font=\u00a0\u00bbMontserrat||||||||\u00a0\u00bb position_text_align=\u00a0\u00bbcenter\u00a0\u00bb hover_enabled=\u00a0\u00bb0&Prime; border_radii_image=\u00a0\u00bbon|15px|15px|15px|15px\u00a0\u00bb border_radii_content_border=\u00a0\u00bbon|15px|15px|15px|15px\u00a0\u00bb global_colors_info=\u00a0\u00bb{}\u00a0\u00bb sticky_enabled=\u00a0\u00bb0&Prime;][\/dnxte_person][\/et_pb_column][\/et_pb_row][\/et_pb_section]<\/p>\n","protected":false},"excerpt":{"rendered":"<p>Les esprits derri\u00e8re \u00ab\u00a0plastsave\u00a0\u00bb Umwelttechnik KGToutes les personnes impliqu\u00e9es dans l&rsquo;entreprise, comme Ulrich Winkler et Willi M\u00f6ller, apportent leurs connaissances, leur exp\u00e9rience et leurs qualifications \u00e0 l&rsquo;entreprise. Ulrich Winkler revient sur 33 ans de coop\u00e9ration avec des entreprises internationales de l&rsquo;industrie des mati\u00e8res plastiques et sur sa formation en droit fiscal, s\u00e9rigraphie et \u00e9tudes VWA [&hellip;]<\/p>\n","protected":false},"author":1,"featured_media":0,"parent":0,"menu_order":0,"comment_status":"closed","ping_status":"closed","template":"","meta":{"_et_pb_use_builder":"on","_et_pb_old_content":"","_et_gb_content_width":"","footnotes":""},"class_list":["post-25785","page","type-page","status-publish","hentry"],"_links":{"self":[{"href":"https:\/\/plastsave.de\/fr\/wp-json\/wp\/v2\/pages\/25785","targetHints":{"allow":["GET"]}}],"collection":[{"href":"https:\/\/plastsave.de\/fr\/wp-json\/wp\/v2\/pages"}],"about":[{"href":"https:\/\/plastsave.de\/fr\/wp-json\/wp\/v2\/types\/page"}],"author":[{"embeddable":true,"href":"https:\/\/plastsave.de\/fr\/wp-json\/wp\/v2\/users\/1"}],"replies":[{"embeddable":true,"href":"https:\/\/plastsave.de\/fr\/wp-json\/wp\/v2\/comments?post=25785"}],"version-history":[{"count":3,"href":"https:\/\/plastsave.de\/fr\/wp-json\/wp\/v2\/pages\/25785\/revisions"}],"predecessor-version":[{"id":25788,"href":"https:\/\/plastsave.de\/fr\/wp-json\/wp\/v2\/pages\/25785\/revisions\/25788"}],"wp:attachment":[{"href":"https:\/\/plastsave.de\/fr\/wp-json\/wp\/v2\/media?parent=25785"}],"curies":[{"name":"wp","href":"https:\/\/api.w.org\/{rel}","templated":true}]}}