{"id":25805,"date":"2022-02-04T17:00:17","date_gmt":"2022-02-04T16:00:17","guid":{"rendered":"https:\/\/plastsave.de\/avertissement\/"},"modified":"2022-02-04T17:00:20","modified_gmt":"2022-02-04T16:00:20","slug":"avertissement","status":"publish","type":"page","link":"https:\/\/plastsave.de\/fr\/avertissement\/","title":{"rendered":"Avertissement"},"content":{"rendered":"<p>[et_pb_section fb_built=\u00a0\u00bb1&Prime; _builder_version=\u00a0\u00bb4.11.2&Prime; _module_preset=\u00a0\u00bbdefault\u00a0\u00bb use_background_color_gradient=\u00a0\u00bbon\u00a0\u00bb background_color_gradient_start=\u00a0\u00bb#4872a1&Prime; background_color_gradient_end=\u00a0\u00bb#0c71c3&Prime; background_image=\u00a0\u00bbhttps:\/\/plastsave.de\/wp-content\/uploads\/2021\/10\/circle-background-pattern.png\u00a0\u00bb global_colors_info=\u00a0\u00bb{}\u00a0\u00bb custom_padding=\u00a0\u00bb11px||10px|||\u00a0\u00bb][et_pb_row _builder_version=\u00a0\u00bb4.11.2&Prime; _module_preset=\u00a0\u00bbdefault\u00a0\u00bb global_colors_info=\u00a0\u00bb{}\u00a0\u00bb custom_padding=\u00a0\u00bb12px||13px|||\u00a0\u00bb][et_pb_column type=\u00a0\u00bb4_4&Prime; _builder_version=\u00a0\u00bb4.11.2&Prime; _module_preset=\u00a0\u00bbdefault\u00a0\u00bb global_colors_info=\u00a0\u00bb{}\u00a0\u00bb][et_pb_text _builder_version=\u00a0\u00bb4.13.0&Prime; _module_preset=\u00a0\u00bbdefault\u00a0\u00bb text_font=\u00a0\u00bbMontserrat|700|||||||\u00a0\u00bb header_font=\u00a0\u00bbMontserrat|600|||||||\u00a0\u00bb header_text_color=\u00a0\u00bb#FFFFFF\u00a0\u00bb hover_enabled=\u00a0\u00bb0&Prime; global_colors_info=\u00a0\u00bb{}\u00a0\u00bb sticky_enabled=\u00a0\u00bb0&Prime;]<\/p>\n<h1>Avertissement<\/h1>\n<p>[\/et_pb_text][\/et_pb_column][\/et_pb_row][\/et_pb_section][et_pb_section fb_built=\u00a0\u00bb1&Prime; _builder_version=\u00a0\u00bb4.11.2&Prime; _module_preset=\u00a0\u00bbdefault\u00a0\u00bb background_color=\u00a0\u00bbRGBA(0,0,0,0)\u00a0\u00bb background_image=\u00a0\u00bbhttps:\/\/plastsave.de\/wp-content\/uploads\/2021\/09\/coding-dots.png\u00a0\u00bb background_size=\u00a0\u00bbcontain\u00a0\u00bb background_position=\u00a0\u00bbcenter_right\u00a0\u00bb background_repeat=\u00a0\u00bbrepeat-y\u00a0\u00bb global_colors_info=\u00a0\u00bb{}\u00a0\u00bb custom_padding=\u00a0\u00bb12px|||||\u00a0\u00bb][et_pb_row _builder_version=\u00a0\u00bb4.11.2&Prime; _module_preset=\u00a0\u00bbdefault\u00a0\u00bb global_colors_info=\u00a0\u00bb{}\u00a0\u00bb][et_pb_column type=\u00a0\u00bb4_4&Prime; _builder_version=\u00a0\u00bb4.11.2&Prime; _module_preset=\u00a0\u00bbdefault\u00a0\u00bb global_colors_info=\u00a0\u00bb{}\u00a0\u00bb][et_pb_accordion icon_color=\u00a0\u00bb#000000&Prime; _builder_version=\u00a0\u00bb4.13.0&Prime; _module_preset=\u00a0\u00bbdefault\u00a0\u00bb hover_enabled=\u00a0\u00bb0&Prime; global_colors_info=\u00a0\u00bb{}\u00a0\u00bb sticky_enabled=\u00a0\u00bb0&Prime;][et_pb_accordion_item title=\u00a0\u00bb1. Limitation de responsabilit\u00e9\u00a0\u00bb open=\u00a0\u00bbon\u00a0\u00bb _builder_version=\u00a0\u00bb4.13.0&Prime; _module_preset=\u00a0\u00bbdefault\u00a0\u00bb body_font=\u00a0\u00bbMontserrat||||||||\u00a0\u00bb body_text_align=\u00a0\u00bbjustify\u00a0\u00bb background_color=\u00a0\u00bbRGBA(0,0,0,0)\u00a0\u00bb background_enable_color=\u00a0\u00bbon\u00a0\u00bb text_orientation=\u00a0\u00bbjustified\u00a0\u00bb hover_enabled=\u00a0\u00bb0&Prime; global_colors_info=\u00a0\u00bb{}\u00a0\u00bb toggle_level=\u00a0\u00bbh2&Prime; toggle_font=\u00a0\u00bbMontserrat|600|||||||\u00a0\u00bb closed_toggle_font=\u00a0\u00bbMontserrat||||||||\u00a0\u00bb toggle_font_size=\u00a0\u00bb17px\u00a0\u00bb closed_toggle_font_size=\u00a0\u00bb14px\u00a0\u00bb sticky_enabled=\u00a0\u00bb0&Prime;]<\/p>\n<p>En tant que \u00ab\u00a0plastsave\u00a0\u00bb Umwelttechnik KG, nous vous fournissons des informations gratuites et librement accessibles sur notre site Internet www.plastsave.de. Nous essayons d&rsquo;\u00eatre aussi prudents que possible. N\u00e9anmoins, des erreurs ne peuvent pas \u00eatre totalement exclues. Une responsabilit\u00e9 ou une garantie pour l&rsquo;actualit\u00e9, l&rsquo;exactitude et l&rsquo;exhaustivit\u00e9 des informations fournies ne peut donc pas \u00eatre assum\u00e9e.<\/p>\n<p>En tant que prestataire de services et en tant que fournisseur de ce site Internet, notre soci\u00e9t\u00e9 est responsable de son propre contenu et des informations fournies sur ces pages conform\u00e9ment \u00e0 l&rsquo;article 7 TMG conform\u00e9ment au droit commun. Conform\u00e9ment aux \u00a7\u00a7 8 \u00e0 10 TMG, nous ne sommes toutefois pas tenus de surveiller les informations tierces transmises ou stock\u00e9es. Une suppression ou un blocage de ce contenu a lieu imm\u00e9diatement \u00e0 partir du moment de la connaissance d&rsquo;une violation sp\u00e9cifique de la loi. La responsabilit\u00e9 n&rsquo;est possible qu&rsquo;\u00e0 partir du moment o\u00f9 l&rsquo;on a connaissance d&rsquo;une infraction concr\u00e8te \u00e0 la loi.<\/p>\n<p>Les informations contenues et pr\u00e9sent\u00e9es sur ce site Web sont uniquement \u00e0 des fins d&rsquo;information g\u00e9n\u00e9rale et ne constituent pas des conseils commerciaux, juridiques ou fiscaux.<\/p>\n<p>Nous nous r\u00e9servons le droit de modifier ou de supprimer tout ou partie du contenu de ce site Web, dans la mesure o\u00f9 les obligations contractuelles n&rsquo;en sont pas affect\u00e9es.<\/p>\n<p>Nous nous effor\u00e7ons de maintenir ce site Web exempt de virus ou d&rsquo;autres logiciels malveillants \u00e0 tout moment, mais nous ne pouvons assumer aucune responsabilit\u00e9 en cas d&rsquo;absence de virus. L&rsquo;utilisateur respectif du site Web doit prendre toutes les pr\u00e9cautions de s\u00e9curit\u00e9 n\u00e9cessaires pour \u00e9viter les virus avant de t\u00e9l\u00e9charger le contenu fourni.<\/p>\n<p>[\/et_pb_accordion_item][et_pb_accordion_item title=\u00a0\u00bb2. Liens vers d&rsquo;autres sites Web\u00a0\u00bb _builder_version=\u00a0\u00bb4.13.0&Prime; _module_preset=\u00a0\u00bbdefault\u00a0\u00bb body_font=\u00a0\u00bbMontserrat||||||||\u00a0\u00bb body_text_align=\u00a0\u00bbjustify\u00a0\u00bb background_color=\u00a0\u00bbRGBA(0,0,0,0)\u00a0\u00bb background_enable_color=\u00a0\u00bbon\u00a0\u00bb text_orientation=\u00a0\u00bbjustified\u00a0\u00bb hover_enabled=\u00a0\u00bb0&Prime; global_colors_info=\u00a0\u00bb{}\u00a0\u00bb toggle_level=\u00a0\u00bbh2&Prime; toggle_font=\u00a0\u00bbMontserrat|600|||||||\u00a0\u00bb closed_toggle_font=\u00a0\u00bbMontserrat||||||||\u00a0\u00bb open=\u00a0\u00bboff\u00a0\u00bb toggle_font_size=\u00a0\u00bb17px\u00a0\u00bb sticky_enabled=\u00a0\u00bb0&Prime;]<\/p>\n<p>Notre offre contient des liens vers des sites Web externes de tiers, sur lesquels nous n&rsquo;avons aucune influence. Par cons\u00e9quent, nous ne pouvons assumer aucune responsabilit\u00e9 pour ce contenu externe. Le fournisseur ou l&rsquo;exploitant respectif des pages est toujours responsable du contenu des pages li\u00e9es. Les pages li\u00e9es ont \u00e9t\u00e9 v\u00e9rifi\u00e9es pour d&rsquo;\u00e9ventuelles violations de la loi au moment de la liaison. Le contenu ill\u00e9gal n&rsquo;\u00e9tait pas reconnaissable au moment de la cr\u00e9ation du lien. Cependant, un contr\u00f4le permanent du contenu des pages li\u00e9es n&rsquo;est pas raisonnable sans preuves concr\u00e8tes d&rsquo;une infraction. D\u00e8s que nous aurons connaissance de violations l\u00e9gales, nous supprimerons imm\u00e9diatement ces liens.<\/p>\n<p>Si vous acc\u00e9dez \u00e0 un site Web externe \u00e0 partir de notre site (lien externe), le fournisseur externe peut recevoir des informations de votre navigateur sur lequel de nos sites Web vous venez. Le fournisseur externe est responsable de ces donn\u00e9es. Comme tout autre fournisseur de site Web, nous ne sommes pas en mesure d&rsquo;influencer ce processus.<\/p>\n<p>[\/et_pb_accordion_item][et_pb_accordion_item title=\u00a0\u00bb3. Droits d&rsquo;auteur \/ droits d&rsquo;auteur accessoires\u00a0\u00bb _builder_version=\u00a0\u00bb4.13.0&Prime; _module_preset=\u00a0\u00bbdefault\u00a0\u00bb body_font=\u00a0\u00bbMontserrat||||||||\u00a0\u00bb body_text_align=\u00a0\u00bbjustify\u00a0\u00bb background_color=\u00a0\u00bbRGBA(0,0,0,0)\u00a0\u00bb background_enable_color=\u00a0\u00bbon\u00a0\u00bb text_orientation=\u00a0\u00bbjustified\u00a0\u00bb hover_enabled=\u00a0\u00bb0&Prime; global_colors_info=\u00a0\u00bb{}\u00a0\u00bb toggle_level=\u00a0\u00bbh2&Prime; toggle_font=\u00a0\u00bbMontserrat|600|||||||\u00a0\u00bb closed_toggle_font=\u00a0\u00bbMontserrat||||||||\u00a0\u00bb open=\u00a0\u00bboff\u00a0\u00bb toggle_font_size=\u00a0\u00bb17px\u00a0\u00bb sticky_enabled=\u00a0\u00bb0&Prime;]<\/p>\n<p>Tous les textes, images, contenus, graphiques, fichiers, la structure et la mise en page de ce site Web sont prot\u00e9g\u00e9s par le droit d&rsquo;auteur et le droit d&rsquo;auteur accessoire. Toutes les utilisations non autoris\u00e9es par le droit d&rsquo;auteur allemand et le droit d&rsquo;auteur accessoire n\u00e9cessitent l&rsquo;accord \u00e9crit pr\u00e9alable de notre association. Cela s&rsquo;applique en particulier \u00e0 la duplication, au traitement, \u00e0 la traduction, au stockage, au traitement ou \u00e0 la reproduction de contenus dans des bases de donn\u00e9es ou d&rsquo;autres supports et syst\u00e8mes \u00e9lectroniques ou autres. La copie non autoris\u00e9e du contenu du site Web ou de l&rsquo;int\u00e9gralit\u00e9 du site Web n&rsquo;est pas autoris\u00e9e et constitue une infraction punissable. Ce site Web ne peut pas \u00eatre affich\u00e9 par des tiers dans des cadres, des iframes ou de toute autre mani\u00e8re sans autorisation \u00e9crite.<\/p>\n<p>Dans la mesure o\u00f9 le contenu de ce site n&rsquo;a pas \u00e9t\u00e9 cr\u00e9\u00e9 par nous, les droits d&rsquo;auteur de tiers sont respect\u00e9s. En particulier, les contenus de tiers sont signal\u00e9s comme tels. Si vous avez n\u00e9anmoins connaissance d&rsquo;une violation du droit d&rsquo;auteur, nous vous demandons de nous en informer en cons\u00e9quence. D\u00e8s que nous aurons connaissance de violations l\u00e9gales, nous supprimerons imm\u00e9diatement ce contenu.<\/p>\n<p>[\/et_pb_accordion_item][\/et_pb_accordion][\/et_pb_column][\/et_pb_row][\/et_pb_section]<\/p>\n","protected":false},"excerpt":{"rendered":"<p>AvertissementEn tant que \u00ab\u00a0plastsave\u00a0\u00bb Umwelttechnik KG, nous vous fournissons des informations gratuites et librement accessibles sur notre site Internet www.plastsave.de. Nous essayons d&rsquo;\u00eatre aussi prudents que possible. N\u00e9anmoins, des erreurs ne peuvent pas \u00eatre totalement exclues. Une responsabilit\u00e9 ou une garantie pour l&rsquo;actualit\u00e9, l&rsquo;exactitude et l&rsquo;exhaustivit\u00e9 des informations fournies ne peut donc pas \u00eatre assum\u00e9e. [&hellip;]<\/p>\n","protected":false},"author":1,"featured_media":0,"parent":0,"menu_order":0,"comment_status":"closed","ping_status":"closed","template":"","meta":{"_et_pb_use_builder":"on","_et_pb_old_content":"","_et_gb_content_width":"","footnotes":""},"class_list":["post-25805","page","type-page","status-publish","hentry"],"_links":{"self":[{"href":"https:\/\/plastsave.de\/fr\/wp-json\/wp\/v2\/pages\/25805","targetHints":{"allow":["GET"]}}],"collection":[{"href":"https:\/\/plastsave.de\/fr\/wp-json\/wp\/v2\/pages"}],"about":[{"href":"https:\/\/plastsave.de\/fr\/wp-json\/wp\/v2\/types\/page"}],"author":[{"embeddable":true,"href":"https:\/\/plastsave.de\/fr\/wp-json\/wp\/v2\/users\/1"}],"replies":[{"embeddable":true,"href":"https:\/\/plastsave.de\/fr\/wp-json\/wp\/v2\/comments?post=25805"}],"version-history":[{"count":2,"href":"https:\/\/plastsave.de\/fr\/wp-json\/wp\/v2\/pages\/25805\/revisions"}],"predecessor-version":[{"id":25807,"href":"https:\/\/plastsave.de\/fr\/wp-json\/wp\/v2\/pages\/25805\/revisions\/25807"}],"wp:attachment":[{"href":"https:\/\/plastsave.de\/fr\/wp-json\/wp\/v2\/media?parent=25805"}],"curies":[{"name":"wp","href":"https:\/\/api.w.org\/{rel}","templated":true}]}}