{"id":25808,"date":"2022-02-04T17:03:12","date_gmt":"2022-02-04T16:03:12","guid":{"rendered":"https:\/\/plastsave.de\/imprimer\/"},"modified":"2022-06-29T06:12:07","modified_gmt":"2022-06-29T04:12:07","slug":"imprimer","status":"publish","type":"page","link":"https:\/\/plastsave.de\/fr\/imprimer\/","title":{"rendered":"Imprimer"},"content":{"rendered":"<p>[et_pb_section fb_built=\u00a0\u00bb1&Prime; _builder_version=\u00a0\u00bb4.16&Prime; _module_preset=\u00a0\u00bbdefault\u00a0\u00bb use_background_color_gradient=\u00a0\u00bbon\u00a0\u00bb background_color_gradient_stops=\u00a0\u00bb#4872a1 0%|#0c71c3 100%\u00a0\u00bb background_color_gradient_start=\u00a0\u00bb#4872a1&Prime; background_color_gradient_end=\u00a0\u00bb#0c71c3&Prime; background_image=\u00a0\u00bbhttps:\/\/plastsave.de\/wp-content\/uploads\/2021\/10\/circle-background-pattern.png\u00a0\u00bb custom_padding=\u00a0\u00bb14px||2px|||\u00a0\u00bb global_colors_info=\u00a0\u00bb{}\u00a0\u00bb][et_pb_row _builder_version=\u00a0\u00bb4.16&Prime; _module_preset=\u00a0\u00bbdefault\u00a0\u00bb custom_padding=\u00a0\u00bb13px||10px|||\u00a0\u00bb global_colors_info=\u00a0\u00bb{}\u00a0\u00bb][et_pb_column type=\u00a0\u00bb4_4&Prime; _builder_version=\u00a0\u00bb4.16&Prime; _module_preset=\u00a0\u00bbdefault\u00a0\u00bb global_colors_info=\u00a0\u00bb{}\u00a0\u00bb][et_pb_text _builder_version=\u00a0\u00bb4.16&Prime; _module_preset=\u00a0\u00bbdefault\u00a0\u00bb text_font=\u00a0\u00bbMontserrat|700|||||||\u00a0\u00bb header_font=\u00a0\u00bbMontserrat|600|||||||\u00a0\u00bb header_text_color=\u00a0\u00bb#FFFFFF\u00a0\u00bb global_colors_info=\u00a0\u00bb{}\u00a0\u00bb]<\/p>\n<h1>Imprimer<\/h1>\n<p>[\/et_pb_text][et_pb_text _builder_version=\u00a0\u00bb4.16&Prime; _module_preset=\u00a0\u00bbdefault\u00a0\u00bb text_font=\u00a0\u00bbMontserrat|700|||||||\u00a0\u00bb header_font=\u00a0\u00bbMontserrat|700|||||||\u00a0\u00bb header_text_color=\u00a0\u00bb#FFFFFF\u00a0\u00bb header_font_size=\u00a0\u00bb40px\u00a0\u00bb header_2_font=\u00a0\u00bbMontserrat||||||||\u00a0\u00bb header_2_text_color=\u00a0\u00bb#FFFFFF\u00a0\u00bb header_2_font_size=\u00a0\u00bb20px\u00a0\u00bb global_colors_info=\u00a0\u00bb{}\u00a0\u00bb]<\/p>\n<h2>Identification du fournisseur<\/h2>\n<p>[\/et_pb_text][\/et_pb_column][\/et_pb_row][\/et_pb_section][et_pb_section fb_built=\u00a0\u00bb1&Prime; _builder_version=\u00a0\u00bb4.16&Prime; _module_preset=\u00a0\u00bbdefault\u00a0\u00bb background_enable_image=\u00a0\u00bboff\u00a0\u00bb custom_padding=\u00a0\u00bb10px||9px|||\u00a0\u00bb global_colors_info=\u00a0\u00bb{}\u00a0\u00bb][et_pb_row _builder_version=\u00a0\u00bb4.16&Prime; _module_preset=\u00a0\u00bbdefault\u00a0\u00bb global_colors_info=\u00a0\u00bb{}\u00a0\u00bb][et_pb_column type=\u00a0\u00bb4_4&Prime; _builder_version=\u00a0\u00bb4.16&Prime; _module_preset=\u00a0\u00bbdefault\u00a0\u00bb global_colors_info=\u00a0\u00bb{}\u00a0\u00bb][et_pb_text _builder_version=\u00a0\u00bb4.16&Prime; _module_preset=\u00a0\u00bbdefault\u00a0\u00bb text_font=\u00a0\u00bbMontserrat|700|||||||\u00a0\u00bb header_font=\u00a0\u00bbMontserrat|600|||||||\u00a0\u00bb header_text_color=\u00a0\u00bb#000000&Prime; header_font_size=\u00a0\u00bb25px\u00a0\u00bb global_colors_info=\u00a0\u00bb{}\u00a0\u00bb]<\/p>\n<h1>Identification du fournisseur l\u00e9gal<\/h1>\n<p>[\/et_pb_text][et_pb_text _builder_version=\u00a0\u00bb4.16&Prime; _module_preset=\u00a0\u00bbdefault\u00a0\u00bb text_font=\u00a0\u00bbMontserrat|700|||||||\u00a0\u00bb header_font=\u00a0\u00bbMontserrat|700|||||||\u00a0\u00bb header_text_color=\u00a0\u00bb#FFFFFF\u00a0\u00bb header_font_size=\u00a0\u00bb40px\u00a0\u00bb header_2_font=\u00a0\u00bbMontserrat||||||||\u00a0\u00bb header_2_text_color=\u00a0\u00bb#000000&Prime; header_2_font_size=\u00a0\u00bb17px\u00a0\u00bb global_colors_info=\u00a0\u00bb{}\u00a0\u00bb]<\/p>\n<h2><span>Ce site Internet est exploit\u00e9 par \u00ab plastsave \u00bb Umwelttechnik KG :<\/span><\/h2>\n<p>[\/et_pb_text][et_pb_text _builder_version=\u00a0\u00bb4.17.4&Prime; _module_preset=\u00a0\u00bbdefault\u00a0\u00bb text_font=\u00a0\u00bbMontserrat||||||||\u00a0\u00bb text_line_height=\u00a0\u00bb1.2em\u00a0\u00bb header_font=\u00a0\u00bbMontserrat|700|||||||\u00a0\u00bb header_text_color=\u00a0\u00bb#FFFFFF\u00a0\u00bb header_font_size=\u00a0\u00bb40px\u00a0\u00bb header_2_font=\u00a0\u00bbMontserrat||||||||\u00a0\u00bb header_2_text_color=\u00a0\u00bb#000000&Prime; header_3_font=\u00a0\u00bbMontserrat||||||||\u00a0\u00bb header_4_font=\u00a0\u00bbMontserrat||||||||\u00a0\u00bb hover_enabled=\u00a0\u00bb0&Prime; global_colors_info=\u00a0\u00bb{}\u00a0\u00bb sticky_enabled=\u00a0\u00bb0&Prime;]<\/p>\n<p><strong><span style=\"text-decoration: underline;\">Bureau d&rsquo;inscription:<\/span><\/strong><\/p>\n<p><span>\u201eplastsave\u201c Umwelttechnik KG<\/span><\/p>\n<p><span>S\u00fcdring 53<\/span><\/p>\n<p><span>D-37079 G\u00f6ttingen<\/span><\/p>\n<p><span><\/span><\/p>\n<p><span>T\u00e9l\u00e9phone : +49 (0) 551 \/ 29 17 29 95<\/span><\/p>\n<p><span>T\u00e9l\u00e9copie : +49 (0) 551 \/ 29 17 29 96<\/span><\/p>\n<p><span>Portable : +49 (0) 176 \/ 45 85 03 96<\/span><\/p>\n<p><span>Mail: info[at]plastsave.com<\/span><\/p>\n<p>&nbsp;<\/p>\n<p><span>Associ\u00e9 autoris\u00e9 \u00e0 repr\u00e9senter : Ulrich Winkler (associ\u00e9 commandit\u00e9)<\/span><\/p>\n<p><span>Registre du tribunal de Jena : HRA 505802<\/span><\/p>\n<p><span>Num\u00e9ro fiscal : 159\/161\/19906<\/span><\/p>\n<p><span>Num\u00e9ro de TVA : DE345154109<\/span><\/p>\n<p>[\/et_pb_text][et_pb_text _builder_version=\u00a0\u00bb4.16&Prime; _module_preset=\u00a0\u00bbdefault\u00a0\u00bb text_font=\u00a0\u00bbMontserrat|600|||||||\u00a0\u00bb header_font=\u00a0\u00bbMontserrat|700|||||||\u00a0\u00bb header_text_color=\u00a0\u00bb#FFFFFF\u00a0\u00bb header_font_size=\u00a0\u00bb40px\u00a0\u00bb header_2_font=\u00a0\u00bbMontserrat||||||||\u00a0\u00bb header_2_text_color=\u00a0\u00bb#000000&Prime; header_3_font=\u00a0\u00bbMontserrat||||||||\u00a0\u00bb header_4_font=\u00a0\u00bbMontserrat||||||||\u00a0\u00bb header_6_font=\u00a0\u00bbMontserrat||||||||\u00a0\u00bb global_colors_info=\u00a0\u00bb{}\u00a0\u00bb]<\/p>\n<p><span>Si vous nous contactez, les donn\u00e9es que vous transmettez peuvent \u00e9galement \u00eatre stock\u00e9es \u00e9lectroniquement \u00e0 des fins de traitement ult\u00e9rieur. En envoyant les donn\u00e9es, vous acceptez cela.<\/span><\/p>\n<p>[\/et_pb_text][\/et_pb_column][\/et_pb_row][\/et_pb_section][et_pb_section fb_built=\u00a0\u00bb1&Prime; _builder_version=\u00a0\u00bb4.16&Prime; _module_preset=\u00a0\u00bbdefault\u00a0\u00bb background_color=\u00a0\u00bb#f7f7f7&Prime; background_image=\u00a0\u00bbhttps:\/\/plastsave.de\/wp-content\/uploads\/2021\/10\/circle-background-pattern.png\u00a0\u00bb custom_padding=\u00a0\u00bb8px||11px|||\u00a0\u00bb global_colors_info=\u00a0\u00bb{}\u00a0\u00bb][et_pb_row _builder_version=\u00a0\u00bb4.16&Prime; _module_preset=\u00a0\u00bbdefault\u00a0\u00bb global_colors_info=\u00a0\u00bb{}\u00a0\u00bb][et_pb_column type=\u00a0\u00bb4_4&Prime; _builder_version=\u00a0\u00bb4.16&Prime; _module_preset=\u00a0\u00bbdefault\u00a0\u00bb global_colors_info=\u00a0\u00bb{}\u00a0\u00bb][et_pb_accordion icon_color=\u00a0\u00bb#000000&Prime; _builder_version=\u00a0\u00bb4.16&Prime; _module_preset=\u00a0\u00bbdefault\u00a0\u00bb global_colors_info=\u00a0\u00bb{}\u00a0\u00bb][et_pb_accordion_item title=\u00a0\u00bbProc\u00e9dure d&rsquo;arbitrage des consommateurs\u00a0\u00bb open=\u00a0\u00bbon\u00a0\u00bb _builder_version=\u00a0\u00bb4.16&Prime; _module_preset=\u00a0\u00bbdefault\u00a0\u00bb body_font=\u00a0\u00bbMontserrat||||||||\u00a0\u00bb body_text_align=\u00a0\u00bbjustify\u00a0\u00bb background_color=\u00a0\u00bbRGBA(0,0,0,0)\u00a0\u00bb background_enable_color=\u00a0\u00bbon\u00a0\u00bb global_colors_info=\u00a0\u00bb{}\u00a0\u00bb toggle_level=\u00a0\u00bbh2&Prime; toggle_font=\u00a0\u00bbMontserrat|600|||||||\u00a0\u00bb toggle_font_size=\u00a0\u00bb17px\u00a0\u00bb]<\/p>\n<p>Plateforme de la Commission europ\u00e9enne pour le r\u00e8glement en ligne des litiges : www.ec.europa.eu\/consumers\/odr<\/p>\n<p>Nous soulignons \u00e9galement, conform\u00e9ment au \u00a7 36 VSBG, que <em>nous ne participons pas<\/em> aux proc\u00e9dures d&rsquo;arbitrage des consommateurs concern\u00e9es.<\/p>\n<p>[\/et_pb_accordion_item][et_pb_accordion_item title=\u00a0\u00bbAvertissement\u00a0\u00bb _builder_version=\u00a0\u00bb4.16&Prime; _module_preset=\u00a0\u00bbdefault\u00a0\u00bb body_text_align=\u00a0\u00bbjustify\u00a0\u00bb background_color=\u00a0\u00bbRGBA(0,0,0,0)\u00a0\u00bb background_enable_color=\u00a0\u00bbon\u00a0\u00bb global_colors_info=\u00a0\u00bb{}\u00a0\u00bb toggle_level=\u00a0\u00bbh2&Prime; toggle_font=\u00a0\u00bbMontserrat|600|||||||\u00a0\u00bb toggle_font_size=\u00a0\u00bb17px\u00a0\u00bb open=\u00a0\u00bboff\u00a0\u00bb]<\/p>\n<p>La visite et l&rsquo;utilisation de notre site Web pour obtenir des informations sur un futur domaine d&rsquo;activit\u00e9 de livraisons et de services de technologies environnementales se font par la libre formation de la volont\u00e9. Notre site Web est g\u00e9n\u00e9ralement visit\u00e9 sans inscription. Les donn\u00e9es personnelles, en particulier les noms, adresses et adresses e-mail, sont \u00e9chang\u00e9es volontairement lors de l&rsquo;\u00e9tablissement d&rsquo;une relation commerciale entre \u00ab\u00a0plastsave\u00a0\u00bb Umwelttechnik KG et l&rsquo;utilisateur des biens et services propos\u00e9s. Les donn\u00e9es \u00e9chang\u00e9es sont utilis\u00e9es pour le traitement des commandes respectives ainsi que pour la facturation, la livraison et toutes les parties de la facturation commerciale et de la gestion des affaires et peuvent \u00eatre supprim\u00e9es \u00e0 la demande du client apr\u00e8s la fin d&rsquo;une relation commerciale respective si la relation commerciale ne doit pas \u00eatre poursuivie.<\/p>\n<p>Cela signifie pour nous la protection des donn\u00e9es : vos donn\u00e9es sont la base d&rsquo;une relation commerciale g\u00e9n\u00e9rale en plus des sp\u00e9cifications techniques. Pour que ceux-ci soient utilis\u00e9s comme d&rsquo;habitude, votre approbation exclusive est requise. Les donn\u00e9es personnelles sont toutes les informations qui se rapportent \u00e0 une personne physique identifi\u00e9e ou identifiable (personne concern\u00e9e), c&rsquo;est-\u00e0-dire qui peuvent \u00eatre identifi\u00e9es avec des connaissances suppl\u00e9mentaires (noms\/connaissances\/caract\u00e9ristiques particuli\u00e8res ou similaires).<\/p>\n<p>Lors du d\u00e9marrage de la mise en \u0153uvre de l&rsquo;offre pr\u00e9vue de livraisons et de services de technologies environnementales, les exigences primaires n\u00e9cessaires telles que: les notifications et les obligations d&rsquo;information, les obligations d&rsquo;information, la correction, le blocage, la suppression et le droit \u00e0 l&rsquo;oubli ainsi que le droit \u00e0 la portabilit\u00e9 des donn\u00e9es seront \u00eatre strictement appliqu\u00e9es par le d\u00e9l\u00e9gu\u00e9 \u00e0 la protection des donn\u00e9es nomm\u00e9 et install\u00e9 avec cette balise mise en \u0153uvre au sens du RGPD.<\/p>\n<p>[\/et_pb_accordion_item][\/et_pb_accordion][\/et_pb_column][\/et_pb_row][\/et_pb_section]<\/p>\n","protected":false},"excerpt":{"rendered":"<p>ImprimerIdentification du fournisseurIdentification du fournisseur l\u00e9galCe site Internet est exploit\u00e9 par \u00ab plastsave \u00bb Umwelttechnik KG :Bureau d&rsquo;inscription: \u201eplastsave\u201c Umwelttechnik KG S\u00fcdring 53 D-37079 G\u00f6ttingen T\u00e9l\u00e9phone : +49 (0) 551 \/ 29 17 29 95 T\u00e9l\u00e9copie : +49 (0) 551 \/ 29 17 29 96 Portable : +49 (0) 176 \/ 45 85 03 96 [&hellip;]<\/p>\n","protected":false},"author":1,"featured_media":0,"parent":0,"menu_order":0,"comment_status":"closed","ping_status":"closed","template":"","meta":{"_et_pb_use_builder":"on","_et_pb_old_content":"","_et_gb_content_width":"","footnotes":""},"class_list":["post-25808","page","type-page","status-publish","hentry"],"_links":{"self":[{"href":"https:\/\/plastsave.de\/fr\/wp-json\/wp\/v2\/pages\/25808","targetHints":{"allow":["GET"]}}],"collection":[{"href":"https:\/\/plastsave.de\/fr\/wp-json\/wp\/v2\/pages"}],"about":[{"href":"https:\/\/plastsave.de\/fr\/wp-json\/wp\/v2\/types\/page"}],"author":[{"embeddable":true,"href":"https:\/\/plastsave.de\/fr\/wp-json\/wp\/v2\/users\/1"}],"replies":[{"embeddable":true,"href":"https:\/\/plastsave.de\/fr\/wp-json\/wp\/v2\/comments?post=25808"}],"version-history":[{"count":8,"href":"https:\/\/plastsave.de\/fr\/wp-json\/wp\/v2\/pages\/25808\/revisions"}],"predecessor-version":[{"id":26107,"href":"https:\/\/plastsave.de\/fr\/wp-json\/wp\/v2\/pages\/25808\/revisions\/26107"}],"wp:attachment":[{"href":"https:\/\/plastsave.de\/fr\/wp-json\/wp\/v2\/media?parent=25808"}],"curies":[{"name":"wp","href":"https:\/\/api.w.org\/{rel}","templated":true}]}}