{"id":25819,"date":"2022-02-04T17:09:27","date_gmt":"2022-02-04T16:09:27","guid":{"rendered":"https:\/\/plastsave.de\/dechets-plastiques-e-dechets\/"},"modified":"2022-02-04T17:11:17","modified_gmt":"2022-02-04T16:11:17","slug":"dechets-plastiques-e-dechets","status":"publish","type":"page","link":"https:\/\/plastsave.de\/fr\/dechets-plastiques-e-dechets\/","title":{"rendered":"D\u00e9chets plastiques &#8211; e-d\u00e9chets"},"content":{"rendered":"<p>[et_pb_section fb_built=\u00a0\u00bb1&Prime; _builder_version=\u00a0\u00bb4.11.2&Prime; _module_preset=\u00a0\u00bbdefault\u00a0\u00bb use_background_color_gradient=\u00a0\u00bbon\u00a0\u00bb background_color_gradient_start=\u00a0\u00bb#4872a1&Prime; background_color_gradient_end=\u00a0\u00bb#0c71c3&Prime; background_image=\u00a0\u00bbhttps:\/\/plastsave.de\/wp-content\/uploads\/2021\/10\/circle-background-pattern.png\u00a0\u00bb custom_padding=\u00a0\u00bb15px||11px|||\u00a0\u00bb global_colors_info=\u00a0\u00bb{}\u00a0\u00bb][et_pb_row _builder_version=\u00a0\u00bb4.11.2&Prime; _module_preset=\u00a0\u00bbdefault\u00a0\u00bb custom_padding=\u00a0\u00bb14px||10px|||\u00a0\u00bb global_colors_info=\u00a0\u00bb{}\u00a0\u00bb][et_pb_column type=\u00a0\u00bb4_4&Prime; _builder_version=\u00a0\u00bb4.11.2&Prime; _module_preset=\u00a0\u00bbdefault\u00a0\u00bb global_colors_info=\u00a0\u00bb{}\u00a0\u00bb][et_pb_text _builder_version=\u00a0\u00bb4.13.0&Prime; _module_preset=\u00a0\u00bbdefault\u00a0\u00bb text_font=\u00a0\u00bbMontserrat|700|||||||\u00a0\u00bb header_font=\u00a0\u00bbMontserrat|600|||||||\u00a0\u00bb header_text_color=\u00a0\u00bb#FFFFFF\u00a0\u00bb global_colors_info=\u00a0\u00bb{}\u00a0\u00bb]<\/p>\n<h1>Recyclage du plastique, des d\u00e9chets \u00e9lectroniques et des vieilles voitures, plastique dur provenant des d\u00e9chets municipaux<\/h1>\n<p>[\/et_pb_text][\/et_pb_column][\/et_pb_row][\/et_pb_section][et_pb_section fb_built=\u00a0\u00bb1&Prime; _builder_version=\u00a0\u00bb4.11.2&Prime; _module_preset=\u00a0\u00bbdefault\u00a0\u00bb background_enable_image=\u00a0\u00bboff\u00a0\u00bb custom_padding=\u00a0\u00bb15px||12px|||\u00a0\u00bb global_colors_info=\u00a0\u00bb{}\u00a0\u00bb][et_pb_row _builder_version=\u00a0\u00bb4.11.2&Prime; _module_preset=\u00a0\u00bbdefault\u00a0\u00bb custom_padding=\u00a0\u00bb||10px|||\u00a0\u00bb global_colors_info=\u00a0\u00bb{}\u00a0\u00bb][et_pb_column type=\u00a0\u00bb4_4&Prime; _builder_version=\u00a0\u00bb4.11.2&Prime; _module_preset=\u00a0\u00bbdefault\u00a0\u00bb global_colors_info=\u00a0\u00bb{}\u00a0\u00bb][dnxte_thumbs_gallery_parent dnext_thumbs_gallery_autoplay_delay=\u00a0\u00bb4000&Prime; dnext_thumbs_gallery_loop=\u00a0\u00bbon\u00a0\u00bb dnext_thumbs_gallery_centered_slides=\u00a0\u00bbon\u00a0\u00bb dnext_thumbs_gallery_speed=\u00a0\u00bb250&Prime; dnext_thumbs_gallery_arrows=\u00a0\u00bbon\u00a0\u00bb dnext_thumbs_gallery_pagination_type=\u00a0\u00bbfraction\u00a0\u00bb dnext_thumbs_gallery_arrow_color=\u00a0\u00bb#4872a1&Prime; dnext_thumbs_gallery_pause_on_hover=\u00a0\u00bbon\u00a0\u00bb _builder_version=\u00a0\u00bb4.12.0&Prime; _module_preset=\u00a0\u00bbdefault\u00a0\u00bb global_colors_info=\u00a0\u00bb{}\u00a0\u00bb][dnxte_thumbs_gallery_child thumbs_gallery_top_image=\u00a0\u00bbhttps:\/\/plastsave.de\/wp-content\/uploads\/2021\/10\/AltAutoRecycling_1200_700.png\u00a0\u00bb thumbs_gallery_top_alt=\u00a0\u00bbAltAutoRecycling\u00a0\u00bb _builder_version=\u00a0\u00bb4.12.0&Prime; _module_preset=\u00a0\u00bbdefault\u00a0\u00bb global_colors_info=\u00a0\u00bb{}\u00a0\u00bb][\/dnxte_thumbs_gallery_child][dnxte_thumbs_gallery_child thumbs_gallery_top_image=\u00a0\u00bbhttps:\/\/plastsave.de\/wp-content\/uploads\/2021\/10\/E-Schrott_1200_700.png\u00a0\u00bb thumbs_gallery_top_alt=\u00a0\u00bbE-Schrott\u00a0\u00bb _builder_version=\u00a0\u00bb4.12.0&Prime; _module_preset=\u00a0\u00bbdefault\u00a0\u00bb global_colors_info=\u00a0\u00bb{}\u00a0\u00bb][\/dnxte_thumbs_gallery_child][dnxte_thumbs_gallery_child thumbs_gallery_top_image=\u00a0\u00bbhttps:\/\/plastsave.de\/wp-content\/uploads\/2021\/10\/Siedlungsabfall_1200_700.png\u00a0\u00bb thumbs_gallery_top_alt=\u00a0\u00bbSiedlungsabfall\u00a0\u00bb _builder_version=\u00a0\u00bb4.12.0&Prime; _module_preset=\u00a0\u00bbdefault\u00a0\u00bb global_colors_info=\u00a0\u00bb{}\u00a0\u00bb][\/dnxte_thumbs_gallery_child][dnxte_thumbs_gallery_child thumbs_gallery_top_image=\u00a0\u00bbhttps:\/\/plastsave.de\/wp-content\/uploads\/2021\/10\/Hartkunststoff.png\u00a0\u00bb thumbs_gallery_top_alt=\u00a0\u00bbHartkunststoff\u00a0\u00bb _builder_version=\u00a0\u00bb4.12.0&Prime; _module_preset=\u00a0\u00bbdefault\u00a0\u00bb global_colors_info=\u00a0\u00bb{}\u00a0\u00bb][\/dnxte_thumbs_gallery_child][dnxte_thumbs_gallery_child thumbs_gallery_top_image=\u00a0\u00bbhttps:\/\/plastsave.de\/wp-content\/uploads\/2021\/10\/Kunststoffgranulat-1.png\u00a0\u00bb thumbs_gallery_top_alt=\u00a0\u00bbKunststoffgranulat\u00a0\u00bb _builder_version=\u00a0\u00bb4.12.0&Prime; _module_preset=\u00a0\u00bbdefault\u00a0\u00bb global_colors_info=\u00a0\u00bb{}\u00a0\u00bb][\/dnxte_thumbs_gallery_child][\/dnxte_thumbs_gallery_parent][et_pb_text _builder_version=\u00a0\u00bb4.13.0&Prime; _module_preset=\u00a0\u00bbdefault\u00a0\u00bb text_font=\u00a0\u00bbMontserrat||||||||\u00a0\u00bb header_font=\u00a0\u00bbMontserrat|700|||||||\u00a0\u00bb header_text_color=\u00a0\u00bb#FFFFFF\u00a0\u00bb header_font_size=\u00a0\u00bb40px\u00a0\u00bb header_2_font=\u00a0\u00bbMontserrat|600|||||||\u00a0\u00bb header_2_text_color=\u00a0\u00bb#000000&Prime; header_2_font_size=\u00a0\u00bb17px\u00a0\u00bb global_colors_info=\u00a0\u00bb{}\u00a0\u00bb]<\/p>\n<h2><span>S\u00e9paration plus rapide et am\u00e9lior\u00e9e:<\/span><\/h2>\n<ul>\n<li><span>des d\u00e9chets de production<\/span><\/li>\n<li><span>dans le recyclage des v\u00e9hicules<\/span><\/li>\n<li><span>de ferraille \u00e9lectronique<\/span><\/li>\n<li><span>de plastiques durs issus des d\u00e9chets municipaux<\/span><\/li>\n<\/ul>\n<p>[\/et_pb_text][\/et_pb_column][\/et_pb_row][\/et_pb_section][et_pb_section fb_built=\u00a0\u00bb1&Prime; _builder_version=\u00a0\u00bb4.11.2&Prime; _module_preset=\u00a0\u00bbdefault\u00a0\u00bb background_color=\u00a0\u00bb#f7f7f7&Prime; background_image=\u00a0\u00bbhttps:\/\/plastsave.de\/wp-content\/uploads\/2021\/10\/circle-background-pattern.png\u00a0\u00bb custom_padding=\u00a0\u00bb12px||0px|||\u00a0\u00bb global_colors_info=\u00a0\u00bb{}\u00a0\u00bb][et_pb_row _builder_version=\u00a0\u00bb4.11.2&Prime; _module_preset=\u00a0\u00bbdefault\u00a0\u00bb custom_padding=\u00a0\u00bb11px|||||\u00a0\u00bb global_colors_info=\u00a0\u00bb{}\u00a0\u00bb][et_pb_column type=\u00a0\u00bb4_4&Prime; _builder_version=\u00a0\u00bb4.11.2&Prime; _module_preset=\u00a0\u00bbdefault\u00a0\u00bb global_colors_info=\u00a0\u00bb{}\u00a0\u00bb][et_pb_text _builder_version=\u00a0\u00bb4.13.0&Prime; _module_preset=\u00a0\u00bbdefault\u00a0\u00bb text_font=\u00a0\u00bbMontserrat||||||||\u00a0\u00bb header_font=\u00a0\u00bbMontserrat|700|||||||\u00a0\u00bb header_text_color=\u00a0\u00bb#FFFFFF\u00a0\u00bb header_font_size=\u00a0\u00bb40px\u00a0\u00bb header_2_font=\u00a0\u00bbMontserrat||||||||\u00a0\u00bb header_2_text_color=\u00a0\u00bb#000000&Prime; header_3_font=\u00a0\u00bbMontserrat||||||||\u00a0\u00bb header_4_font=\u00a0\u00bbMontserrat||||||||\u00a0\u00bb header_6_font=\u00a0\u00bbMontserrat||||||||\u00a0\u00bb text_orientation=\u00a0\u00bbjustified\u00a0\u00bb global_colors_info=\u00a0\u00bb{}\u00a0\u00bb]<\/p>\n<p>\u00ab\u00a0CSD &#8211; ClearSaveDiversify\u00a0\u00bb est le proc\u00e9d\u00e9 de s\u00e9paration acc\u00e9l\u00e9r\u00e9e bas\u00e9 sur la densit\u00e9 pour les rebroy\u00e9s plastiques et les groupes, qui ne n\u00e9cessite pas de haute technologie. Peut \u00eatre utilis\u00e9 comme compl\u00e9ment aux configurations existantes ou comme syst\u00e8me solitaire.<\/p>\n<p>Le proc\u00e9d\u00e9 \u00abCSD\u00bb s\u00e9pare les broyats plastiques diffus et permet non seulement la pr\u00e9paration au recyclage, mais am\u00e8ne \u00e9galement les plastiques issus d&rsquo;anciens d\u00e9chets \u00aben fin de statut de d\u00e9chet\u00bb. Par d\u00e9finition, cela repr\u00e9sente m\u00eame le niveau le plus \u00e9lev\u00e9 de la \u00ab\u00a0hi\u00e9rarchie des d\u00e9chets\u00a0\u00bb, l'\u00a0\u00bb\u00e9vitement des d\u00e9chets\u00a0\u00bb, selon la l\u00e9gislation en vigueur sur l&rsquo;\u00e9conomie circulaire.<\/p>\n<p>\u00ab\u00a0CSD\u00a0\u00bb peut permettre \u00e0 l&rsquo;importante institution municipale MBA (usine de traitement des d\u00e9chets m\u00e9cano-biologiques) de fournir une gamme significative d&rsquo;expansion et repr\u00e9sente ainsi des revenus = des \u00e9conomies = des d\u00e9penses inf\u00e9rieures sur les fonds budg\u00e9taires ou des imp\u00f4ts municipaux inf\u00e9rieurs pour ses citoyens.<\/p>\n<p>[\/et_pb_text][\/et_pb_column][\/et_pb_row][\/et_pb_section]<\/p>\n","protected":false},"excerpt":{"rendered":"<p>Recyclage du plastique, des d\u00e9chets \u00e9lectroniques et des vieilles voitures, plastique dur provenant des d\u00e9chets municipaux<div class=\"et_pb_module dnxte_thumbs_gallery_parent dnxte_thumbs_gallery_parent_0\">\n\t\t\t\t\n\t\t\t\t\n\t\t\t\t\n\t\t\t\t\n\t\t\t\t\n\t\t\t\t\n\t\t\t\t<div class=\"et_pb_module_inner\">\n\t\t\t\t\t<div class=\"et_pb_module dnxte_thumbs_gallery_parent dnxte_thumbs_gallery_parent_0\">\n\t\t\t\t\n\t\t\t\t\n\t\t\t\t\n\t\t\t\t\n\t\t\t\t\n\t\t\t\t\n\t\t\t\t<div class=\"et_pb_module_inner\">\n\t\t\t\t\t<div class=\"dnext_thumbs_gallery_top_holder\"><div class=\"swiper-container dnext-thumbs-gallery-top swiper-container-initialized swiper-container-horizontal\" data-autoplay=\"1\" data-delay=\"4000\" data-direction=\"horizontal\" data-speed=\"250\" data-loop=\"on\" data-pagination-type=\"fraction\" data-pagination-bullets=\"off\" data-breakpoints=\"1|1|1\" data-spacing=\"10\" data-grab=\"off\" data-center=\"on\" data-pauseonhover=\"1\" data-keyboard=\"on\" data-mouse=\"off\">\r\n                <div class=\"swiper-wrapper dnext-thumbs-gallery-active\" data-lightbox=\"off\" data-orderclass=\"dnxte_thumbs_gallery_parent_0\">\r\n                    <div class=\"et_pb_module dnxte_thumbs_gallery_child dnxte_thumbs_gallery_child_0\">\n\t\t\t\t\n\t\t\t\t\n\t\t\t\t\n\t\t\t\t\n\t\t\t\t\n\t\t\t\t\n\t\t\t\t<div class=\"et_pb_module_inner\">\n\t\t\t\t\t<a href=\"https:\/\/plastsave.de\/wp-content\/uploads\/2021\/10\/AltAutoRecycling_1200_700.png\" class=\"dnext-thumbs-gallery-top-image-link\" data-title=\"AltAutoRecycling\"><img decoding=\"async\" class=\"img-fluid\" alt=\"AltAutoRecycling\" src=\"https:\/\/plastsave.de\/wp-content\/uploads\/2021\/10\/AltAutoRecycling_1200_700.png\"\/><\/a>\n\t\t\t\t<\/div>\n\t\t\t<\/div><div class=\"et_pb_module dnxte_thumbs_gallery_child dnxte_thumbs_gallery_child_1\">\n\t\t\t\t\n\t\t\t\t\n\t\t\t\t\n\t\t\t\t\n\t\t\t\t\n\t\t\t\t\n\t\t\t\t<div class=\"et_pb_module_inner\">\n\t\t\t\t\t<a href=\"https:\/\/plastsave.de\/wp-content\/uploads\/2021\/10\/E-Schrott_1200_700.png\" class=\"dnext-thumbs-gallery-top-image-link\" data-title=\"E-Schrott\"><img decoding=\"async\" class=\"img-fluid\" alt=\"E-Schrott\" src=\"https:\/\/plastsave.de\/wp-content\/uploads\/2021\/10\/E-Schrott_1200_700.png\"\/><\/a>\n\t\t\t\t<\/div>\n\t\t\t<\/div><div class=\"et_pb_module dnxte_thumbs_gallery_child dnxte_thumbs_gallery_child_2\">\n\t\t\t\t\n\t\t\t\t\n\t\t\t\t\n\t\t\t\t\n\t\t\t\t\n\t\t\t\t\n\t\t\t\t<div class=\"et_pb_module_inner\">\n\t\t\t\t\t<a href=\"https:\/\/plastsave.de\/wp-content\/uploads\/2021\/10\/Siedlungsabfall_1200_700.png\" class=\"dnext-thumbs-gallery-top-image-link\" data-title=\"Siedlungsabfall\"><img decoding=\"async\" class=\"img-fluid\" alt=\"Siedlungsabfall\" src=\"https:\/\/plastsave.de\/wp-content\/uploads\/2021\/10\/Siedlungsabfall_1200_700.png\"\/><\/a>\n\t\t\t\t<\/div>\n\t\t\t<\/div><div class=\"et_pb_module dnxte_thumbs_gallery_child dnxte_thumbs_gallery_child_3\">\n\t\t\t\t\n\t\t\t\t\n\t\t\t\t\n\t\t\t\t\n\t\t\t\t\n\t\t\t\t\n\t\t\t\t<div class=\"et_pb_module_inner\">\n\t\t\t\t\t<a href=\"https:\/\/plastsave.de\/wp-content\/uploads\/2021\/10\/Hartkunststoff.png\" class=\"dnext-thumbs-gallery-top-image-link\" data-title=\"Hartkunststoff\"><img decoding=\"async\" class=\"img-fluid\" alt=\"Hartkunststoff\" src=\"https:\/\/plastsave.de\/wp-content\/uploads\/2021\/10\/Hartkunststoff.png\"\/><\/a>\n\t\t\t\t<\/div>\n\t\t\t<\/div><div class=\"et_pb_module dnxte_thumbs_gallery_child dnxte_thumbs_gallery_child_4\">\n\t\t\t\t\n\t\t\t\t\n\t\t\t\t\n\t\t\t\t\n\t\t\t\t\n\t\t\t\t\n\t\t\t\t<div class=\"et_pb_module_inner\">\n\t\t\t\t\t<a href=\"https:\/\/plastsave.de\/wp-content\/uploads\/2021\/10\/Kunststoffgranulat-1.png\" class=\"dnext-thumbs-gallery-top-image-link\" data-title=\"Kunststoffgranulat\"><img decoding=\"async\" class=\"img-fluid\" alt=\"Kunststoffgranulat\" src=\"https:\/\/plastsave.de\/wp-content\/uploads\/2021\/10\/Kunststoffgranulat-1.png\"\/><\/a>\n\t\t\t\t<\/div>\n\t\t\t<\/div>\r\n                <\/div>\r\n                <div class=\"swiper-pagination swiper-pagination-fraction\"><\/div>\r\n            <\/div>\r\n            <div class=\"swiper-button-prev dnext_thumbs_gallery_arrows_default_left\" data-icon=\"4\"><\/div>\r\n                  <div class=\"swiper-button-next dnext_thumbs_gallery_arrows_default_right\" data-icon=\"5\"><\/div><\/div> <div class=\"swiper-container dnext-thumbs-gallery-bottom swiper-container-initialized swiper-container-horizontal\" data-autoplay=\"1\" data-delay=\"2000\" data-direction=\"horizontal\" data-speed=\"400\" data-loop=\"off\"  data-breakpoints=\"4|4|4\" data-spacing=\"10\" data-grab=\"off\" data-center=\"off\" data-pauseonhover=\"\" data-keyboard=\"on\" data-mouse=\"off\">\r\n                    <div class=\"swiper-wrapper dnext-thumbs-gallery-active\">\r\n                        <div class=\"et_pb_module dnxte_thumbs_gallery_child dnxte_thumbs_gallery_child_0\">\n\t\t\t\t\n\t\t\t\t\n\t\t\t\t\n\t\t\t\t\n\t\t\t\t\n\t\t\t\t\n\t\t\t\t<div class=\"et_pb_module_inner\">\n\t\t\t\t\t<div href=\"https:\/\/plastsave.de\/wp-content\/uploads\/2021\/10\/AltAutoRecycling_1200_700.png\" class=\"dnext-thumbs-gallery-top-image-link\" data-title=\"AltAutoRecycling\"><img decoding=\"async\" class=\"img-fluid\" alt=\"AltAutoRecycling\" src=\"https:\/\/plastsave.de\/wp-content\/uploads\/2021\/10\/AltAutoRecycling_1200_700.png\"\/><\/div>\n\t\t\t\t<\/div>\n\t\t\t<\/div><div class=\"et_pb_module dnxte_thumbs_gallery_child dnxte_thumbs_gallery_child_1\">\n\t\t\t\t\n\t\t\t\t\n\t\t\t\t\n\t\t\t\t\n\t\t\t\t\n\t\t\t\t\n\t\t\t\t<div class=\"et_pb_module_inner\">\n\t\t\t\t\t<div href=\"https:\/\/plastsave.de\/wp-content\/uploads\/2021\/10\/E-Schrott_1200_700.png\" class=\"dnext-thumbs-gallery-top-image-link\" data-title=\"E-Schrott\"><img decoding=\"async\" class=\"img-fluid\" alt=\"E-Schrott\" src=\"https:\/\/plastsave.de\/wp-content\/uploads\/2021\/10\/E-Schrott_1200_700.png\"\/><\/div>\n\t\t\t\t<\/div>\n\t\t\t<\/div><div class=\"et_pb_module dnxte_thumbs_gallery_child dnxte_thumbs_gallery_child_2\">\n\t\t\t\t\n\t\t\t\t\n\t\t\t\t\n\t\t\t\t\n\t\t\t\t\n\t\t\t\t\n\t\t\t\t<div class=\"et_pb_module_inner\">\n\t\t\t\t\t<div href=\"https:\/\/plastsave.de\/wp-content\/uploads\/2021\/10\/Siedlungsabfall_1200_700.png\" class=\"dnext-thumbs-gallery-top-image-link\" data-title=\"Siedlungsabfall\"><img decoding=\"async\" class=\"img-fluid\" alt=\"Siedlungsabfall\" src=\"https:\/\/plastsave.de\/wp-content\/uploads\/2021\/10\/Siedlungsabfall_1200_700.png\"\/><\/div>\n\t\t\t\t<\/div>\n\t\t\t<\/div><div class=\"et_pb_module dnxte_thumbs_gallery_child dnxte_thumbs_gallery_child_3\">\n\t\t\t\t\n\t\t\t\t\n\t\t\t\t\n\t\t\t\t\n\t\t\t\t\n\t\t\t\t\n\t\t\t\t<div class=\"et_pb_module_inner\">\n\t\t\t\t\t<div href=\"https:\/\/plastsave.de\/wp-content\/uploads\/2021\/10\/Hartkunststoff.png\" class=\"dnext-thumbs-gallery-top-image-link\" data-title=\"Hartkunststoff\"><img decoding=\"async\" class=\"img-fluid\" alt=\"Hartkunststoff\" src=\"https:\/\/plastsave.de\/wp-content\/uploads\/2021\/10\/Hartkunststoff.png\"\/><\/div>\n\t\t\t\t<\/div>\n\t\t\t<\/div><div class=\"et_pb_module dnxte_thumbs_gallery_child dnxte_thumbs_gallery_child_4\">\n\t\t\t\t\n\t\t\t\t\n\t\t\t\t\n\t\t\t\t\n\t\t\t\t\n\t\t\t\t\n\t\t\t\t<div class=\"et_pb_module_inner\">\n\t\t\t\t\t<div href=\"https:\/\/plastsave.de\/wp-content\/uploads\/2021\/10\/Kunststoffgranulat-1.png\" class=\"dnext-thumbs-gallery-top-image-link\" data-title=\"Kunststoffgranulat\"><img decoding=\"async\" class=\"img-fluid\" alt=\"Kunststoffgranulat\" src=\"https:\/\/plastsave.de\/wp-content\/uploads\/2021\/10\/Kunststoffgranulat-1.png\"\/><\/div>\n\t\t\t\t<\/div>\n\t\t\t<\/div>\r\n                    <\/div>\r\n                <\/div> \n\t\t\t\t<\/div>\n\t\t\t<\/div>\n\t\t\t\t<\/div>\n\t\t\t<\/div>S\u00e9paration plus rapide et [&hellip;]<\/p>\n","protected":false},"author":1,"featured_media":0,"parent":0,"menu_order":0,"comment_status":"closed","ping_status":"closed","template":"","meta":{"_et_pb_use_builder":"on","_et_pb_old_content":"","_et_gb_content_width":"","footnotes":""},"class_list":["post-25819","page","type-page","status-publish","hentry"],"_links":{"self":[{"href":"https:\/\/plastsave.de\/fr\/wp-json\/wp\/v2\/pages\/25819","targetHints":{"allow":["GET"]}}],"collection":[{"href":"https:\/\/plastsave.de\/fr\/wp-json\/wp\/v2\/pages"}],"about":[{"href":"https:\/\/plastsave.de\/fr\/wp-json\/wp\/v2\/types\/page"}],"author":[{"embeddable":true,"href":"https:\/\/plastsave.de\/fr\/wp-json\/wp\/v2\/users\/1"}],"replies":[{"embeddable":true,"href":"https:\/\/plastsave.de\/fr\/wp-json\/wp\/v2\/comments?post=25819"}],"version-history":[{"count":5,"href":"https:\/\/plastsave.de\/fr\/wp-json\/wp\/v2\/pages\/25819\/revisions"}],"predecessor-version":[{"id":25824,"href":"https:\/\/plastsave.de\/fr\/wp-json\/wp\/v2\/pages\/25819\/revisions\/25824"}],"wp:attachment":[{"href":"https:\/\/plastsave.de\/fr\/wp-json\/wp\/v2\/media?parent=25819"}],"curies":[{"name":"wp","href":"https:\/\/api.w.org\/{rel}","templated":true}]}}