{"id":247402,"date":"2022-09-05T10:58:01","date_gmt":"2022-09-05T08:58:01","guid":{"rendered":"https:\/\/plastsave.de\/economia-circolare\/"},"modified":"2022-09-05T10:58:03","modified_gmt":"2022-09-05T08:58:03","slug":"economia-circolare","status":"publish","type":"page","link":"https:\/\/plastsave.de\/it\/economia-circolare\/","title":{"rendered":"Economia circolare"},"content":{"rendered":"<p>[et_pb_section fb_built=&#8221;1&#8243; _builder_version=&#8221;4.16&#8243; _module_preset=&#8221;default&#8221; use_background_color_gradient=&#8221;on&#8221; background_color_gradient_stops=&#8221;#4872a1 0%|#0c71c3 100%&#8221; background_color_gradient_start=&#8221;#4872a1&#8243; background_color_gradient_end=&#8221;#0c71c3&#8243; background_image=&#8221;https:\/\/plastsave.de\/wp-content\/uploads\/2021\/10\/circle-background-pattern.png&#8221; custom_padding=&#8221;12px||9px|||&#8221; global_colors_info=&#8221;{}&#8221;][et_pb_row _builder_version=&#8221;4.16&#8243; _module_preset=&#8221;default&#8221; custom_padding=&#8221;8px||8px|||&#8221; global_colors_info=&#8221;{}&#8221;][et_pb_column type=&#8221;4_4&#8243; _builder_version=&#8221;4.16&#8243; _module_preset=&#8221;default&#8221; global_colors_info=&#8221;{}&#8221;][et_pb_text _builder_version=&#8221;4.16&#8243; _module_preset=&#8221;default&#8221; text_font=&#8221;Montserrat|700|||||||&#8221; header_font=&#8221;Montserrat|600|||||||&#8221; header_text_color=&#8221;#FFFFFF&#8221; header_font_size=&#8221;26px&#8221; header_line_height=&#8221;1.1em&#8221; header_2_font=&#8221;Montserrat||||||||&#8221; header_2_text_color=&#8221;#FFFFFF&#8221; header_2_font_size=&#8221;17px&#8221; header_2_line_height=&#8221;1.1em&#8221; global_colors_info=&#8221;{}&#8221;]<\/p>\n<h1>Economia circolare?<\/h1>\n<h2>Non proprio, giusto?<\/h2>\n<p>[\/et_pb_text][\/et_pb_column][\/et_pb_row][\/et_pb_section][et_pb_section fb_built=&#8221;1&#8243; admin_label=&#8221;Kreislaufende&#8221; _builder_version=&#8221;4.16&#8243; _module_preset=&#8221;default&#8221; background_enable_image=&#8221;off&#8221; custom_padding=&#8221;14px||12px|||&#8221; global_colors_info=&#8221;{}&#8221;][et_pb_row _builder_version=&#8221;4.16&#8243; _module_preset=&#8221;default&#8221; custom_padding=&#8221;||10px|||&#8221; global_colors_info=&#8221;{}&#8221;][et_pb_column type=&#8221;4_4&#8243; _builder_version=&#8221;4.16&#8243; _module_preset=&#8221;default&#8221; global_colors_info=&#8221;{}&#8221;][et_pb_image src=&#8221;https:\/\/plastsave.de\/wp-content\/uploads\/2021\/10\/Shopping_Banner_1400_500.png&#8221; title_text=&#8221;Shopping_Banner_1400_500&#8243; _builder_version=&#8221;4.16&#8243; _module_preset=&#8221;default&#8221; global_colors_info=&#8221;{}&#8221;][\/et_pb_image][et_pb_text _builder_version=&#8221;4.16&#8243; _module_preset=&#8221;default&#8221; text_font=&#8221;Montserrat||||||||&#8221; header_font=&#8221;Montserrat|700|||||||&#8221; header_text_color=&#8221;#FFFFFF&#8221; header_font_size=&#8221;40px&#8221; header_2_font=&#8221;Montserrat||||||||&#8221; header_2_text_color=&#8221;#000000&#8243; text_orientation=&#8221;justified&#8221; custom_margin=&#8221;||8px|||&#8221; custom_padding=&#8221;||0px|||&#8221; global_colors_info=&#8221;{}&#8221;]<\/p>\n<p>Gli impianti di trattamento meccanico-biologico dei rifiuti (MBA) sono per molti comuni a livello nazionale e internazionale il punto di contatto per i rifiuti prodotti dai propri cittadini. Dopo il pre-smistamento da parte dell&#8217;MBA, qui viene determinato l&#8217;ulteriore utilizzo. Questo viene quindi solitamente definito sotto forma di distruzione totale, senza guardare nuovamente ai possibili usi.<\/p>\n<p>Da qui in poi, il Closed Substance Cycle Act ha l&#8217;opportunit\u00e0 di consentire alla plastica riciclabile contenuta nei rifiuti urbani di &#8220;porre fine allo status di rifiuto&#8221;.<\/p>\n<p>[\/et_pb_text][\/et_pb_column][\/et_pb_row][\/et_pb_section][et_pb_section fb_built=&#8221;1&#8243; admin_label=&#8221;Kreislaufende&#8221; _builder_version=&#8221;4.18.0&#8243; _module_preset=&#8221;default&#8221; background_color=&#8221;#f7f7f7&#8243; background_image=&#8221;https:\/\/plastsave.de\/wp-content\/uploads\/2021\/10\/circle-background-pattern.png&#8221; custom_padding=&#8221;14px||12px|||&#8221; global_colors_info=&#8221;{}&#8221;][et_pb_row _builder_version=&#8221;4.16&#8243; _module_preset=&#8221;default&#8221; custom_padding=&#8221;10px||2px|||&#8221; global_colors_info=&#8221;{}&#8221;][et_pb_column type=&#8221;4_4&#8243; _builder_version=&#8221;4.16&#8243; _module_preset=&#8221;default&#8221; global_colors_info=&#8221;{}&#8221;][et_pb_image src=&#8221;https:\/\/plastsave.de\/wp-content\/uploads\/2021\/10\/Kreislauf_1200_700.png&#8221; title_text=&#8221;Circuito_1200_700&#8243; _builder_version=&#8221;4.16&#8243; _module_preset=&#8221;default&#8221; custom_margin=&#8221;||19px|||&#8221; global_colors_info=&#8221;{}&#8221;][\/et_pb_image][et_pb_text _builder_version=&#8221;4.16&#8243; _module_preset=&#8221;default&#8221; text_font=&#8221;Montserrat||||||||&#8221; text_orientation=&#8221;justified&#8221; global_colors_info=&#8221;{}&#8221;]<\/p>\n<p>Gli impianti di incenerimento possono bruciare solo in modo incompleto. Allo stesso modo, l&#8217;ossidazione \u00e8 solo incompleta, cio\u00e8 vengono rilasciate numerose tossine organiche alogenate &#8211; oltre a quelle clorurate, ci sono anche diossine\/furani alogenati bromurati, fluorurati e misti. Il rendimento energetico dell&#8217;utilizzo termico \u00e8 solo del 30-40%.<\/p>\n<p>L&#8217;emissione di diossine, metalli pesanti, particolato, ecc. comporta rischi per la salute che vanno dall&#8217;aumento del rischio di cancro a problemi respiratori, malattie cardiache, danni al sistema immunitario e reazioni allergiche ad anomalie congenite. Un impianto di incenerimento dei rifiuti \u00e8 paragonabile a un enorme reattore in cui finiscono decine di migliaia di sostanze chimiche diverse. \u00c8 tecnicamente impossibile controllare tutte le connessioni create l\u00ec! Da tutto questo cocktail di inquinanti solo circa 15 inquinanti vengono misurati dalle autorit\u00e0 di regolamentazione; per molte sostanze che si sono rivelate nocive esistono solo valori limite. Non pu\u00f2 esistere una tecnologia di filtraggio che &#8220;senza veleno&#8221; filtri il 10 alla potenza di 26-28 prodotti di reazione di radicali e reazioni a catena radicaliche che si formano al secondo nei gas di combustione.<\/p>\n<p><em>(Contenuto reale tratto da pubblicazioni di studio sull&#8217;installazione di un impianto di incenerimento dei rifiuti a Trostberg e Schelklingen. La costruzione e quindi l&#8217;installazione sono state impedite da referendum.)<\/em><\/p>\n<p>[\/et_pb_text][\/et_pb_column][\/et_pb_row][\/et_pb_section][et_pb_section fb_built=&#8221;1&#8243; admin_label=&#8221;grauer Hintergrund&#8221; _builder_version=&#8221;4.18.0&#8243; _module_preset=&#8221;default&#8221; background_color=&#8221;RGBA(255,255,255,0)&#8221; custom_padding=&#8221;12px||15px|||&#8221; hover_enabled=&#8221;0&#8243; global_colors_info=&#8221;{}&#8221; background_enable_image=&#8221;off&#8221; sticky_enabled=&#8221;0&#8243;][et_pb_row _builder_version=&#8221;4.16&#8243; _module_preset=&#8221;default&#8221; custom_padding=&#8221;10px||14px|||&#8221; global_colors_info=&#8221;{}&#8221;][et_pb_column type=&#8221;4_4&#8243; _builder_version=&#8221;4.16&#8243; _module_preset=&#8221;default&#8221; global_colors_info=&#8221;{}&#8221;][et_pb_text _builder_version=&#8221;4.16&#8243; _module_preset=&#8221;default&#8221; text_font=&#8221;Montserrat|500|||||||&#8221; header_2_font=&#8221;Montserrat|600|||||||&#8221; header_2_text_align=&#8221;center&#8221; header_2_text_color=&#8221;rgba(0,0,0,0.63)&#8221; header_2_font_size=&#8221;17px&#8221; header_2_line_height=&#8221;1.5em&#8221; text_orientation=&#8221;center&#8221; custom_margin=&#8221;||13px|||&#8221; global_colors_info=&#8221;{}&#8221;]<\/p>\n<h2>Riciclare la plastica dai rifiuti urbani pu\u00f2 anche significare evitare gli sprechi.<\/h2>\n<p>[\/et_pb_text][et_pb_image src=&#8221;https:\/\/plastsave.de\/wp-content\/uploads\/2021\/10\/Kreislauf_transparent.png&#8221; title_text=&#8221;ciclo_trasparente&#8221; _builder_version=&#8221;4.16&#8243; _module_preset=&#8221;default&#8221; custom_margin=&#8221;||10px|||&#8221; global_colors_info=&#8221;{}&#8221;][\/et_pb_image][et_pb_text _builder_version=&#8221;4.16&#8243; _module_preset=&#8221;default&#8221; text_font=&#8221;Montserrat|300|||||||&#8221; header_3_font=&#8221;Montserrat|600|||||||&#8221; header_3_font_size=&#8221;18px&#8221; text_orientation=&#8221;center&#8221; global_colors_info=&#8221;{}&#8221;]<\/p>\n<h3>Per farne un cerchio&#8230;<\/h3>\n<h3>&#8230;e resta<\/h3>\n<p>[\/et_pb_text][\/et_pb_column][\/et_pb_row][\/et_pb_section][et_pb_section fb_built=&#8221;1&#8243; admin_label=&#8221;grauer Hintergrund&#8221; _builder_version=&#8221;4.18.0&#8243; _module_preset=&#8221;default&#8221; background_color=&#8221;#f7f7f7&#8243; custom_padding=&#8221;12px||21px|||&#8221; hover_enabled=&#8221;0&#8243; global_colors_info=&#8221;{}&#8221; sticky_enabled=&#8221;0&#8243; title_text=&#8221;circle-background-pattern&#8221; background_image=&#8221;https:\/\/plastsave.de\/wp-content\/uploads\/2021\/10\/circle-background-pattern.png&#8221;][et_pb_row column_structure=&#8221;1_2,1_2&#8243; _builder_version=&#8221;4.16&#8243; _module_preset=&#8221;default&#8221; custom_padding=&#8221;13px|||||&#8221; global_colors_info=&#8221;{}&#8221;][et_pb_column type=&#8221;1_2&#8243; _builder_version=&#8221;4.16&#8243; _module_preset=&#8221;default&#8221; global_colors_info=&#8221;{}&#8221;][et_pb_text _builder_version=&#8221;4.18.0&#8243; _module_preset=&#8221;default&#8221; text_font=&#8221;Montserrat||||||||&#8221; header_2_font=&#8221;Montserrat|700|||||||&#8221; header_2_text_align=&#8221;center&#8221; header_2_text_color=&#8221;rgba(0,0,0,0.63)&#8221; header_2_line_height=&#8221;1.5em&#8221; text_orientation=&#8221;justified&#8221; custom_margin=&#8221;||13px|||&#8221; global_colors_info=&#8221;{}&#8221;]<\/p>\n<p>Negli ultimi cinque anni sono stati costruiti 25 nuovi impianti MBT in Europa. In media \u00e8 entrata in funzione una capacit\u00e0 di circa 2,2 milioni di tonnellate all&#8217;anno. In totale, all&#8217;inizio del 2017 in Europa sono operativi circa 570 impianti MBA. Questi hanno una capacit\u00e0 di trattamento di 55 milioni di tonnellate di rifiuti. (le informazioni sono state tratte dallo studio Ecoprog del 2017)<\/p>\n<p>[\/et_pb_text][et_pb_text _builder_version=&#8221;4.18.0&#8243; _module_preset=&#8221;default&#8221; text_font=&#8221;Montserrat||||||||&#8221; header_2_font=&#8221;Montserrat|700|||||||&#8221; header_2_text_align=&#8221;center&#8221; header_2_text_color=&#8221;rgba(0,0,0,0.63)&#8221; header_2_line_height=&#8221;1.5em&#8221; text_orientation=&#8221;justified&#8221; custom_margin=&#8221;||13px|||&#8221; global_colors_info=&#8221;{}&#8221;]<\/p>\n<p>L&#8217;esportazione della protezione ambientale \u00e8 suggerita anche dal rapporto Fraunhofer ISI commissionato dall&#8217;Agenzia federale per l&#8217;ambiente: Le innovazioni ambientali Made in Germany: quale contributo possono dare al raggiungimento degli Obiettivi di Sviluppo Sostenibile?<\/p>\n<p>[\/et_pb_text][\/et_pb_column][et_pb_column type=&#8221;1_2&#8243; _builder_version=&#8221;4.16&#8243; _module_preset=&#8221;default&#8221; global_colors_info=&#8221;{}&#8221;][et_pb_image src=&#8221;https:\/\/plastsave.de\/wp-content\/uploads\/2021\/10\/Bild1.png&#8221; title_text=&#8221;Immagine 1&#8243; _builder_version=&#8221;4.16&#8243; _module_preset=&#8221;default&#8221; custom_margin=&#8221;||10px|||&#8221; global_colors_info=&#8221;{}&#8221;][\/et_pb_image][\/et_pb_column][\/et_pb_row][\/et_pb_section][et_pb_section fb_built=&#8221;1&#8243; admin_label=&#8221;Kreislaufende&#8221; _builder_version=&#8221;4.16&#8243; _module_preset=&#8221;default&#8221; background_enable_image=&#8221;off&#8221; custom_padding=&#8221;11px||12px|||&#8221; global_colors_info=&#8221;{}&#8221;][et_pb_row _builder_version=&#8221;4.16&#8243; _module_preset=&#8221;default&#8221; custom_padding=&#8221;15px||12px|||&#8221; global_colors_info=&#8221;{}&#8221;][et_pb_column type=&#8221;4_4&#8243; _builder_version=&#8221;4.16&#8243; _module_preset=&#8221;default&#8221; global_colors_info=&#8221;{}&#8221;][et_pb_image src=&#8221;https:\/\/plastsave.de\/wp-content\/uploads\/2021\/10\/Recycle-Logo_transparent.png&#8221; title_text=&#8221;Ricicla Logo_trasparente&#8221; _builder_version=&#8221;4.16&#8243; _module_preset=&#8221;default&#8221; width=&#8221;50%&#8221; max_width=&#8221;50%&#8221; module_alignment=&#8221;center&#8221; custom_margin=&#8221;||6px|||&#8221; custom_padding=&#8221;||0px|||&#8221; global_colors_info=&#8221;{}&#8221;][\/et_pb_image][et_pb_text _builder_version=&#8221;4.16&#8243; _module_preset=&#8221;default&#8221; text_font=&#8221;Montserrat|500|||||||&#8221; header_text_color=&#8221;#000000&#8243; header_2_font=&#8221;Montserrat|600|||||||&#8221; header_2_text_align=&#8221;center&#8221; header_2_font_size=&#8221;20px&#8221; header_2_line_height=&#8221;1.5em&#8221; text_orientation=&#8221;center&#8221; custom_margin=&#8221;||13px|||&#8221; custom_padding=&#8221;||0px|||&#8221; global_colors_info=&#8221;{}&#8221;]<\/p>\n<h2>La seconda possibilit\u00e0 per tutti!<\/h2>\n<p>[\/et_pb_text][\/et_pb_column][\/et_pb_row][\/et_pb_section]<\/p>\n","protected":false},"excerpt":{"rendered":"<p>Economia circolare? Non proprio, giusto?Gli impianti di trattamento meccanico-biologico dei rifiuti (MBA) sono per molti comuni a livello nazionale e internazionale il punto di contatto per i rifiuti prodotti dai propri cittadini. Dopo il pre-smistamento da parte dell&#8217;MBA, qui viene determinato l&#8217;ulteriore utilizzo. Questo viene quindi solitamente definito sotto forma di distruzione totale, senza guardare [&hellip;]<\/p>\n","protected":false},"author":1,"featured_media":0,"parent":0,"menu_order":0,"comment_status":"closed","ping_status":"closed","template":"","meta":{"_et_pb_use_builder":"on","_et_pb_old_content":"","_et_gb_content_width":"","footnotes":""},"class_list":["post-247402","page","type-page","status-publish","hentry"],"_links":{"self":[{"href":"https:\/\/plastsave.de\/it\/wp-json\/wp\/v2\/pages\/247402","targetHints":{"allow":["GET"]}}],"collection":[{"href":"https:\/\/plastsave.de\/it\/wp-json\/wp\/v2\/pages"}],"about":[{"href":"https:\/\/plastsave.de\/it\/wp-json\/wp\/v2\/types\/page"}],"author":[{"embeddable":true,"href":"https:\/\/plastsave.de\/it\/wp-json\/wp\/v2\/users\/1"}],"replies":[{"embeddable":true,"href":"https:\/\/plastsave.de\/it\/wp-json\/wp\/v2\/comments?post=247402"}],"version-history":[{"count":2,"href":"https:\/\/plastsave.de\/it\/wp-json\/wp\/v2\/pages\/247402\/revisions"}],"predecessor-version":[{"id":247404,"href":"https:\/\/plastsave.de\/it\/wp-json\/wp\/v2\/pages\/247402\/revisions\/247404"}],"wp:attachment":[{"href":"https:\/\/plastsave.de\/it\/wp-json\/wp\/v2\/media?parent=247402"}],"curies":[{"name":"wp","href":"https:\/\/api.w.org\/{rel}","templated":true}]}}