{"id":26004,"date":"2022-02-04T18:00:58","date_gmt":"2022-02-04T17:00:58","guid":{"rendered":"https:\/\/plastsave.de\/disclaimer\/"},"modified":"2022-02-04T18:01:00","modified_gmt":"2022-02-04T17:01:00","slug":"disclaimer","status":"publish","type":"page","link":"https:\/\/plastsave.de\/it\/disclaimer\/","title":{"rendered":"Disclaimer"},"content":{"rendered":"<p>[et_pb_section fb_built=&#8221;1&#8243; _builder_version=&#8221;4.11.2&#8243; _module_preset=&#8221;default&#8221; use_background_color_gradient=&#8221;on&#8221; background_color_gradient_start=&#8221;#4872a1&#8243; background_color_gradient_end=&#8221;#0c71c3&#8243; background_image=&#8221;https:\/\/plastsave.de\/wp-content\/uploads\/2021\/10\/circle-background-pattern.png&#8221; global_colors_info=&#8221;{}&#8221; custom_padding=&#8221;11px||10px|||&#8221;][et_pb_row _builder_version=&#8221;4.11.2&#8243; _module_preset=&#8221;default&#8221; global_colors_info=&#8221;{}&#8221; custom_padding=&#8221;12px||13px|||&#8221;][et_pb_column type=&#8221;4_4&#8243; _builder_version=&#8221;4.11.2&#8243; _module_preset=&#8221;default&#8221; global_colors_info=&#8221;{}&#8221;][et_pb_text _builder_version=&#8221;4.13.0&#8243; _module_preset=&#8221;default&#8221; text_font=&#8221;Montserrat|700|||||||&#8221; header_font=&#8221;Montserrat|600|||||||&#8221; header_text_color=&#8221;#FFFFFF&#8221; hover_enabled=&#8221;0&#8243; global_colors_info=&#8221;{}&#8221; sticky_enabled=&#8221;0&#8243;]<\/p>\n<h1>Disclaimer<\/h1>\n<p>[\/et_pb_text][\/et_pb_column][\/et_pb_row][\/et_pb_section][et_pb_section fb_built=&#8221;1&#8243; _builder_version=&#8221;4.11.2&#8243; _module_preset=&#8221;default&#8221; background_color=&#8221;RGBA(0,0,0,0)&#8221; background_image=&#8221;https:\/\/plastsave.de\/wp-content\/uploads\/2021\/09\/coding-dots.png&#8221; background_size=&#8221;contain&#8221; background_position=&#8221;center_right&#8221; background_repeat=&#8221;repeat-y&#8221; global_colors_info=&#8221;{}&#8221; custom_padding=&#8221;12px|||||&#8221;][et_pb_row _builder_version=&#8221;4.11.2&#8243; _module_preset=&#8221;default&#8221; global_colors_info=&#8221;{}&#8221;][et_pb_column type=&#8221;4_4&#8243; _builder_version=&#8221;4.11.2&#8243; _module_preset=&#8221;default&#8221; global_colors_info=&#8221;{}&#8221;][et_pb_accordion icon_color=&#8221;#000000&#8243; _builder_version=&#8221;4.13.0&#8243; _module_preset=&#8221;default&#8221; hover_enabled=&#8221;0&#8243; global_colors_info=&#8221;{}&#8221; sticky_enabled=&#8221;0&#8243;][et_pb_accordion_item title=&#8221;1. Limitazione di responsabilit\u00e0&#8221; open=&#8221;on&#8221; _builder_version=&#8221;4.13.0&#8243; _module_preset=&#8221;default&#8221; body_font=&#8221;Montserrat||||||||&#8221; body_text_align=&#8221;justify&#8221; background_color=&#8221;RGBA(0,0,0,0)&#8221; background_enable_color=&#8221;on&#8221; text_orientation=&#8221;justified&#8221; hover_enabled=&#8221;0&#8243; global_colors_info=&#8221;{}&#8221; toggle_level=&#8221;h2&#8243; toggle_font=&#8221;Montserrat|600|||||||&#8221; closed_toggle_font=&#8221;Montserrat||||||||&#8221; toggle_font_size=&#8221;17px&#8221; closed_toggle_font_size=&#8221;14px&#8221; sticky_enabled=&#8221;0&#8243;]<\/p>\n<p>In qualit\u00e0 di &#8220;plastsave&#8221; Umwelttechnik KG, vi forniamo informazioni gratuite e liberamente accessibili sul nostro sito Web www.plastsave.de. Cerchiamo di essere il pi\u00f9 attenti possibile. Tuttavia, gli errori non possono essere completamente esclusi. Non pu\u00f2 pertanto essere assunta alcuna responsabilit\u00e0 o garanzia per l&#8217;attualit\u00e0, correttezza e completezza delle informazioni fornite.<\/p>\n<p>In qualit\u00e0 di fornitore di servizi e in qualit\u00e0 di fornitore di questo sito Web, la nostra azienda \u00e8 responsabile del proprio contenuto e delle informazioni fornite su queste pagine ai sensi della Sezione 7 TMG in conformit\u00e0 con la legge generale. Ai sensi dei \u00a7\u00a7 da 8 a 10 TMG, tuttavia, non siamo obbligati a monitorare le informazioni di terzi trasmesse o memorizzate. Tali contenuti verranno rimossi o bloccati non appena veniamo a conoscenza di una specifica violazione della legge. La responsabilit\u00e0 \u00e8 possibile solo dal momento in cui si viene a conoscenza di una specifica violazione della legge.<\/p>\n<p>Le informazioni contenute e presentate su questo sito Web sono solo a scopo informativo generale e non costituiscono consulenza commerciale, legale o fiscale.<\/p>\n<p>Ci riserviamo il diritto di modificare o eliminare il contenuto di questo sito Web in tutto o in parte, nella misura in cui gli obblighi contrattuali rimangono inalterati.<\/p>\n<p>Ci sforziamo di mantenere questo sito Web libero da virus o altri malware, ma non ci assumiamo alcuna responsabilit\u00e0 per l&#8217;assenza di virus. Il rispettivo utente del sito Web deve adottare tutte le precauzioni di sicurezza necessarie per prevenire i virus prima di scaricare il contenuto fornito.<\/p>\n<p>[\/et_pb_accordion_item][et_pb_accordion_item title=&#8221;2. Collegamenti ad altri siti web&#8221; _builder_version=&#8221;4.13.0&#8243; _module_preset=&#8221;default&#8221; body_font=&#8221;Montserrat||||||||&#8221; body_text_align=&#8221;justify&#8221; background_color=&#8221;RGBA(0,0,0,0)&#8221; background_enable_color=&#8221;on&#8221; text_orientation=&#8221;justified&#8221; hover_enabled=&#8221;0&#8243; global_colors_info=&#8221;{}&#8221; toggle_level=&#8221;h2&#8243; toggle_font=&#8221;Montserrat|600|||||||&#8221; closed_toggle_font=&#8221;Montserrat||||||||&#8221; open=&#8221;off&#8221; toggle_font_size=&#8221;17px&#8221; sticky_enabled=&#8221;0&#8243;]<\/p>\n<p>La nostra offerta contiene collegamenti a siti Web di terzi esterni, sui cui contenuti non abbiamo alcuna influenza. Pertanto non possiamo assumerci alcuna responsabilit\u00e0 per questo contenuto esterno. Il rispettivo fornitore o gestore delle pagine \u00e8 sempre responsabile del contenuto delle pagine collegate. Le pagine collegate sono state controllate per possibili violazioni legali al momento del collegamento. Il contenuto illegale non era riconoscibile al momento del collegamento. Tuttavia, un controllo permanente del contenuto delle pagine collegate non \u00e8 ragionevole senza prove concrete di una violazione. Non appena veniamo a conoscenza di violazioni legali, rimuoveremo immediatamente tali collegamenti.<\/p>\n<p>Se accedi a un sito web esterno dal nostro sito (link esterno), il provider esterno potrebbe ricevere informazioni dal tuo browser su quale dei nostri siti web provieni. Il fornitore esterno \u00e8 responsabile di questi dati. Come qualsiasi altro fornitore di siti Web, non siamo in grado di influenzare questo processo.<\/p>\n<p>[\/et_pb_accordion_item][et_pb_accordion_item title=&#8221;3. Copyright \/ diritti d&#8217;autore accessori&#8221; _builder_version=&#8221;4.13.0&#8243; _module_preset=&#8221;default&#8221; body_font=&#8221;Montserrat||||||||&#8221; body_text_align=&#8221;justify&#8221; background_color=&#8221;RGBA(0,0,0,0)&#8221; background_enable_color=&#8221;on&#8221; text_orientation=&#8221;justified&#8221; hover_enabled=&#8221;0&#8243; global_colors_info=&#8221;{}&#8221; toggle_level=&#8221;h2&#8243; toggle_font=&#8221;Montserrat|600|||||||&#8221; closed_toggle_font=&#8221;Montserrat||||||||&#8221; open=&#8221;off&#8221; toggle_font_size=&#8221;17px&#8221; sticky_enabled=&#8221;0&#8243;]<\/p>\n<p>Tutti i testi, le immagini, i contenuti, la grafica, i file, la struttura e il layout di questo sito Web sono protetti da copyright e diritti d&#8217;autore accessori. Tutti gli usi non consentiti dal diritto d&#8217;autore tedesco e dal diritto d&#8217;autore ausiliario richiedono il previo consenso scritto della nostra associazione. Ci\u00f2 vale in particolare per la duplicazione, l&#8217;elaborazione, la traduzione, la memorizzazione, l&#8217;elaborazione o la riproduzione di contenuti in banche dati o altri supporti e sistemi elettronici o di altro tipo. La copia non autorizzata del contenuto del sito web o dell&#8217;intero sito web non \u00e8 consentita ed \u00e8 punibile. Questo sito Web non pu\u00f2 essere visualizzato da terzi in frame, iframe o in altro modo senza autorizzazione scritta.<\/p>\n<p>Nella misura in cui il contenuto di questo sito non \u00e8 stato creato da noi, vengono rispettati i diritti d&#8217;autore di terzi. In particolare i contenuti di terzi sono contrassegnati come tali. Qualora doveste comunque venire a conoscenza di una violazione del diritto d&#8217;autore, vi chiediamo di informarci di conseguenza. Non appena veniamo a conoscenza di violazioni legali, rimuoveremo immediatamente tali contenuti.<\/p>\n<p>[\/et_pb_accordion_item][\/et_pb_accordion][\/et_pb_column][\/et_pb_row][\/et_pb_section]<\/p>\n","protected":false},"excerpt":{"rendered":"<p>DisclaimerIn qualit\u00e0 di &#8220;plastsave&#8221; Umwelttechnik KG, vi forniamo informazioni gratuite e liberamente accessibili sul nostro sito Web www.plastsave.de. Cerchiamo di essere il pi\u00f9 attenti possibile. Tuttavia, gli errori non possono essere completamente esclusi. Non pu\u00f2 pertanto essere assunta alcuna responsabilit\u00e0 o garanzia per l&#8217;attualit\u00e0, correttezza e completezza delle informazioni fornite. In qualit\u00e0 di fornitore di [&hellip;]<\/p>\n","protected":false},"author":1,"featured_media":0,"parent":0,"menu_order":0,"comment_status":"closed","ping_status":"closed","template":"","meta":{"_et_pb_use_builder":"on","_et_pb_old_content":"","_et_gb_content_width":"","footnotes":""},"class_list":["post-26004","page","type-page","status-publish","hentry"],"_links":{"self":[{"href":"https:\/\/plastsave.de\/it\/wp-json\/wp\/v2\/pages\/26004","targetHints":{"allow":["GET"]}}],"collection":[{"href":"https:\/\/plastsave.de\/it\/wp-json\/wp\/v2\/pages"}],"about":[{"href":"https:\/\/plastsave.de\/it\/wp-json\/wp\/v2\/types\/page"}],"author":[{"embeddable":true,"href":"https:\/\/plastsave.de\/it\/wp-json\/wp\/v2\/users\/1"}],"replies":[{"embeddable":true,"href":"https:\/\/plastsave.de\/it\/wp-json\/wp\/v2\/comments?post=26004"}],"version-history":[{"count":2,"href":"https:\/\/plastsave.de\/it\/wp-json\/wp\/v2\/pages\/26004\/revisions"}],"predecessor-version":[{"id":26006,"href":"https:\/\/plastsave.de\/it\/wp-json\/wp\/v2\/pages\/26004\/revisions\/26006"}],"wp:attachment":[{"href":"https:\/\/plastsave.de\/it\/wp-json\/wp\/v2\/media?parent=26004"}],"curies":[{"name":"wp","href":"https:\/\/api.w.org\/{rel}","templated":true}]}}