{"id":26016,"date":"2022-02-04T18:06:03","date_gmt":"2022-02-04T17:06:03","guid":{"rendered":"https:\/\/plastsave.de\/rifiuti-di-plastica-rifiuti-elettronici\/"},"modified":"2022-02-04T18:06:05","modified_gmt":"2022-02-04T17:06:05","slug":"rifiuti-di-plastica-rifiuti-elettronici","status":"publish","type":"page","link":"https:\/\/plastsave.de\/it\/rifiuti-di-plastica-rifiuti-elettronici\/","title":{"rendered":"Rifiuti di plastica &#8211; rifiuti elettronici"},"content":{"rendered":"<p>[et_pb_section fb_built=&#8221;1&#8243; _builder_version=&#8221;4.11.2&#8243; _module_preset=&#8221;default&#8221; use_background_color_gradient=&#8221;on&#8221; background_color_gradient_start=&#8221;#4872a1&#8243; background_color_gradient_end=&#8221;#0c71c3&#8243; background_image=&#8221;https:\/\/plastsave.de\/wp-content\/uploads\/2021\/10\/circle-background-pattern.png&#8221; custom_padding=&#8221;15px||11px|||&#8221; global_colors_info=&#8221;{}&#8221;][et_pb_row _builder_version=&#8221;4.11.2&#8243; _module_preset=&#8221;default&#8221; custom_padding=&#8221;14px||10px|||&#8221; global_colors_info=&#8221;{}&#8221;][et_pb_column type=&#8221;4_4&#8243; _builder_version=&#8221;4.11.2&#8243; _module_preset=&#8221;default&#8221; global_colors_info=&#8221;{}&#8221;][et_pb_text _builder_version=&#8221;4.13.0&#8243; _module_preset=&#8221;default&#8221; text_font=&#8221;Montserrat|700|||||||&#8221; header_font=&#8221;Montserrat|600|||||||&#8221; header_text_color=&#8221;#FFFFFF&#8221; global_colors_info=&#8221;{}&#8221;]<\/p>\n<h1>Riciclaggio di plastica, rottami elettronici e vecchie auto, plastica dura da rifiuti urbani<\/h1>\n<p>[\/et_pb_text][\/et_pb_column][\/et_pb_row][\/et_pb_section][et_pb_section fb_built=&#8221;1&#8243; _builder_version=&#8221;4.11.2&#8243; _module_preset=&#8221;default&#8221; background_enable_image=&#8221;off&#8221; custom_padding=&#8221;15px||12px|||&#8221; global_colors_info=&#8221;{}&#8221;][et_pb_row _builder_version=&#8221;4.11.2&#8243; _module_preset=&#8221;default&#8221; custom_padding=&#8221;||10px|||&#8221; global_colors_info=&#8221;{}&#8221;][et_pb_column type=&#8221;4_4&#8243; _builder_version=&#8221;4.11.2&#8243; _module_preset=&#8221;default&#8221; global_colors_info=&#8221;{}&#8221;][dnxte_thumbs_gallery_parent dnext_thumbs_gallery_autoplay_delay=&#8221;4000&#8243; dnext_thumbs_gallery_loop=&#8221;on&#8221; dnext_thumbs_gallery_centered_slides=&#8221;on&#8221; dnext_thumbs_gallery_speed=&#8221;250&#8243; dnext_thumbs_gallery_arrows=&#8221;on&#8221; dnext_thumbs_gallery_pagination_type=&#8221;fraction&#8221; dnext_thumbs_gallery_arrow_color=&#8221;#4872a1&#8243; dnext_thumbs_gallery_pause_on_hover=&#8221;on&#8221; _builder_version=&#8221;4.12.0&#8243; _module_preset=&#8221;default&#8221; global_colors_info=&#8221;{}&#8221;][dnxte_thumbs_gallery_child thumbs_gallery_top_image=&#8221;https:\/\/plastsave.de\/wp-content\/uploads\/2021\/10\/AltAutoRecycling_1200_700.png&#8221; thumbs_gallery_top_alt=&#8221;AltAutoRecycling&#8221; _builder_version=&#8221;4.12.0&#8243; _module_preset=&#8221;default&#8221; global_colors_info=&#8221;{}&#8221;][\/dnxte_thumbs_gallery_child][dnxte_thumbs_gallery_child thumbs_gallery_top_image=&#8221;https:\/\/plastsave.de\/wp-content\/uploads\/2021\/10\/E-Schrott_1200_700.png&#8221; thumbs_gallery_top_alt=&#8221;E-Schrott&#8221; _builder_version=&#8221;4.12.0&#8243; _module_preset=&#8221;default&#8221; global_colors_info=&#8221;{}&#8221;][\/dnxte_thumbs_gallery_child][dnxte_thumbs_gallery_child thumbs_gallery_top_image=&#8221;https:\/\/plastsave.de\/wp-content\/uploads\/2021\/10\/Siedlungsabfall_1200_700.png&#8221; thumbs_gallery_top_alt=&#8221;Siedlungsabfall&#8221; _builder_version=&#8221;4.12.0&#8243; _module_preset=&#8221;default&#8221; global_colors_info=&#8221;{}&#8221;][\/dnxte_thumbs_gallery_child][dnxte_thumbs_gallery_child thumbs_gallery_top_image=&#8221;https:\/\/plastsave.de\/wp-content\/uploads\/2021\/10\/Hartkunststoff.png&#8221; thumbs_gallery_top_alt=&#8221;Hartkunststoff&#8221; _builder_version=&#8221;4.12.0&#8243; _module_preset=&#8221;default&#8221; global_colors_info=&#8221;{}&#8221;][\/dnxte_thumbs_gallery_child][dnxte_thumbs_gallery_child thumbs_gallery_top_image=&#8221;https:\/\/plastsave.de\/wp-content\/uploads\/2021\/10\/Kunststoffgranulat-1.png&#8221; thumbs_gallery_top_alt=&#8221;Kunststoffgranulat&#8221; _builder_version=&#8221;4.12.0&#8243; _module_preset=&#8221;default&#8221; global_colors_info=&#8221;{}&#8221;][\/dnxte_thumbs_gallery_child][\/dnxte_thumbs_gallery_parent][et_pb_text _builder_version=&#8221;4.13.0&#8243; _module_preset=&#8221;default&#8221; text_font=&#8221;Montserrat||||||||&#8221; header_font=&#8221;Montserrat|700|||||||&#8221; header_text_color=&#8221;#FFFFFF&#8221; header_font_size=&#8221;40px&#8221; header_2_font=&#8221;Montserrat|600|||||||&#8221; header_2_text_color=&#8221;#000000&#8243; header_2_font_size=&#8221;17px&#8221; global_colors_info=&#8221;{}&#8221;]<\/p>\n<h2><span>Separazione pi\u00f9 rapida e migliorata:<\/span><\/h2>\n<ul>\n<li><span>di scarti di produzione<\/span><\/li>\n<li><span>nel riciclaggio dei veicoli<\/span><\/li>\n<li><span>di rottami elettronici<\/span><\/li>\n<li><span>di plastica dura dai rifiuti urbani<\/span><\/li>\n<\/ul>\n<p>[\/et_pb_text][\/et_pb_column][\/et_pb_row][\/et_pb_section][et_pb_section fb_built=&#8221;1&#8243; _builder_version=&#8221;4.11.2&#8243; _module_preset=&#8221;default&#8221; background_color=&#8221;#f7f7f7&#8243; background_image=&#8221;https:\/\/plastsave.de\/wp-content\/uploads\/2021\/10\/circle-background-pattern.png&#8221; custom_padding=&#8221;12px||0px|||&#8221; global_colors_info=&#8221;{}&#8221;][et_pb_row _builder_version=&#8221;4.11.2&#8243; _module_preset=&#8221;default&#8221; custom_padding=&#8221;11px|||||&#8221; global_colors_info=&#8221;{}&#8221;][et_pb_column type=&#8221;4_4&#8243; _builder_version=&#8221;4.11.2&#8243; _module_preset=&#8221;default&#8221; global_colors_info=&#8221;{}&#8221;][et_pb_text _builder_version=&#8221;4.13.0&#8243; _module_preset=&#8221;default&#8221; text_font=&#8221;Montserrat||||||||&#8221; header_font=&#8221;Montserrat|700|||||||&#8221; header_text_color=&#8221;#FFFFFF&#8221; header_font_size=&#8221;40px&#8221; header_2_font=&#8221;Montserrat||||||||&#8221; header_2_text_color=&#8221;#000000&#8243; header_3_font=&#8221;Montserrat||||||||&#8221; header_4_font=&#8221;Montserrat||||||||&#8221; header_6_font=&#8221;Montserrat||||||||&#8221; text_orientation=&#8221;justified&#8221; global_colors_info=&#8221;{}&#8221;]<\/p>\n<p>&#8220;CSD &#8211; ClearSaveDiversify&#8221; \u00e8 il processo di separazione accelerato basato sulla densit\u00e0 per rimacinato e gruppi plastici, che non richiede alta tecnologia. Pu\u00f2 essere utilizzato come aggiunta a configurazioni esistenti o come sistema solitario.<\/p>\n<p>Il processo &#8220;CSD&#8221; separa il materiale plastico macinato diffuso e non solo consente la preparazione per il riciclaggio, ma porta anche la plastica dai materiali di scarto precedenti &#8220;alla fine dello stato di rifiuto&#8221;. Per definizione, questo rappresenta addirittura il livello pi\u00f9 alto della \u201cgerarchia dei rifiuti\u201d, la \u201celusione degli sprechi\u201d, secondo la vigente normativa sull&#8217;economia circolare.<\/p>\n<p>&#8220;CSD&#8221; pu\u00f2 consentire all&#8217;importante ente municipale MBA (impianto di trattamento dei rifiuti meccanico-biologico) di fornire una significativa gamma di espansione e quindi rappresenta reddito = risparmio = minore spesa per i fondi di bilancio o meno tasse comunali per i suoi cittadini.<\/p>\n<p>[\/et_pb_text][\/et_pb_column][\/et_pb_row][\/et_pb_section]<\/p>\n","protected":false},"excerpt":{"rendered":"<p>Riciclaggio di plastica, rottami elettronici e vecchie auto, plastica dura da rifiuti urbani<div class=\"et_pb_module dnxte_thumbs_gallery_parent dnxte_thumbs_gallery_parent_0\">\n\t\t\t\t\n\t\t\t\t\n\t\t\t\t\n\t\t\t\t\n\t\t\t\t\n\t\t\t\t\n\t\t\t\t<div class=\"et_pb_module_inner\">\n\t\t\t\t\t<div class=\"et_pb_module dnxte_thumbs_gallery_parent dnxte_thumbs_gallery_parent_0\">\n\t\t\t\t\n\t\t\t\t\n\t\t\t\t\n\t\t\t\t\n\t\t\t\t\n\t\t\t\t\n\t\t\t\t<div class=\"et_pb_module_inner\">\n\t\t\t\t\t<div class=\"dnext_thumbs_gallery_top_holder\"><div class=\"swiper-container dnext-thumbs-gallery-top swiper-container-initialized swiper-container-horizontal\" data-autoplay=\"1\" data-delay=\"4000\" data-direction=\"horizontal\" data-speed=\"250\" data-loop=\"on\" data-pagination-type=\"fraction\" data-pagination-bullets=\"off\" data-breakpoints=\"1|1|1\" data-spacing=\"10\" data-grab=\"off\" data-center=\"on\" data-pauseonhover=\"1\" data-keyboard=\"on\" data-mouse=\"off\">\r\n                <div class=\"swiper-wrapper dnext-thumbs-gallery-active\" data-lightbox=\"off\" data-orderclass=\"dnxte_thumbs_gallery_parent_0\">\r\n                    <div class=\"et_pb_module dnxte_thumbs_gallery_child dnxte_thumbs_gallery_child_0\">\n\t\t\t\t\n\t\t\t\t\n\t\t\t\t\n\t\t\t\t\n\t\t\t\t\n\t\t\t\t\n\t\t\t\t<div class=\"et_pb_module_inner\">\n\t\t\t\t\t<a href=\"https:\/\/plastsave.de\/wp-content\/uploads\/2021\/10\/AltAutoRecycling_1200_700.png\" class=\"dnext-thumbs-gallery-top-image-link\" data-title=\"AltAutoRecycling\"><img decoding=\"async\" class=\"img-fluid\" alt=\"AltAutoRecycling\" src=\"https:\/\/plastsave.de\/wp-content\/uploads\/2021\/10\/AltAutoRecycling_1200_700.png\"\/><\/a>\n\t\t\t\t<\/div>\n\t\t\t<\/div><div class=\"et_pb_module dnxte_thumbs_gallery_child dnxte_thumbs_gallery_child_1\">\n\t\t\t\t\n\t\t\t\t\n\t\t\t\t\n\t\t\t\t\n\t\t\t\t\n\t\t\t\t\n\t\t\t\t<div class=\"et_pb_module_inner\">\n\t\t\t\t\t<a href=\"https:\/\/plastsave.de\/wp-content\/uploads\/2021\/10\/E-Schrott_1200_700.png\" class=\"dnext-thumbs-gallery-top-image-link\" data-title=\"E-Schrott\"><img decoding=\"async\" class=\"img-fluid\" alt=\"E-Schrott\" src=\"https:\/\/plastsave.de\/wp-content\/uploads\/2021\/10\/E-Schrott_1200_700.png\"\/><\/a>\n\t\t\t\t<\/div>\n\t\t\t<\/div><div class=\"et_pb_module dnxte_thumbs_gallery_child dnxte_thumbs_gallery_child_2\">\n\t\t\t\t\n\t\t\t\t\n\t\t\t\t\n\t\t\t\t\n\t\t\t\t\n\t\t\t\t\n\t\t\t\t<div class=\"et_pb_module_inner\">\n\t\t\t\t\t<a href=\"https:\/\/plastsave.de\/wp-content\/uploads\/2021\/10\/Siedlungsabfall_1200_700.png\" class=\"dnext-thumbs-gallery-top-image-link\" data-title=\"Siedlungsabfall\"><img decoding=\"async\" class=\"img-fluid\" alt=\"Siedlungsabfall\" src=\"https:\/\/plastsave.de\/wp-content\/uploads\/2021\/10\/Siedlungsabfall_1200_700.png\"\/><\/a>\n\t\t\t\t<\/div>\n\t\t\t<\/div><div class=\"et_pb_module dnxte_thumbs_gallery_child dnxte_thumbs_gallery_child_3\">\n\t\t\t\t\n\t\t\t\t\n\t\t\t\t\n\t\t\t\t\n\t\t\t\t\n\t\t\t\t\n\t\t\t\t<div class=\"et_pb_module_inner\">\n\t\t\t\t\t<a href=\"https:\/\/plastsave.de\/wp-content\/uploads\/2021\/10\/Hartkunststoff.png\" class=\"dnext-thumbs-gallery-top-image-link\" data-title=\"Hartkunststoff\"><img decoding=\"async\" class=\"img-fluid\" alt=\"Hartkunststoff\" src=\"https:\/\/plastsave.de\/wp-content\/uploads\/2021\/10\/Hartkunststoff.png\"\/><\/a>\n\t\t\t\t<\/div>\n\t\t\t<\/div><div class=\"et_pb_module dnxte_thumbs_gallery_child dnxte_thumbs_gallery_child_4\">\n\t\t\t\t\n\t\t\t\t\n\t\t\t\t\n\t\t\t\t\n\t\t\t\t\n\t\t\t\t\n\t\t\t\t<div class=\"et_pb_module_inner\">\n\t\t\t\t\t<a href=\"https:\/\/plastsave.de\/wp-content\/uploads\/2021\/10\/Kunststoffgranulat-1.png\" class=\"dnext-thumbs-gallery-top-image-link\" data-title=\"Kunststoffgranulat\"><img decoding=\"async\" class=\"img-fluid\" alt=\"Kunststoffgranulat\" src=\"https:\/\/plastsave.de\/wp-content\/uploads\/2021\/10\/Kunststoffgranulat-1.png\"\/><\/a>\n\t\t\t\t<\/div>\n\t\t\t<\/div>\r\n                <\/div>\r\n                <div class=\"swiper-pagination swiper-pagination-fraction\"><\/div>\r\n            <\/div>\r\n            <div class=\"swiper-button-prev dnext_thumbs_gallery_arrows_default_left\" data-icon=\"4\"><\/div>\r\n                  <div class=\"swiper-button-next dnext_thumbs_gallery_arrows_default_right\" data-icon=\"5\"><\/div><\/div> <div class=\"swiper-container dnext-thumbs-gallery-bottom swiper-container-initialized swiper-container-horizontal\" data-autoplay=\"1\" data-delay=\"2000\" data-direction=\"horizontal\" data-speed=\"400\" data-loop=\"off\"  data-breakpoints=\"4|4|4\" data-spacing=\"10\" data-grab=\"off\" data-center=\"off\" data-pauseonhover=\"\" data-keyboard=\"on\" data-mouse=\"off\">\r\n                    <div class=\"swiper-wrapper dnext-thumbs-gallery-active\">\r\n                        <div class=\"et_pb_module dnxte_thumbs_gallery_child dnxte_thumbs_gallery_child_0\">\n\t\t\t\t\n\t\t\t\t\n\t\t\t\t\n\t\t\t\t\n\t\t\t\t\n\t\t\t\t\n\t\t\t\t<div class=\"et_pb_module_inner\">\n\t\t\t\t\t<div href=\"https:\/\/plastsave.de\/wp-content\/uploads\/2021\/10\/AltAutoRecycling_1200_700.png\" class=\"dnext-thumbs-gallery-top-image-link\" data-title=\"AltAutoRecycling\"><img decoding=\"async\" class=\"img-fluid\" alt=\"AltAutoRecycling\" src=\"https:\/\/plastsave.de\/wp-content\/uploads\/2021\/10\/AltAutoRecycling_1200_700.png\"\/><\/div>\n\t\t\t\t<\/div>\n\t\t\t<\/div><div class=\"et_pb_module dnxte_thumbs_gallery_child dnxte_thumbs_gallery_child_1\">\n\t\t\t\t\n\t\t\t\t\n\t\t\t\t\n\t\t\t\t\n\t\t\t\t\n\t\t\t\t\n\t\t\t\t<div class=\"et_pb_module_inner\">\n\t\t\t\t\t<div href=\"https:\/\/plastsave.de\/wp-content\/uploads\/2021\/10\/E-Schrott_1200_700.png\" class=\"dnext-thumbs-gallery-top-image-link\" data-title=\"E-Schrott\"><img decoding=\"async\" class=\"img-fluid\" alt=\"E-Schrott\" src=\"https:\/\/plastsave.de\/wp-content\/uploads\/2021\/10\/E-Schrott_1200_700.png\"\/><\/div>\n\t\t\t\t<\/div>\n\t\t\t<\/div><div class=\"et_pb_module dnxte_thumbs_gallery_child dnxte_thumbs_gallery_child_2\">\n\t\t\t\t\n\t\t\t\t\n\t\t\t\t\n\t\t\t\t\n\t\t\t\t\n\t\t\t\t\n\t\t\t\t<div class=\"et_pb_module_inner\">\n\t\t\t\t\t<div href=\"https:\/\/plastsave.de\/wp-content\/uploads\/2021\/10\/Siedlungsabfall_1200_700.png\" class=\"dnext-thumbs-gallery-top-image-link\" data-title=\"Siedlungsabfall\"><img decoding=\"async\" class=\"img-fluid\" alt=\"Siedlungsabfall\" src=\"https:\/\/plastsave.de\/wp-content\/uploads\/2021\/10\/Siedlungsabfall_1200_700.png\"\/><\/div>\n\t\t\t\t<\/div>\n\t\t\t<\/div><div class=\"et_pb_module dnxte_thumbs_gallery_child dnxte_thumbs_gallery_child_3\">\n\t\t\t\t\n\t\t\t\t\n\t\t\t\t\n\t\t\t\t\n\t\t\t\t\n\t\t\t\t\n\t\t\t\t<div class=\"et_pb_module_inner\">\n\t\t\t\t\t<div href=\"https:\/\/plastsave.de\/wp-content\/uploads\/2021\/10\/Hartkunststoff.png\" class=\"dnext-thumbs-gallery-top-image-link\" data-title=\"Hartkunststoff\"><img decoding=\"async\" class=\"img-fluid\" alt=\"Hartkunststoff\" src=\"https:\/\/plastsave.de\/wp-content\/uploads\/2021\/10\/Hartkunststoff.png\"\/><\/div>\n\t\t\t\t<\/div>\n\t\t\t<\/div><div class=\"et_pb_module dnxte_thumbs_gallery_child dnxte_thumbs_gallery_child_4\">\n\t\t\t\t\n\t\t\t\t\n\t\t\t\t\n\t\t\t\t\n\t\t\t\t\n\t\t\t\t\n\t\t\t\t<div class=\"et_pb_module_inner\">\n\t\t\t\t\t<div href=\"https:\/\/plastsave.de\/wp-content\/uploads\/2021\/10\/Kunststoffgranulat-1.png\" class=\"dnext-thumbs-gallery-top-image-link\" data-title=\"Kunststoffgranulat\"><img decoding=\"async\" class=\"img-fluid\" alt=\"Kunststoffgranulat\" src=\"https:\/\/plastsave.de\/wp-content\/uploads\/2021\/10\/Kunststoffgranulat-1.png\"\/><\/div>\n\t\t\t\t<\/div>\n\t\t\t<\/div>\r\n                    <\/div>\r\n                <\/div> \n\t\t\t\t<\/div>\n\t\t\t<\/div>\n\t\t\t\t<\/div>\n\t\t\t<\/div>Separazione pi\u00f9 rapida e migliorata: di scarti [&hellip;]<\/p>\n","protected":false},"author":1,"featured_media":0,"parent":0,"menu_order":0,"comment_status":"closed","ping_status":"closed","template":"","meta":{"_et_pb_use_builder":"on","_et_pb_old_content":"","_et_gb_content_width":"","footnotes":""},"class_list":["post-26016","page","type-page","status-publish","hentry"],"_links":{"self":[{"href":"https:\/\/plastsave.de\/it\/wp-json\/wp\/v2\/pages\/26016","targetHints":{"allow":["GET"]}}],"collection":[{"href":"https:\/\/plastsave.de\/it\/wp-json\/wp\/v2\/pages"}],"about":[{"href":"https:\/\/plastsave.de\/it\/wp-json\/wp\/v2\/types\/page"}],"author":[{"embeddable":true,"href":"https:\/\/plastsave.de\/it\/wp-json\/wp\/v2\/users\/1"}],"replies":[{"embeddable":true,"href":"https:\/\/plastsave.de\/it\/wp-json\/wp\/v2\/comments?post=26016"}],"version-history":[{"count":2,"href":"https:\/\/plastsave.de\/it\/wp-json\/wp\/v2\/pages\/26016\/revisions"}],"predecessor-version":[{"id":26018,"href":"https:\/\/plastsave.de\/it\/wp-json\/wp\/v2\/pages\/26016\/revisions\/26018"}],"wp:attachment":[{"href":"https:\/\/plastsave.de\/it\/wp-json\/wp\/v2\/media?parent=26016"}],"curies":[{"name":"wp","href":"https:\/\/api.w.org\/{rel}","templated":true}]}}