{"id":247405,"date":"2022-09-05T10:58:50","date_gmt":"2022-09-05T08:58:50","guid":{"rendered":"https:\/\/plastsave.de\/economia-circular\/"},"modified":"2022-09-05T10:58:52","modified_gmt":"2022-09-05T08:58:52","slug":"economia-circular","status":"publish","type":"page","link":"https:\/\/plastsave.de\/pt-pt\/economia-circular\/","title":{"rendered":"Economia circular"},"content":{"rendered":"<p>[et_pb_section fb_built=&#8221;1&#8243; _builder_version=&#8221;4.16&#8243; _module_preset=&#8221;default&#8221; use_background_color_gradient=&#8221;on&#8221; background_color_gradient_stops=&#8221;#4872a1 0%|#0c71c3 100%&#8221; background_color_gradient_start=&#8221;#4872a1&#8243; background_color_gradient_end=&#8221;#0c71c3&#8243; background_image=&#8221;https:\/\/plastsave.de\/wp-content\/uploads\/2021\/10\/circle-background-pattern.png&#8221; custom_padding=&#8221;12px||9px|||&#8221; global_colors_info=&#8221;{}&#8221;][et_pb_row _builder_version=&#8221;4.16&#8243; _module_preset=&#8221;default&#8221; custom_padding=&#8221;8px||8px|||&#8221; global_colors_info=&#8221;{}&#8221;][et_pb_column type=&#8221;4_4&#8243; _builder_version=&#8221;4.16&#8243; _module_preset=&#8221;default&#8221; global_colors_info=&#8221;{}&#8221;][et_pb_text _builder_version=&#8221;4.16&#8243; _module_preset=&#8221;default&#8221; text_font=&#8221;Montserrat|700|||||||&#8221; header_font=&#8221;Montserrat|600|||||||&#8221; header_text_color=&#8221;#FFFFFF&#8221; header_font_size=&#8221;26px&#8221; header_line_height=&#8221;1.1em&#8221; header_2_font=&#8221;Montserrat||||||||&#8221; header_2_text_color=&#8221;#FFFFFF&#8221; header_2_font_size=&#8221;17px&#8221; header_2_line_height=&#8221;1.1em&#8221; global_colors_info=&#8221;{}&#8221;]<\/p>\n<h1>Economia circular?<\/h1>\n<h2>Na verdade, n\u00e3o \u00e9?<\/h2>\n<p>[\/et_pb_text][\/et_pb_column][\/et_pb_row][\/et_pb_section][et_pb_section fb_built=&#8221;1&#8243; admin_label=&#8221;Kreislaufende&#8221; _builder_version=&#8221;4.16&#8243; _module_preset=&#8221;default&#8221; background_enable_image=&#8221;off&#8221; custom_padding=&#8221;14px||12px|||&#8221; global_colors_info=&#8221;{}&#8221;][et_pb_row _builder_version=&#8221;4.16&#8243; _module_preset=&#8221;default&#8221; custom_padding=&#8221;||10px|||&#8221; global_colors_info=&#8221;{}&#8221;][et_pb_column type=&#8221;4_4&#8243; _builder_version=&#8221;4.16&#8243; _module_preset=&#8221;default&#8221; global_colors_info=&#8221;{}&#8221;][et_pb_image src=&#8221;https:\/\/plastsave.de\/wp-content\/uploads\/2021\/10\/Shopping_Banner_1400_500.png&#8221; title_text=&#8221;Shopping_Banner_1400_500&#8243; _builder_version=&#8221;4.16&#8243; _module_preset=&#8221;default&#8221; global_colors_info=&#8221;{}&#8221;][\/et_pb_image][et_pb_text _builder_version=&#8221;4.16&#8243; _module_preset=&#8221;default&#8221; text_font=&#8221;Montserrat||||||||&#8221; header_font=&#8221;Montserrat|700|||||||&#8221; header_text_color=&#8221;#FFFFFF&#8221; header_font_size=&#8221;40px&#8221; header_2_font=&#8221;Montserrat||||||||&#8221; header_2_text_color=&#8221;#000000&#8243; text_orientation=&#8221;justified&#8221; custom_margin=&#8221;||8px|||&#8221; custom_padding=&#8221;||0px|||&#8221; global_colors_info=&#8221;{}&#8221;]<\/p>\n<p>As esta\u00e7\u00f5es de tratamento de res\u00edduos mec\u00e2nico-biol\u00f3gicos (MBA) s\u00e3o para muitos munic\u00edpios, a n\u00edvel nacional e internacional, o ponto de contacto para o volume de res\u00edduos dos seus cidad\u00e3os. Ap\u00f3s a pr\u00e9-triagem pelo MBA, o uso posterior \u00e9 determinado aqui. Isto \u00e9 geralmente definido sob a forma de destrui\u00e7\u00e3o total, sem ter que olhar novamente para poss\u00edveis utiliza\u00e7\u00f5es.<\/p>\n<p>A partir de agora, a Lei da Economia Circular tem a possibilidade de permitir que os pl\u00e1sticos contidos nos res\u00edduos urbanos e recicl\u00e1veis atinjam o &#8220;fim do estatuto de res\u00edduos&#8221;.<\/p>\n<p>[\/et_pb_text][\/et_pb_column][\/et_pb_row][\/et_pb_section][et_pb_section fb_built=&#8221;1&#8243; admin_label=&#8221;Kreislaufende&#8221; _builder_version=&#8221;4.18.0&#8243; _module_preset=&#8221;default&#8221; background_color=&#8221;#f7f7f7&#8243; background_image=&#8221;https:\/\/plastsave.de\/wp-content\/uploads\/2021\/10\/circle-background-pattern.png&#8221; custom_padding=&#8221;14px||12px|||&#8221; global_colors_info=&#8221;{}&#8221;][et_pb_row _builder_version=&#8221;4.16&#8243; _module_preset=&#8221;default&#8221; custom_padding=&#8221;10px||2px|||&#8221; global_colors_info=&#8221;{}&#8221;][et_pb_column type=&#8221;4_4&#8243; _builder_version=&#8221;4.16&#8243; _module_preset=&#8221;default&#8221; global_colors_info=&#8221;{}&#8221;][et_pb_image src=&#8221;https:\/\/plastsave.de\/wp-content\/uploads\/2021\/10\/Kreislauf_1200_700.png&#8221; title_text=&#8221;Kreislauf_1200_700&#8243; _builder_version=&#8221;4.16&#8243; _module_preset=&#8221;default&#8221; custom_margin=&#8221;||19px|||&#8221; global_colors_info=&#8221;{}&#8221;][\/et_pb_image][et_pb_text _builder_version=&#8221;4.16&#8243; _module_preset=&#8221;default&#8221; text_font=&#8221;Montserrat||||||||&#8221; text_orientation=&#8221;justified&#8221; global_colors_info=&#8221;{}&#8221;]<\/p>\n<p>As instala\u00e7\u00f5es de incinera\u00e7\u00e3o s\u00f3 podem arder incompletamente. Da mesma forma, a oxida\u00e7\u00e3o s\u00f3 est\u00e1 incompleta, ou seja, s\u00e3o libertadas numerosas toxinas organohalog\u00e9nicas &#8211; para al\u00e9m das dioxinas\/furanos clorados a dioxinas\/furanos com bromuado, fluorado e misturado. O rendimento energ\u00e9tico da utiliza\u00e7\u00e3o t\u00e9rmica \u00e9 apenas de 30-40%.<\/p>\n<p>Devido \u00e0 emiss\u00e3o de dioxinas, metais pesados, part\u00edculas, etc., existem riscos para a sa\u00fade que v\u00e3o desde o aumento do risco de cancro at\u00e9 problemas respirat\u00f3rios, doen\u00e7as card\u00edacas, danos no sistema imunit\u00e1rio e rea\u00e7\u00f5es al\u00e9rgicas a anomalias cong\u00e9nitas. Uma instala\u00e7\u00e3o de incinera\u00e7\u00e3o de res\u00edduos \u00e9 compar\u00e1vel a um enorme reator em que dezenas de milhares de produtos qu\u00edmicos diferentes acabam. \u00c9 tecnicamente imposs\u00edvel controlar todas as liga\u00e7\u00f5es a\u00ed criadas! De todo este cocktail de poluentes, apenas cerca de 15 poluentes s\u00e3o medidos pelas autoridades reguladoras; existem apenas valores-limite para muitas subst\u00e2ncias comprovadamente nocivas. N\u00e3o pode haver tecnologia de filtro que filtra os produtos de rea\u00e7\u00e3o 10hoch26-28 de rea\u00e7\u00f5es em cadeia radicais e radicais formadas por segundo no g\u00e1s de gripe &#8220;sem veneno&#8221;.<\/p>\n<p><em>(Objeto retirado de publica\u00e7\u00f5es de estudo sobre a instala\u00e7\u00e3o de uma instala\u00e7\u00e3o de incinera\u00e7\u00e3o de res\u00edduos em Trostberg e Schelklingen. Os referendos impediram a constru\u00e7\u00e3o e, assim, a instala\u00e7\u00e3o.)<\/em><\/p>\n<p>[\/et_pb_text][\/et_pb_column][\/et_pb_row][\/et_pb_section][et_pb_section fb_built=&#8221;1&#8243; admin_label=&#8221;grauer Hintergrund&#8221; _builder_version=&#8221;4.18.0&#8243; _module_preset=&#8221;default&#8221; background_color=&#8221;RGBA(255,255,255,0)&#8221; custom_padding=&#8221;12px||15px|||&#8221; hover_enabled=&#8221;0&#8243; global_colors_info=&#8221;{}&#8221; background_enable_image=&#8221;off&#8221; sticky_enabled=&#8221;0&#8243;][et_pb_row _builder_version=&#8221;4.16&#8243; _module_preset=&#8221;default&#8221; custom_padding=&#8221;10px||14px|||&#8221; global_colors_info=&#8221;{}&#8221;][et_pb_column type=&#8221;4_4&#8243; _builder_version=&#8221;4.16&#8243; _module_preset=&#8221;default&#8221; global_colors_info=&#8221;{}&#8221;][et_pb_text _builder_version=&#8221;4.16&#8243; _module_preset=&#8221;default&#8221; text_font=&#8221;Montserrat|500|||||||&#8221; header_2_font=&#8221;Montserrat|600|||||||&#8221; header_2_text_align=&#8221;center&#8221; header_2_text_color=&#8221;rgba(0,0,0,0.63)&#8221; header_2_font_size=&#8221;17px&#8221; header_2_line_height=&#8221;1.5em&#8221; text_orientation=&#8221;center&#8221; custom_margin=&#8221;||13px|||&#8221; global_colors_info=&#8221;{}&#8221;]<\/p>\n<h2>A reciclagem de pl\u00e1sticos dos res\u00edduos urbanos tamb\u00e9m pode ser utilizada para evitar res\u00edduos.<\/h2>\n<p>[\/et_pb_text][et_pb_image src=&#8221;https:\/\/plastsave.de\/wp-content\/uploads\/2021\/10\/Kreislauf_transparent.png&#8221; title_text=&#8221;Kreislauf_transparent&#8221; _builder_version=&#8221;4.16&#8243; _module_preset=&#8221;default&#8221; custom_margin=&#8221;||10px|||&#8221; global_colors_info=&#8221;{}&#8221;][\/et_pb_image][et_pb_text _builder_version=&#8221;4.16&#8243; _module_preset=&#8221;default&#8221; text_font=&#8221;Montserrat|300|||||||&#8221; header_3_font=&#8221;Montserrat|600|||||||&#8221; header_3_font_size=&#8221;18px&#8221; text_orientation=&#8221;center&#8221; global_colors_info=&#8221;{}&#8221;]<\/p>\n<h3>Para torn\u00e1-lo um c\u00edrculo&#8230;<\/h3>\n<h3>&#8230; e fica<\/h3>\n<p>[\/et_pb_text][\/et_pb_column][\/et_pb_row][\/et_pb_section][et_pb_section fb_built=&#8221;1&#8243; admin_label=&#8221;grauer Hintergrund&#8221; _builder_version=&#8221;4.18.0&#8243; _module_preset=&#8221;default&#8221; background_color=&#8221;#f7f7f7&#8243; custom_padding=&#8221;12px||21px|||&#8221; hover_enabled=&#8221;0&#8243; global_colors_info=&#8221;{}&#8221; sticky_enabled=&#8221;0&#8243; title_text=&#8221;circle-background-pattern&#8221; background_image=&#8221;https:\/\/plastsave.de\/wp-content\/uploads\/2021\/10\/circle-background-pattern.png&#8221;][et_pb_row column_structure=&#8221;1_2,1_2&#8243; _builder_version=&#8221;4.16&#8243; _module_preset=&#8221;default&#8221; custom_padding=&#8221;13px|||||&#8221; global_colors_info=&#8221;{}&#8221;][et_pb_column type=&#8221;1_2&#8243; _builder_version=&#8221;4.16&#8243; _module_preset=&#8221;default&#8221; global_colors_info=&#8221;{}&#8221;][et_pb_text _builder_version=&#8221;4.18.0&#8243; _module_preset=&#8221;default&#8221; text_font=&#8221;Montserrat||||||||&#8221; header_2_font=&#8221;Montserrat|700|||||||&#8221; header_2_text_align=&#8221;center&#8221; header_2_text_color=&#8221;rgba(0,0,0,0.63)&#8221; header_2_line_height=&#8221;1.5em&#8221; text_orientation=&#8221;justified&#8221; custom_margin=&#8221;||13px|||&#8221; global_colors_info=&#8221;{}&#8221;]<\/p>\n<p>Nos \u00faltimos cinco anos, 25 novas instala\u00e7\u00f5es de MBA foram constru\u00eddas na Europa. Em m\u00e9dia, entrou em funcionamento uma capacidade de cerca de 2,2 milh\u00f5es de toneladas por ano. Um total de cerca de 570 f\u00e1bricas de MBA est\u00e3o em funcionamento na Europa no in\u00edcio de 2017. Estes t\u00eam uma capacidade de tratamento de 55 milh\u00f5es de toneladas de res\u00edduos. (a informa\u00e7\u00e3o foi retirada do estudo Ecoprog de 2017)<\/p>\n<p>[\/et_pb_text][et_pb_text _builder_version=&#8221;4.18.0&#8243; _module_preset=&#8221;default&#8221; text_font=&#8221;Montserrat||||||||&#8221; header_2_font=&#8221;Montserrat|700|||||||&#8221; header_2_text_align=&#8221;center&#8221; header_2_text_color=&#8221;rgba(0,0,0,0.63)&#8221; header_2_line_height=&#8221;1.5em&#8221; text_orientation=&#8221;justified&#8221; custom_margin=&#8221;||13px|||&#8221; global_colors_info=&#8221;{}&#8221;]<\/p>\n<p>A exporta\u00e7\u00e3o de protec\u00e7\u00e3o ambiental \u00e9 tamb\u00e9m sugerida pelo relat\u00f3rio Fraunhofer ISI, encomendado pela Ag\u00eancia Federal do Ambiente: Inova\u00e7\u00f5es Ambientais Feitas na Alemanha: Que contribui\u00e7\u00e3o pode ser dada para alcan\u00e7ar os objectivos de desenvolvimento sustent\u00e1vel?<\/p>\n<p>[\/et_pb_text][\/et_pb_column][et_pb_column type=&#8221;1_2&#8243; _builder_version=&#8221;4.16&#8243; _module_preset=&#8221;default&#8221; global_colors_info=&#8221;{}&#8221;][et_pb_image src=&#8221;https:\/\/plastsave.de\/wp-content\/uploads\/2021\/10\/Bild1.png&#8221; title_text=&#8221;Fig. 1&#8243; _builder_version=&#8221;4.16&#8243; _module_preset=&#8221;default&#8221; custom_margin=&#8221;||10px|||&#8221; global_colors_info=&#8221;{}&#8221;][\/et_pb_image][\/et_pb_column][\/et_pb_row][\/et_pb_section][et_pb_section fb_built=&#8221;1&#8243; admin_label=&#8221;Kreislaufende&#8221; _builder_version=&#8221;4.16&#8243; _module_preset=&#8221;default&#8221; background_enable_image=&#8221;off&#8221; custom_padding=&#8221;11px||12px|||&#8221; global_colors_info=&#8221;{}&#8221;][et_pb_row _builder_version=&#8221;4.16&#8243; _module_preset=&#8221;default&#8221; custom_padding=&#8221;15px||12px|||&#8221; global_colors_info=&#8221;{}&#8221;][et_pb_column type=&#8221;4_4&#8243; _builder_version=&#8221;4.16&#8243; _module_preset=&#8221;default&#8221; global_colors_info=&#8221;{}&#8221;][et_pb_image src=&#8221;https:\/\/plastsave.de\/wp-content\/uploads\/2021\/10\/Recycle-Logo_transparent.png&#8221; title_text=&#8221;Reciclar Logo_transparent&#8221; _builder_version=&#8221;4.16&#8243; _module_preset=&#8221;default&#8221; width=&#8221;50%&#8221; max_width=&#8221;50%&#8221; module_alignment=&#8221;center&#8221; custom_margin=&#8221;||6px|||&#8221; custom_padding=&#8221;||0px|||&#8221; global_colors_info=&#8221;{}&#8221;][\/et_pb_image][et_pb_text _builder_version=&#8221;4.16&#8243; _module_preset=&#8221;default&#8221; text_font=&#8221;Montserrat|500|||||||&#8221; header_text_color=&#8221;#000000&#8243; header_2_font=&#8221;Montserrat|600|||||||&#8221; header_2_text_align=&#8221;center&#8221; header_2_font_size=&#8221;20px&#8221; header_2_line_height=&#8221;1.5em&#8221; text_orientation=&#8221;center&#8221; custom_margin=&#8221;||13px|||&#8221; custom_padding=&#8221;||0px|||&#8221; global_colors_info=&#8221;{}&#8221;]<\/p>\n<h2>Todos s\u00e3o a segunda oportunidade!<\/h2>\n<p>[\/et_pb_text][\/et_pb_column][\/et_pb_row][\/et_pb_section]<\/p>\n","protected":false},"excerpt":{"rendered":"<p>Economia circular? Na verdade, n\u00e3o \u00e9?As esta\u00e7\u00f5es de tratamento de res\u00edduos mec\u00e2nico-biol\u00f3gicos (MBA) s\u00e3o para muitos munic\u00edpios, a n\u00edvel nacional e internacional, o ponto de contacto para o volume de res\u00edduos dos seus cidad\u00e3os. Ap\u00f3s a pr\u00e9-triagem pelo MBA, o uso posterior \u00e9 determinado aqui. Isto \u00e9 geralmente definido sob a forma de destrui\u00e7\u00e3o total, [&hellip;]<\/p>\n","protected":false},"author":1,"featured_media":0,"parent":0,"menu_order":0,"comment_status":"closed","ping_status":"closed","template":"","meta":{"_et_pb_use_builder":"on","_et_pb_old_content":"","_et_gb_content_width":"","footnotes":""},"class_list":["post-247405","page","type-page","status-publish","hentry"],"_links":{"self":[{"href":"https:\/\/plastsave.de\/pt-pt\/wp-json\/wp\/v2\/pages\/247405","targetHints":{"allow":["GET"]}}],"collection":[{"href":"https:\/\/plastsave.de\/pt-pt\/wp-json\/wp\/v2\/pages"}],"about":[{"href":"https:\/\/plastsave.de\/pt-pt\/wp-json\/wp\/v2\/types\/page"}],"author":[{"embeddable":true,"href":"https:\/\/plastsave.de\/pt-pt\/wp-json\/wp\/v2\/users\/1"}],"replies":[{"embeddable":true,"href":"https:\/\/plastsave.de\/pt-pt\/wp-json\/wp\/v2\/comments?post=247405"}],"version-history":[{"count":2,"href":"https:\/\/plastsave.de\/pt-pt\/wp-json\/wp\/v2\/pages\/247405\/revisions"}],"predecessor-version":[{"id":247407,"href":"https:\/\/plastsave.de\/pt-pt\/wp-json\/wp\/v2\/pages\/247405\/revisions\/247407"}],"wp:attachment":[{"href":"https:\/\/plastsave.de\/pt-pt\/wp-json\/wp\/v2\/media?parent=247405"}],"curies":[{"name":"wp","href":"https:\/\/api.w.org\/{rel}","templated":true}]}}