{"id":26030,"date":"2022-02-05T08:00:58","date_gmt":"2022-02-05T07:00:58","guid":{"rendered":"https:\/\/plastsave.de\/equipa\/"},"modified":"2022-02-05T08:04:00","modified_gmt":"2022-02-05T07:04:00","slug":"equipa","status":"publish","type":"page","link":"https:\/\/plastsave.de\/pt-pt\/equipa\/","title":{"rendered":"Equipa"},"content":{"rendered":"<p>[et_pb_section fb_built=&#8221;1&#8243; _builder_version=&#8221;4.11.2&#8243; _module_preset=&#8221;default&#8221; use_background_color_gradient=&#8221;on&#8221; background_color_gradient_start=&#8221;#4872a1&#8243; background_color_gradient_end=&#8221;#0c71c3&#8243; background_image=&#8221;https:\/\/plastsave.de\/wp-content\/uploads\/2021\/10\/circle-background-pattern.png&#8221; custom_padding=&#8221;15px||12px|||&#8221; global_colors_info=&#8221;{}&#8221;][et_pb_row _builder_version=&#8221;4.11.2&#8243; _module_preset=&#8221;default&#8221; custom_padding=&#8221;16px||11px|||&#8221; global_colors_info=&#8221;{}&#8221;][et_pb_column type=&#8221;4_4&#8243; _builder_version=&#8221;4.11.2&#8243; _module_preset=&#8221;default&#8221; global_colors_info=&#8221;{}&#8221;][et_pb_text _builder_version=&#8221;4.13.0&#8243; _module_preset=&#8221;default&#8221; text_font=&#8221;Montserrat|700|||||||&#8221; header_font=&#8221;Montserrat|600|||||||&#8221; header_text_color=&#8221;#FFFFFF&#8221; global_colors_info=&#8221;{}&#8221;]<\/p>\n<h1>As mentes por tr\u00e1s do &#8220;plastsave&#8221; Umwelttechnik KG<\/h1>\n<p>[\/et_pb_text][\/et_pb_column][\/et_pb_row][\/et_pb_section][et_pb_section fb_built=&#8221;1&#8243; _builder_version=&#8221;4.11.2&#8243; _module_preset=&#8221;default&#8221; background_enable_image=&#8221;off&#8221; custom_padding=&#8221;16px||21px|||&#8221; global_colors_info=&#8221;{}&#8221;][et_pb_row _builder_version=&#8221;4.11.2&#8243; _module_preset=&#8221;default&#8221; custom_padding=&#8221;15px||13px|||&#8221; global_colors_info=&#8221;{}&#8221;][et_pb_column type=&#8221;4_4&#8243; _builder_version=&#8221;4.11.2&#8243; _module_preset=&#8221;default&#8221; global_colors_info=&#8221;{}&#8221;][et_pb_text _builder_version=&#8221;4.13.0&#8243; _module_preset=&#8221;default&#8221; text_font=&#8221;Montserrat||||||||&#8221; header_font=&#8221;Montserrat|700|||||||&#8221; header_text_color=&#8221;#FFFFFF&#8221; header_font_size=&#8221;40px&#8221; header_2_font=&#8221;Montserrat||||||||&#8221; header_2_text_color=&#8221;#000000&#8243; header_3_font=&#8221;Montserrat||||||||&#8221; header_4_font=&#8221;Montserrat||||||||&#8221; text_orientation=&#8221;justified&#8221; global_colors_info=&#8221;{}&#8221;]<\/p>\n<p>Todas as pessoas envolvidas na empresa, como Ulrich Winkler e Willi M\u00f6ller, contribuem com os seus conhecimentos, experi\u00eancia e qualifica\u00e7\u00f5es para a empresa.<\/p>\n<p>Ulrich Winkler recorda 33 anos de coopera\u00e7\u00e3o com empresas internacionais na ind\u00fastria dos pl\u00e1sticos e a sua forma\u00e7\u00e3o em direito fiscal, impress\u00e3o de ecr\u00e3 e estudos de VWA na administra\u00e7\u00e3o de empresas. Como autodidata, desenvolveu inven\u00e7\u00f5es para a limpeza e despojamento de poliolefinas. Ap\u00f3s quase seis anos de exame e tomada de decis\u00e3o em curso no DPMA, foi-lhe concedida a patente para a sua inven\u00e7\u00e3o.<\/p>\n<p>Willi M\u00f6ller tamb\u00e9m contribuiu com a sua qualifica\u00e7\u00e3o como consultor fiscal e auditor, que tamb\u00e9m dura h\u00e1 mais de 30 anos, para a empresa.<\/p>\n<p>[\/et_pb_text][\/et_pb_column][\/et_pb_row][\/et_pb_section][et_pb_section fb_built=&#8221;1&#8243; _builder_version=&#8221;4.11.2&#8243; _module_preset=&#8221;default&#8221; background_color=&#8221;#f7f7f7&#8243; background_image=&#8221;https:\/\/plastsave.de\/wp-content\/uploads\/2021\/10\/circle-background-pattern.png&#8221; custom_padding=&#8221;21px||16px|||&#8221; global_colors_info=&#8221;{}&#8221;][et_pb_row column_structure=&#8221;1_3,1_3,1_3&#8243; _builder_version=&#8221;4.11.4&#8243; _module_preset=&#8221;default&#8221; custom_padding=&#8221;||11px|||&#8221; global_colors_info=&#8221;{}&#8221;][et_pb_column type=&#8221;1_3&#8243; _builder_version=&#8221;4.11.4&#8243; _module_preset=&#8221;default&#8221; global_colors_info=&#8221;{}&#8221;][dnxte_person teamperson_image=&#8221;https:\/\/plastsave.de\/wp-content\/uploads\/2021\/10\/Ulrich_Winkler_Foto.png&#8221; teamperson_name=&#8221;Ulrich Winkler&#8221; teamperson_position=&#8221;CEO e Fundador&#8221; person_alignment=&#8221;center&#8221; person_top=&#8221;top-center&#8221; person_title_margin=&#8221;15px||||false|false&#8221; _builder_version=&#8221;4.14.7&#8243; _module_preset=&#8221;default&#8221; header_font=&#8221;Montserrat|700|||||||&#8221; header_text_align=&#8221;center&#8221; body_font=&#8221;Montserrat||||||||&#8221; body_text_align=&#8221;left&#8221; position_font=&#8221;Montserrat||||||||&#8221; position_text_align=&#8221;center&#8221; hover_enabled=&#8221;0&#8243; border_radii_image=&#8221;on|15px|15px|15px|15px&#8221; border_radii_content_border=&#8221;on|15px|15px|15px|15px&#8221; global_colors_info=&#8221;{}&#8221; sticky_enabled=&#8221;0&#8243;][\/dnxte_person][\/et_pb_column][et_pb_column type=&#8221;1_3&#8243; _builder_version=&#8221;4.11.4&#8243; _module_preset=&#8221;default&#8221; global_colors_info=&#8221;{}&#8221;][dnxte_person teamperson_image=&#8221;https:\/\/plastsave.de\/wp-content\/uploads\/2021\/10\/Willi_Moeller_Foto-3.png&#8221; teamperson_name=&#8221;Willi M\u00f6ller&#8221; teamperson_position=&#8221;Consultor Fiscal CPA&#8221; person_alignment=&#8221;center&#8221; person_top=&#8221;top-center&#8221; person_title_margin=&#8221;15px||||false|false&#8221; _builder_version=&#8221;4.14.7&#8243; _module_preset=&#8221;default&#8221; header_font=&#8221;Montserrat|700|||||||&#8221; header_text_align=&#8221;center&#8221; body_font=&#8221;Montserrat||||||||&#8221; body_text_align=&#8221;left&#8221; position_font=&#8221;Montserrat||||||||&#8221; position_text_align=&#8221;center&#8221; hover_enabled=&#8221;0&#8243; border_radii_image=&#8221;on|15px|15px|15px|15px&#8221; border_radii_content_border=&#8221;on|15px|15px|15px|15px&#8221; global_colors_info=&#8221;{}&#8221; sticky_enabled=&#8221;0&#8243;][\/dnxte_person][\/et_pb_column][et_pb_column type=&#8221;1_3&#8243; _builder_version=&#8221;4.11.4&#8243; _module_preset=&#8221;default&#8221; global_colors_info=&#8221;{}&#8221;][dnxte_person teamperson_image=&#8221;https:\/\/plastsave.de\/wp-content\/uploads\/2021\/10\/Markolf_Schmidt_Foto.png&#8221; teamperson_name=&#8221;Markolf Schmidt&#8221; teamperson_position=&#8221;Advogado nacional para direito banc\u00e1rio e mercado de capitais&#8221; person_alignment=&#8221;center&#8221; person_top=&#8221;top-center&#8221; person_title_margin=&#8221;15px||||false|false&#8221; _builder_version=&#8221;4.14.7&#8243; _module_preset=&#8221;default&#8221; header_font=&#8221;Montserrat|700|||||||&#8221; header_text_align=&#8221;center&#8221; body_font=&#8221;Montserrat||||||||&#8221; body_text_align=&#8221;left&#8221; position_font=&#8221;Montserrat||||||||&#8221; position_text_align=&#8221;center&#8221; hover_enabled=&#8221;0&#8243; border_radii_image=&#8221;on|15px|15px|15px|15px&#8221; border_radii_content_border=&#8221;on|15px|15px|15px|15px&#8221; global_colors_info=&#8221;{}&#8221; sticky_enabled=&#8221;0&#8243;][\/dnxte_person][\/et_pb_column][\/et_pb_row][\/et_pb_section]<\/p>\n","protected":false},"excerpt":{"rendered":"<p>As mentes por tr\u00e1s do &#8220;plastsave&#8221; Umwelttechnik KGTodas as pessoas envolvidas na empresa, como Ulrich Winkler e Willi M\u00f6ller, contribuem com os seus conhecimentos, experi\u00eancia e qualifica\u00e7\u00f5es para a empresa. Ulrich Winkler recorda 33 anos de coopera\u00e7\u00e3o com empresas internacionais na ind\u00fastria dos pl\u00e1sticos e a sua forma\u00e7\u00e3o em direito fiscal, impress\u00e3o de ecr\u00e3 e [&hellip;]<\/p>\n","protected":false},"author":1,"featured_media":0,"parent":0,"menu_order":0,"comment_status":"closed","ping_status":"closed","template":"","meta":{"_et_pb_use_builder":"on","_et_pb_old_content":"","_et_gb_content_width":"","footnotes":""},"class_list":["post-26030","page","type-page","status-publish","hentry"],"_links":{"self":[{"href":"https:\/\/plastsave.de\/pt-pt\/wp-json\/wp\/v2\/pages\/26030","targetHints":{"allow":["GET"]}}],"collection":[{"href":"https:\/\/plastsave.de\/pt-pt\/wp-json\/wp\/v2\/pages"}],"about":[{"href":"https:\/\/plastsave.de\/pt-pt\/wp-json\/wp\/v2\/types\/page"}],"author":[{"embeddable":true,"href":"https:\/\/plastsave.de\/pt-pt\/wp-json\/wp\/v2\/users\/1"}],"replies":[{"embeddable":true,"href":"https:\/\/plastsave.de\/pt-pt\/wp-json\/wp\/v2\/comments?post=26030"}],"version-history":[{"count":3,"href":"https:\/\/plastsave.de\/pt-pt\/wp-json\/wp\/v2\/pages\/26030\/revisions"}],"predecessor-version":[{"id":26033,"href":"https:\/\/plastsave.de\/pt-pt\/wp-json\/wp\/v2\/pages\/26030\/revisions\/26033"}],"wp:attachment":[{"href":"https:\/\/plastsave.de\/pt-pt\/wp-json\/wp\/v2\/media?parent=26030"}],"curies":[{"name":"wp","href":"https:\/\/api.w.org\/{rel}","templated":true}]}}