{"id":26045,"date":"2022-02-05T08:55:10","date_gmt":"2022-02-05T07:55:10","guid":{"rendered":"https:\/\/plastsave.de\/isencao-de-responsabilidade\/"},"modified":"2022-02-05T08:55:11","modified_gmt":"2022-02-05T07:55:11","slug":"isencao-de-responsabilidade","status":"publish","type":"page","link":"https:\/\/plastsave.de\/pt-pt\/isencao-de-responsabilidade\/","title":{"rendered":"Isen\u00e7\u00e3o de responsabilidade"},"content":{"rendered":"<p>[et_pb_section fb_built=&#8221;1&#8243; _builder_version=&#8221;4.11.2&#8243; _module_preset=&#8221;default&#8221; use_background_color_gradient=&#8221;on&#8221; background_color_gradient_start=&#8221;#4872a1&#8243; background_color_gradient_end=&#8221;#0c71c3&#8243; background_image=&#8221;https:\/\/plastsave.de\/wp-content\/uploads\/2021\/10\/circle-background-pattern.png&#8221; global_colors_info=&#8221;{}&#8221; custom_padding=&#8221;11px||10px|||&#8221;][et_pb_row _builder_version=&#8221;4.11.2&#8243; _module_preset=&#8221;default&#8221; global_colors_info=&#8221;{}&#8221; custom_padding=&#8221;12px||13px|||&#8221;][et_pb_column type=&#8221;4_4&#8243; _builder_version=&#8221;4.11.2&#8243; _module_preset=&#8221;default&#8221; global_colors_info=&#8221;{}&#8221;][et_pb_text _builder_version=&#8221;4.13.0&#8243; _module_preset=&#8221;default&#8221; text_font=&#8221;Montserrat|700|||||||&#8221; header_font=&#8221;Montserrat|600|||||||&#8221; header_text_color=&#8221;#FFFFFF&#8221; hover_enabled=&#8221;0&#8243; global_colors_info=&#8221;{}&#8221; sticky_enabled=&#8221;0&#8243;]<\/p>\n<h1>Isen\u00e7\u00e3o de responsabilidade<\/h1>\n<p>[\/et_pb_text][\/et_pb_column][\/et_pb_row][\/et_pb_section][et_pb_section fb_built=&#8221;1&#8243; _builder_version=&#8221;4.11.2&#8243; _module_preset=&#8221;default&#8221; background_color=&#8221;RGBA(0,0,0,0)&#8221; background_image=&#8221;https:\/\/plastsave.de\/wp-content\/uploads\/2021\/09\/coding-dots.png&#8221; background_size=&#8221;contain&#8221; background_position=&#8221;center_right&#8221; background_repeat=&#8221;repeat-y&#8221; global_colors_info=&#8221;{}&#8221; custom_padding=&#8221;12px|||||&#8221;][et_pb_row _builder_version=&#8221;4.11.2&#8243; _module_preset=&#8221;default&#8221; global_colors_info=&#8221;{}&#8221;][et_pb_column type=&#8221;4_4&#8243; _builder_version=&#8221;4.11.2&#8243; _module_preset=&#8221;default&#8221; global_colors_info=&#8221;{}&#8221;][et_pb_accordion icon_color=&#8221;#000000&#8243; _builder_version=&#8221;4.13.0&#8243; _module_preset=&#8221;default&#8221; hover_enabled=&#8221;0&#8243; global_colors_info=&#8221;{}&#8221; sticky_enabled=&#8221;0&#8243;][et_pb_accordion_item title=&#8221;1. Limita\u00e7\u00e3o da responsabilidade&#8221; open=&#8221;on&#8221; _builder_version=&#8221;4.13.0&#8243; _module_preset=&#8221;default&#8221; body_font=&#8221;Montserrat||||||||&#8221; body_text_align=&#8221;justify&#8221; background_color=&#8221;RGBA(0,0,0,0)&#8221; background_enable_color=&#8221;on&#8221; text_orientation=&#8221;justified&#8221; hover_enabled=&#8221;0&#8243; global_colors_info=&#8221;{}&#8221; toggle_level=&#8221;h2&#8243; toggle_font=&#8221;Montserrat|600|||||||&#8221; closed_toggle_font=&#8221;Montserrat||||||||&#8221; toggle_font_size=&#8221;17px&#8221; closed_toggle_font_size=&#8221;14px&#8221; sticky_enabled=&#8221;0&#8243;]<\/p>\n<p>Como &#8220;plastsave&#8221; Umwelttechnik KG, fornecemos-lhe www.plastsave.de informa\u00e7\u00e3o gratuita e livremente acess\u00edvel no nosso site. Lutamos pelo maior cuidado poss\u00edvel aqui. No entanto, os erros n\u00e3o podem ser completamente exclu\u00eddos. Por conseguinte, n\u00e3o se pode assumir uma responsabilidade ou garantia pela atualidade, corre\u00e7\u00e3o e completude das informa\u00e7\u00f5es fornecidas.<\/p>\n<p>Como prestador de servi\u00e7os e como fornecedor deste website, a nossa empresa \u00e9 respons\u00e1vel de acordo com o \u00a7 7 TMG pelo seu pr\u00f3prio conte\u00fado e informa\u00e7\u00e3o fornecida nestas p\u00e1ginas de acordo com as leis gerais. No entanto, de acordo com \u00a7\u00a7 8 a 10 TMG, n\u00e3o somos obrigados a monitorizar as informa\u00e7\u00f5es transmitidas ou armazenadas de terceiros. A remo\u00e7\u00e3o ou bloqueio deste conte\u00fado ocorre imediatamente a partir do momento do conhecimento de uma infra\u00e7\u00e3o espec\u00edfica. A responsabilidade s\u00f3 \u00e9 poss\u00edvel a partir do momento em que se tenha conhecimento de uma infra\u00e7\u00e3o espec\u00edfica.<\/p>\n<p>A informa\u00e7\u00e3o contida e apresentada neste website \u00e9 apenas para fins de informa\u00e7\u00e3o geral e n\u00e3o constitui consultoria empresarial, jur\u00eddica ou fiscal.<\/p>\n<p>Reservamo-nos o direito de alterar ou eliminar o conte\u00fado deste website, total ou parcialmente, na medida em que as obriga\u00e7\u00f5es contratuais n\u00e3o sejam afetadas.<\/p>\n<p>Fazemos todos os esfor\u00e7os para manter este site livre de v\u00edrus ou outros malwares em todos os momentos, mas n\u00e3o podemos aceitar qualquer responsabilidade pela sua aus\u00eancia de v\u00edrus. O respetivo utilizador do website deve tomar todas as precau\u00e7\u00f5es de seguran\u00e7a necess\u00e1rias para prevenir v\u00edrus antes de descarregar o conte\u00fado fornecido.<\/p>\n<p>[\/et_pb_accordion_item][et_pb_accordion_item title=&#8221;2. Liga\u00e7\u00f5es a outros websites&#8221; _builder_version=&#8221;4.13.0&#8243; _module_preset=&#8221;default&#8221; body_font=&#8221;Montserrat||||||||&#8221; body_text_align=&#8221;justify&#8221; background_color=&#8221;RGBA(0,0,0,0)&#8221; background_enable_color=&#8221;on&#8221; text_orientation=&#8221;justified&#8221; hover_enabled=&#8221;0&#8243; global_colors_info=&#8221;{}&#8221; toggle_level=&#8221;h2&#8243; toggle_font=&#8221;Montserrat|600|||||||&#8221; closed_toggle_font=&#8221;Montserrat||||||||&#8221; open=&#8221;off&#8221; toggle_font_size=&#8221;17px&#8221; sticky_enabled=&#8221;0&#8243;]<\/p>\n<p>A nossa oferta cont\u00e9m links para sites externos de terceiros, em cujo conte\u00fado n\u00e3o temos qualquer influ\u00eancia. Por conseguinte, n\u00e3o podemos assumir qualquer responsabilidade por estes conte\u00fados de terceiros. O respetivo fornecedor ou operador das p\u00e1ginas \u00e9 sempre respons\u00e1vel pelo conte\u00fado das p\u00e1ginas ligadas. As p\u00e1ginas ligadas foram verificadas por poss\u00edveis viola\u00e7\u00f5es legais no momento da liga\u00e7\u00e3o. O conte\u00fado ilegal n\u00e3o era reconhec\u00edvel no momento da liga\u00e7\u00e3o. No entanto, um controlo permanente do conte\u00fado das p\u00e1ginas ligadas n\u00e3o \u00e9 razo\u00e1vel sem provas concretas de uma viola\u00e7\u00e3o da lei. Ao tomar conhecimento de viola\u00e7\u00f5es legais, removeremos imediatamente tais liga\u00e7\u00f5es.<\/p>\n<p>Se aceder a um website externo a partir do nosso site (link externo), o fornecedor externo poder\u00e1 receber informa\u00e7\u00f5es do seu navegador a partir de qual dos nossos websites lhe foi dado. O fornecedor externo \u00e9 respons\u00e1vel por estes dados. Como qualquer outro fornecedor de websites, n\u00e3o estamos em posi\u00e7\u00e3o de influenciar este processo.<\/p>\n<p>[\/et_pb_accordion_item][et_pb_accordion_item title=&#8221;3. Direitos autorais \/ direitos de autor auxiliares&#8221; _builder_version=&#8221;4.13.0&#8243; _module_preset=&#8221;default&#8221; body_font=&#8221;Montserrat||||||||&#8221; body_text_align=&#8221;justify&#8221; background_color=&#8221;RGBA(0,0,0,0)&#8221; background_enable_color=&#8221;on&#8221; text_orientation=&#8221;justified&#8221; hover_enabled=&#8221;0&#8243; global_colors_info=&#8221;{}&#8221; toggle_level=&#8221;h2&#8243; toggle_font=&#8221;Montserrat|600|||||||&#8221; closed_toggle_font=&#8221;Montserrat||||||||&#8221; open=&#8221;off&#8221; toggle_font_size=&#8221;17px&#8221; sticky_enabled=&#8221;0&#8243;]<\/p>\n<p>Todos os textos, imagens, conte\u00fados, gr\u00e1ficos, ficheiros, estrutura e layout deste website est\u00e3o protegidos por direitos de autor e direitos de autor auxiliares. Todos os usos n\u00e3o permitidos pelos direitos de autor alem\u00e3es e pela lei acess\u00f3ria de direitos de autor requerem o consentimento pr\u00e9vio por escrito da nossa associa\u00e7\u00e3o. Isto aplica-se, nomeadamente, \u00e0 duplica\u00e7\u00e3o, edi\u00e7\u00e3o, tradu\u00e7\u00e3o, armazenamento, processamento ou reprodu\u00e7\u00e3o de conte\u00fados em bases de dados ou outros meios e sistemas eletr\u00f3nicos ou outros. A c\u00f3pia n\u00e3o autorizada do conte\u00fado do site ou do website completo n\u00e3o \u00e9 permitida e pun\u00edvel. Este website n\u00e3o pode ser apresentado por terceiros em quadros, iFrames ou de outra forma sem permiss\u00e3o por escrito.<\/p>\n<p>Na medida em que o conte\u00fado desta p\u00e1gina n\u00e3o foi criado por n\u00f3s, os direitos de autor de terceiros s\u00e3o observados. Em particular, o conte\u00fado de terceiros \u00e9 marcado como tal. No entanto, caso tenha conhecimento de uma viola\u00e7\u00e3o de direitos de autor, solicitamos um aviso correspondente. Ao tomar conhecimento de viola\u00e7\u00f5es legais, removeremos imediatamente tais conte\u00fados.<\/p>\n<p>[\/et_pb_accordion_item][\/et_pb_accordion][\/et_pb_column][\/et_pb_row][\/et_pb_section]<\/p>\n","protected":false},"excerpt":{"rendered":"<p>Isen\u00e7\u00e3o de responsabilidadeComo &#8220;plastsave&#8221; Umwelttechnik KG, fornecemos-lhe www.plastsave.de informa\u00e7\u00e3o gratuita e livremente acess\u00edvel no nosso site. Lutamos pelo maior cuidado poss\u00edvel aqui. No entanto, os erros n\u00e3o podem ser completamente exclu\u00eddos. Por conseguinte, n\u00e3o se pode assumir uma responsabilidade ou garantia pela atualidade, corre\u00e7\u00e3o e completude das informa\u00e7\u00f5es fornecidas. Como prestador de servi\u00e7os e como [&hellip;]<\/p>\n","protected":false},"author":1,"featured_media":0,"parent":0,"menu_order":0,"comment_status":"closed","ping_status":"closed","template":"","meta":{"_et_pb_use_builder":"on","_et_pb_old_content":"","_et_gb_content_width":"","footnotes":""},"class_list":["post-26045","page","type-page","status-publish","hentry"],"_links":{"self":[{"href":"https:\/\/plastsave.de\/pt-pt\/wp-json\/wp\/v2\/pages\/26045","targetHints":{"allow":["GET"]}}],"collection":[{"href":"https:\/\/plastsave.de\/pt-pt\/wp-json\/wp\/v2\/pages"}],"about":[{"href":"https:\/\/plastsave.de\/pt-pt\/wp-json\/wp\/v2\/types\/page"}],"author":[{"embeddable":true,"href":"https:\/\/plastsave.de\/pt-pt\/wp-json\/wp\/v2\/users\/1"}],"replies":[{"embeddable":true,"href":"https:\/\/plastsave.de\/pt-pt\/wp-json\/wp\/v2\/comments?post=26045"}],"version-history":[{"count":2,"href":"https:\/\/plastsave.de\/pt-pt\/wp-json\/wp\/v2\/pages\/26045\/revisions"}],"predecessor-version":[{"id":26047,"href":"https:\/\/plastsave.de\/pt-pt\/wp-json\/wp\/v2\/pages\/26045\/revisions\/26047"}],"wp:attachment":[{"href":"https:\/\/plastsave.de\/pt-pt\/wp-json\/wp\/v2\/media?parent=26045"}],"curies":[{"name":"wp","href":"https:\/\/api.w.org\/{rel}","templated":true}]}}