{"id":26048,"date":"2022-02-05T08:56:29","date_gmt":"2022-02-05T07:56:29","guid":{"rendered":"https:\/\/plastsave.de\/impressao\/"},"modified":"2022-06-29T06:12:43","modified_gmt":"2022-06-29T04:12:43","slug":"impressao","status":"publish","type":"page","link":"https:\/\/plastsave.de\/pt-pt\/impressao\/","title":{"rendered":"Impress\u00e3o"},"content":{"rendered":"<p>[et_pb_section fb_built=&#8221;1&#8243; _builder_version=&#8221;4.16&#8243; _module_preset=&#8221;default&#8221; use_background_color_gradient=&#8221;on&#8221; background_color_gradient_stops=&#8221;#4872a1 0%|#0c71c3 100%&#8221; background_color_gradient_start=&#8221;#4872a1&#8243; background_color_gradient_end=&#8221;#0c71c3&#8243; background_image=&#8221;https:\/\/plastsave.de\/wp-content\/uploads\/2021\/10\/circle-background-pattern.png&#8221; custom_padding=&#8221;14px||2px|||&#8221; global_colors_info=&#8221;{}&#8221;][et_pb_row _builder_version=&#8221;4.16&#8243; _module_preset=&#8221;default&#8221; custom_padding=&#8221;13px||10px|||&#8221; global_colors_info=&#8221;{}&#8221;][et_pb_column type=&#8221;4_4&#8243; _builder_version=&#8221;4.16&#8243; _module_preset=&#8221;default&#8221; global_colors_info=&#8221;{}&#8221;][et_pb_text _builder_version=&#8221;4.16&#8243; _module_preset=&#8221;default&#8221; text_font=&#8221;Montserrat|700|||||||&#8221; header_font=&#8221;Montserrat|600|||||||&#8221; header_text_color=&#8221;#FFFFFF&#8221; global_colors_info=&#8221;{}&#8221;]<\/p>\n<h1>Impress\u00e3o<\/h1>\n<p>[\/et_pb_text][et_pb_text _builder_version=&#8221;4.16&#8243; _module_preset=&#8221;default&#8221; text_font=&#8221;Montserrat|700|||||||&#8221; header_font=&#8221;Montserrat|700|||||||&#8221; header_text_color=&#8221;#FFFFFF&#8221; header_font_size=&#8221;40px&#8221; header_2_font=&#8221;Montserrat||||||||&#8221; header_2_text_color=&#8221;#FFFFFF&#8221; header_2_font_size=&#8221;20px&#8221; global_colors_info=&#8221;{}&#8221;]<\/p>\n<h2>Identifica\u00e7\u00e3o do Fornecedor<\/h2>\n<p>[\/et_pb_text][\/et_pb_column][\/et_pb_row][\/et_pb_section][et_pb_section fb_built=&#8221;1&#8243; _builder_version=&#8221;4.16&#8243; _module_preset=&#8221;default&#8221; background_enable_image=&#8221;off&#8221; custom_padding=&#8221;10px||9px|||&#8221; global_colors_info=&#8221;{}&#8221;][et_pb_row _builder_version=&#8221;4.16&#8243; _module_preset=&#8221;default&#8221; global_colors_info=&#8221;{}&#8221;][et_pb_column type=&#8221;4_4&#8243; _builder_version=&#8221;4.16&#8243; _module_preset=&#8221;default&#8221; global_colors_info=&#8221;{}&#8221;][et_pb_text _builder_version=&#8221;4.16&#8243; _module_preset=&#8221;default&#8221; text_font=&#8221;Montserrat|700|||||||&#8221; header_font=&#8221;Montserrat|600|||||||&#8221; header_text_color=&#8221;#000000&#8243; header_font_size=&#8221;25px&#8221; global_colors_info=&#8221;{}&#8221;]<\/p>\n<h1>ID do provedor legal<\/h1>\n<p>[\/et_pb_text][et_pb_text _builder_version=&#8221;4.16&#8243; _module_preset=&#8221;default&#8221; text_font=&#8221;Montserrat|700|||||||&#8221; header_font=&#8221;Montserrat|700|||||||&#8221; header_text_color=&#8221;#FFFFFF&#8221; header_font_size=&#8221;40px&#8221; header_2_font=&#8221;Montserrat||||||||&#8221; header_2_text_color=&#8221;#000000&#8243; header_2_font_size=&#8221;17px&#8221; global_colors_info=&#8221;{}&#8221;]<\/p>\n<h2><span>Este site \u00e9 operado por &#8220;plastsave&#8221; Umwelttechnik KG:<\/span><\/h2>\n<p>[\/et_pb_text][et_pb_text _builder_version=&#8221;4.17.4&#8243; _module_preset=&#8221;default&#8221; text_font=&#8221;Montserrat||||||||&#8221; text_line_height=&#8221;1.2em&#8221; header_font=&#8221;Montserrat|700|||||||&#8221; header_text_color=&#8221;#FFFFFF&#8221; header_font_size=&#8221;40px&#8221; header_2_font=&#8221;Montserrat||||||||&#8221; header_2_text_color=&#8221;#000000&#8243; header_3_font=&#8221;Montserrat||||||||&#8221; header_4_font=&#8221;Montserrat||||||||&#8221; hover_enabled=&#8221;0&#8243; global_colors_info=&#8221;{}&#8221; sticky_enabled=&#8221;0&#8243;]<\/p>\n<p><strong><span style=\"text-decoration: underline;\">Sede da empresa:<\/span><\/strong><\/p>\n<p><span>\u201eplastsave\u201c Umwelttechnik KG<\/span><\/p>\n<p><span>S\u00fcdring 53<\/span><\/p>\n<p><span>D-37079 G\u00f6ttingen, Alemanha<\/span><\/p>\n<p><span><\/span><\/p>\n<p><span>Telefone: +49 (0) 551 \/ 29 17 29 95<\/span><\/p>\n<p><span>Fax: +49 (0) 551 \/ 29 17 29 96<\/span><\/p>\n<p><span>Telem\u00f3vel: +49 (0) 176 \/ 45 85 03 96<\/span><\/p>\n<p><span>Correio: informa\u00e7\u00f5es[at] plastsave.com<\/span><\/p>\n<p>&nbsp;<\/p>\n<p><span>Parceiro autorizado: Ulrich Winkler (s\u00f3cio geral)<\/span><\/p>\n<p><span>Tribunal de Registo Jena: HRA 505802<\/span><\/p>\n<p><span>N\u00famero de Impostos: 159\/161\/19906<\/span><\/p>\n<p><span>IVA-ID: DE345154109<\/span><\/p>\n<p>[\/et_pb_text][et_pb_text _builder_version=&#8221;4.16&#8243; _module_preset=&#8221;default&#8221; text_font=&#8221;Montserrat|600|||||||&#8221; header_font=&#8221;Montserrat|700|||||||&#8221; header_text_color=&#8221;#FFFFFF&#8221; header_font_size=&#8221;40px&#8221; header_2_font=&#8221;Montserrat||||||||&#8221; header_2_text_color=&#8221;#000000&#8243; header_3_font=&#8221;Montserrat||||||||&#8221; header_4_font=&#8221;Montserrat||||||||&#8221; header_6_font=&#8221;Montserrat||||||||&#8221; global_colors_info=&#8221;{}&#8221;]<\/p>\n<p><span>Ao contactar-nos, os dados transmitidos por si tamb\u00e9m podem ser armazenados eletronicamente para efeitos de posterior processamento. Ao enviar os dados, concorda.<\/span><\/p>\n<p>[\/et_pb_text][\/et_pb_column][\/et_pb_row][\/et_pb_section][et_pb_section fb_built=&#8221;1&#8243; _builder_version=&#8221;4.16&#8243; _module_preset=&#8221;default&#8221; background_color=&#8221;#f7f7f7&#8243; background_image=&#8221;https:\/\/plastsave.de\/wp-content\/uploads\/2021\/10\/circle-background-pattern.png&#8221; custom_padding=&#8221;8px||11px|||&#8221; global_colors_info=&#8221;{}&#8221;][et_pb_row _builder_version=&#8221;4.16&#8243; _module_preset=&#8221;default&#8221; global_colors_info=&#8221;{}&#8221;][et_pb_column type=&#8221;4_4&#8243; _builder_version=&#8221;4.16&#8243; _module_preset=&#8221;default&#8221; global_colors_info=&#8221;{}&#8221;][et_pb_accordion icon_color=&#8221;#000000&#8243; _builder_version=&#8221;4.16&#8243; _module_preset=&#8221;default&#8221; global_colors_info=&#8221;{}&#8221;][et_pb_accordion_item title=&#8221;Procedimento de arbitragem dos consumidores&#8221; open=&#8221;on&#8221; _builder_version=&#8221;4.16&#8243; _module_preset=&#8221;default&#8221; body_font=&#8221;Montserrat||||||||&#8221; body_text_align=&#8221;justify&#8221; background_color=&#8221;RGBA(0,0,0,0)&#8221; background_enable_color=&#8221;on&#8221; global_colors_info=&#8221;{}&#8221; toggle_level=&#8221;h2&#8243; toggle_font=&#8221;Montserrat|600|||||||&#8221; toggle_font_size=&#8221;17px&#8221;]<\/p>\n<p>Plataforma da Comiss\u00e3o da UE para resolu\u00e7\u00e3o de lit\u00edgios online: www.ec.europa.eu\/consumers\/odr<\/p>\n<p>Tamb\u00e9m salientamos, de acordo com o \u00a7 36 VSBG, que <em>n\u00e3o participamos<\/em> nos procedimentos de arbitragem dos consumidores relevantes.<\/p>\n<p>[\/et_pb_accordion_item][et_pb_accordion_item title=&#8221;Isen\u00e7\u00e3o de responsabilidade&#8221; _builder_version=&#8221;4.16&#8243; _module_preset=&#8221;default&#8221; body_text_align=&#8221;justify&#8221; background_color=&#8221;RGBA(0,0,0,0)&#8221; background_enable_color=&#8221;on&#8221; global_colors_info=&#8221;{}&#8221; toggle_level=&#8221;h2&#8243; toggle_font=&#8221;Montserrat|600|||||||&#8221; toggle_font_size=&#8221;17px&#8221; open=&#8221;off&#8221;]<\/p>\n<p>A visita e utiliza\u00e7\u00e3o do nosso website para informa\u00e7\u00e3o sobre uma futura \u00e1rea de neg\u00f3cio de fornecimentos e servi\u00e7os ambientais ocorre atrav\u00e9s de livre arb\u00edtrio. O nosso site \u00e9 geralmente visitado sem registo. Os dados pessoais, nomeadamente nomes, endere\u00e7os e endere\u00e7os de e-mail s\u00e3o trocados voluntariamente ap\u00f3s a rece\u00e7\u00e3o de uma rela\u00e7\u00e3o comercial entre a &#8220;plastsave&#8221; Umwelttechnik KG e o utilizador das entregas e servi\u00e7os oferecidos. Os dados trocados s\u00e3o utilizados para o respetivo tratamento da encomenda, bem como fatura\u00e7\u00e3o, entrega e todas as partes de fatura\u00e7\u00e3o comercial e processamento de neg\u00f3cios e podem ser eliminados a pedido do cliente ap\u00f3s o fim de uma respetiva rela\u00e7\u00e3o comercial, se a rela\u00e7\u00e3o comercial n\u00e3o for prosseguida.<\/p>\n<p>Isto significa prote\u00e7\u00e3o de dados para n\u00f3s: Al\u00e9m das especifica\u00e7\u00f5es t\u00e9cnicas, os seus dados s\u00e3o a base de uma rela\u00e7\u00e3o comercial geral. Para que estes sejam usados como de costume, \u00e9 necess\u00e1ria a sua permiss\u00e3o exclusiva. Os dados pessoais s\u00e3o qualquer informa\u00e7\u00e3o relacionada com uma pessoa singular identificada ou identific\u00e1vel (titular dos dados), ou seja, pode ser identificada com conhecimentos adicionais (nomes\/conhecimento\/caracter\u00edsticas especiais, etc.).<\/p>\n<p>Ap\u00f3s o in\u00edcio da implementa\u00e7\u00e3o da oferta planeada de fornecimentos e servi\u00e7os ambientais, os requisitos prim\u00e1rios necess\u00e1rios, tais como: notifica\u00e7\u00f5es e obriga\u00e7\u00f5es de informa\u00e7\u00e3o, obriga\u00e7\u00e3o de fornecer informa\u00e7\u00f5es, corre\u00e7\u00e3o, bloqueio, supress\u00e3o e o direito a ser esquecido, bem como o direito \u00e0 portabilidade dos dados ser\u00e3o rigorosamente implementados pelo respons\u00e1vel pela prote\u00e7\u00e3o de dados designado e instalado neste dia na ace\u00e7\u00e3o do RGPD.<\/p>\n<p>[\/et_pb_accordion_item][\/et_pb_accordion][\/et_pb_column][\/et_pb_row][\/et_pb_section]<\/p>\n","protected":false},"excerpt":{"rendered":"<p>Impress\u00e3oIdentifica\u00e7\u00e3o do FornecedorID do provedor legalEste site \u00e9 operado por &#8220;plastsave&#8221; Umwelttechnik KG:Sede da empresa: \u201eplastsave\u201c Umwelttechnik KG S\u00fcdring 53 D-37079 G\u00f6ttingen, Alemanha Telefone: +49 (0) 551 \/ 29 17 29 95 Fax: +49 (0) 551 \/ 29 17 29 96 Telem\u00f3vel: +49 (0) 176 \/ 45 85 03 96 Correio: informa\u00e7\u00f5es[at] plastsave.com &nbsp; Parceiro [&hellip;]<\/p>\n","protected":false},"author":1,"featured_media":0,"parent":0,"menu_order":0,"comment_status":"closed","ping_status":"closed","template":"","meta":{"_et_pb_use_builder":"on","_et_pb_old_content":"","_et_gb_content_width":"","footnotes":""},"class_list":["post-26048","page","type-page","status-publish","hentry"],"_links":{"self":[{"href":"https:\/\/plastsave.de\/pt-pt\/wp-json\/wp\/v2\/pages\/26048","targetHints":{"allow":["GET"]}}],"collection":[{"href":"https:\/\/plastsave.de\/pt-pt\/wp-json\/wp\/v2\/pages"}],"about":[{"href":"https:\/\/plastsave.de\/pt-pt\/wp-json\/wp\/v2\/types\/page"}],"author":[{"embeddable":true,"href":"https:\/\/plastsave.de\/pt-pt\/wp-json\/wp\/v2\/users\/1"}],"replies":[{"embeddable":true,"href":"https:\/\/plastsave.de\/pt-pt\/wp-json\/wp\/v2\/comments?post=26048"}],"version-history":[{"count":8,"href":"https:\/\/plastsave.de\/pt-pt\/wp-json\/wp\/v2\/pages\/26048\/revisions"}],"predecessor-version":[{"id":26117,"href":"https:\/\/plastsave.de\/pt-pt\/wp-json\/wp\/v2\/pages\/26048\/revisions\/26117"}],"wp:attachment":[{"href":"https:\/\/plastsave.de\/pt-pt\/wp-json\/wp\/v2\/media?parent=26048"}],"curies":[{"name":"wp","href":"https:\/\/api.w.org\/{rel}","templated":true}]}}